{"id":4691,"date":"2023-01-10T11:56:33","date_gmt":"2023-01-10T16:56:33","guid":{"rendered":"https:\/\/smpengineeredsolutions.com\/?page_id=4691"},"modified":"2025-03-12T13:55:31","modified_gmt":"2025-03-12T17:55:31","slug":"leistungsverteiler","status":"publish","type":"page","link":"https:\/\/www.smpengineeredsolutions.com\/de\/produkte\/leistungsverteiler\/","title":{"rendered":"Leistungsverteiler"},"content":{"rendered":"<h2>Industrielle Energieverteilung<\/h2>\n<p>Stromverteilungsprodukte sind eine wichtige Komponente in Industrie- und Automobilsystemen, die einen zuverl\u00e4ssigen Start- und Stromflussbetrieb gew\u00e4hrleisten. SMP\u00ae Engineered Solutions bietet ein umfangreiches Sortiment an \u00e4u\u00dferst anpassungsf\u00e4higen, branchenf\u00fchrenden Stromverteilungsprodukten. Wir liefern insbesondere Gleichstromsch\u00fctze, Industriemagnete und Spannungsregler f\u00fcr eine Vielzahl von M\u00e4rkten und Branchen. Diese kritischen Komponenten sind so konstruiert, dass sie auch unter den h\u00e4rtesten Bedingungen funktionieren und ein Leben lang halten.<\/p>\n<h3>Wesentliche Merkmale<\/h3>\n<p><img loading=\"lazy\" decoding=\"async\" class=\"alignnone wp-image-7819\" src=\"https:\/\/www.smpengineeredsolutions.com\/wp-content\/uploads\/Power-Distribution-Feature-German-500x111.png\" alt=\"Core Feature of Power Distribution from SMP Engineered Solutions.\" width=\"1226\" height=\"272\" srcset=\"https:\/\/www.smpengineeredsolutions.com\/wp-content\/uploads\/Power-Distribution-Feature-German-500x111.png 500w, https:\/\/www.smpengineeredsolutions.com\/wp-content\/uploads\/Power-Distribution-Feature-German-1024x228.png 1024w, https:\/\/www.smpengineeredsolutions.com\/wp-content\/uploads\/Power-Distribution-Feature-German-768x171.png 768w, https:\/\/www.smpengineeredsolutions.com\/wp-content\/uploads\/Power-Distribution-Feature-German-1536x342.png 1536w, https:\/\/www.smpengineeredsolutions.com\/wp-content\/uploads\/Power-Distribution-Feature-German-2048x456.png 2048w\" sizes=\"auto, (max-width: 1226px) 100vw, 1226px\" \/><\/p>\n<h3>H\u00e4ufigste Anwendung<\/h3>\n<ul>\n<li>Landwirtschaft<\/li>\n<li>Bauwesen<\/li>\n<li>Schwerlastkraftwagen<\/li>\n<li>Landstra\u00dfen- und Gel\u00e4ndefahrzeuge<\/li>\n<li>Rasen und Garten<\/li>\n<li>Mobile und station\u00e4re Ger\u00e4te<\/li>\n<\/ul>\n<h4>H\u00e4ufig gestellte Fragen<\/h4>\n<p><strong>Was sind die wichtigsten Komponenten eines Stromverteilungssystems?<\/strong><\/p>\n<p>Zu den wichtigsten Komponenten unseres Stromverteilungssystems geh\u00f6ren Gleichstromsch\u00fctze, Halbleiterrelais und Stromverteilungsmodule.<\/p>\n<p><strong>Welche Faktoren sollten bei der Auswahl einer Stromverteilungsl\u00f6sung ber\u00fccksichtigt werden?<\/strong><\/p>\n<p>Einschaltstrom, Nennstrom, Absicherung<\/p>\n<p><strong>Wie sind Stromverteilungssysteme so konzipiert, dass sie rauen Umgebungen standhalten?<\/strong><\/p>\n<p>Alle Stromverteiler von SMP Engineered Solution werden unter extremen Temperaturbedingungen getestet, zum Schutz wichtiger Komponenten versiegelt und es werden nur Komponenten h\u00f6chster Qualit\u00e4t verwendet.<\/p>\n<p><a href=\"https:\/\/www.smpengineeredsolutions.com\/de\/kontakt\/\">Kontaktieren<\/a> Sie uns f\u00fcr weitere Informationen.<\/p>\n","protected":false},"excerpt":{"rendered":"<p>Industrielle Energieverteilung Stromverteilungsprodukte sind eine wichtige Komponente in Industrie- und Automobilsystemen, die einen zuverl\u00e4ssigen Start- und Stromflussbetrieb gew\u00e4hrleisten. SMP\u00ae Engineered Solutions bietet ein umfangreiches Sortiment an \u00e4u\u00dferst anpassungsf\u00e4higen, branchenf\u00fchrenden Stromverteilungsprodukten. Wir liefern insbesondere Gleichstromsch\u00fctze, Industriemagnete und Spannungsregler f\u00fcr eine Vielzahl von M\u00e4rkten und Branchen. Diese kritischen Komponenten sind so konstruiert, dass sie auch unter den&#8230; [&#8230;]<\/p>\n<p><a class=\"btn btn-secondary understrap-read-more-link\" href=\"https:\/\/www.smpengineeredsolutions.com\/de\/produkte\/leistungsverteiler\/\">Weiterlesen&#8230;<\/a><\/p>\n","protected":false},"author":27,"featured_media":0,"parent":4643,"menu_order":0,"comment_status":"closed","ping_status":"closed","template":"page-templates\/power-distribution-bucket.php","meta":{"_acf_changed":false,"inline_featured_image":false,"footnotes":""},"class_list":["post-4691","page","type-page","status-publish","hentry"],"featured_image_src":null,"acf":[],"yoast_head":"<!-- This site is optimized with the Yoast SEO Premium plugin v27.5 (Yoast SEO v27.5) - https:\/\/yoast.com\/product\/yoast-seo-premium-wordpress\/ -->\n<title>Stromverteilungsl\u00f6sungen | Standard Motor Products, Inc.<\/title>\n<meta name=\"description\" content=\"Entdecken Sie die Stromverteilungsl\u00f6sungen von SMP Engineering f\u00fcr Industrie- und Automobilanwendungen, die f\u00fcr ein effizientes und zuverl\u00e4ssiges Strommanagement entwickelt wurden.\" \/>\n<meta name=\"robots\" content=\"index, follow, max-snippet:-1, max-image-preview:large, max-video-preview:-1\" \/>\n<link rel=\"canonical\" href=\"https:\/\/www.smpengineeredsolutions.com\/de\/produkte\/leistungsverteiler\/\" \/>\n<meta property=\"og:locale\" content=\"de_DE\" \/>\n<meta property=\"og:type\" content=\"article\" \/>\n<meta property=\"og:title\" content=\"Leistungsverteiler\" \/>\n<meta property=\"og:description\" content=\"Entdecken Sie die Stromverteilungsl\u00f6sungen von SMP Engineering f\u00fcr Industrie- und Automobilanwendungen, die f\u00fcr ein effizientes und zuverl\u00e4ssiges Strommanagement entwickelt wurden.\" \/>\n<meta property=\"og:url\" content=\"https:\/\/www.smpengineeredsolutions.com\/de\/produkte\/leistungsverteiler\/\" \/>\n<meta property=\"og:site_name\" content=\"Standard Motor Products, Inc.\" \/>\n<meta property=\"article:modified_time\" content=\"2025-03-12T17:55:31+00:00\" \/>\n<meta property=\"og:image\" content=\"https:\/\/www.smpengineeredsolutions.com\/wp-content\/uploads\/Power-Distribution-Feature-German-500x111.png\" \/>\n<meta name=\"twitter:label1\" content=\"Gesch\u00e4tzte Lesezeit\" \/>\n\t<meta name=\"twitter:data1\" content=\"1\u00a0Minute\" \/>\n<script type=\"application\/ld+json\" class=\"yoast-schema-graph\">{\"@context\":\"https:\\\/\\\/schema.org\",\"@graph\":[{\"@type\":\"WebPage\",\"@id\":\"https:\\\/\\\/www.smpengineeredsolutions.com\\\/de\\\/produkte\\\/leistungsverteiler\\\/\",\"url\":\"https:\\\/\\\/www.smpengineeredsolutions.com\\\/de\\\/produkte\\\/leistungsverteiler\\\/\",\"name\":\"Stromverteilungsl\u00f6sungen | Standard Motor Products, Inc.\",\"isPartOf\":{\"@id\":\"https:\\\/\\\/www.smpengineeredsolutions.com\\\/de\\\/#website\"},\"primaryImageOfPage\":{\"@id\":\"https:\\\/\\\/www.smpengineeredsolutions.com\\\/de\\\/produkte\\\/leistungsverteiler\\\/#primaryimage\"},\"image\":{\"@id\":\"https:\\\/\\\/www.smpengineeredsolutions.com\\\/de\\\/produkte\\\/leistungsverteiler\\\/#primaryimage\"},\"thumbnailUrl\":\"https:\\\/\\\/www.smpengineeredsolutions.com\\\/wp-content\\\/uploads\\\/Power-Distribution-Feature-German-500x111.png\",\"datePublished\":\"2023-01-10T16:56:33+00:00\",\"dateModified\":\"2025-03-12T17:55:31+00:00\",\"description\":\"Entdecken Sie die Stromverteilungsl\u00f6sungen von SMP Engineering f\u00fcr Industrie- und Automobilanwendungen, die f\u00fcr ein effizientes und zuverl\u00e4ssiges Strommanagement entwickelt wurden.\",\"breadcrumb\":{\"@id\":\"https:\\\/\\\/www.smpengineeredsolutions.com\\\/de\\\/produkte\\\/leistungsverteiler\\\/#breadcrumb\"},\"inLanguage\":\"de\",\"potentialAction\":[{\"@type\":\"ReadAction\",\"target\":[\"https:\\\/\\\/www.smpengineeredsolutions.com\\\/de\\\/produkte\\\/leistungsverteiler\\\/\"]}]},{\"@type\":\"ImageObject\",\"inLanguage\":\"de\",\"@id\":\"https:\\\/\\\/www.smpengineeredsolutions.com\\\/de\\\/produkte\\\/leistungsverteiler\\\/#primaryimage\",\"url\":\"https:\\\/\\\/www.smpengineeredsolutions.com\\\/wp-content\\\/uploads\\\/Power-Distribution-Feature-German-500x111.png\",\"contentUrl\":\"https:\\\/\\\/www.smpengineeredsolutions.com\\\/wp-content\\\/uploads\\\/Power-Distribution-Feature-German-500x111.png\"},{\"@type\":\"BreadcrumbList\",\"@id\":\"https:\\\/\\\/www.smpengineeredsolutions.com\\\/de\\\/produkte\\\/leistungsverteiler\\\/#breadcrumb\",\"itemListElement\":[{\"@type\":\"ListItem\",\"position\":1,\"name\":\"Home\",\"item\":\"https:\\\/\\\/www.smpengineeredsolutions.com\\\/de\\\/\"},{\"@type\":\"ListItem\",\"position\":2,\"name\":\"Produkte\",\"item\":\"https:\\\/\\\/www.sitemaps.smpengineeredsolutions.com\\\/de\\\/produkte\\\/\"},{\"@type\":\"ListItem\",\"position\":3,\"name\":\"Leistungsverteiler\"}]},{\"@type\":\"WebSite\",\"@id\":\"https:\\\/\\\/www.smpengineeredsolutions.com\\\/de\\\/#website\",\"url\":\"https:\\\/\\\/www.smpengineeredsolutions.com\\\/de\\\/\",\"name\":\"Standard Motor Products, Inc.\",\"description\":\"\",\"publisher\":{\"@id\":\"https:\\\/\\\/www.smpengineeredsolutions.com\\\/de\\\/#organization\"},\"potentialAction\":[{\"@type\":\"SearchAction\",\"target\":{\"@type\":\"EntryPoint\",\"urlTemplate\":\"https:\\\/\\\/www.smpengineeredsolutions.com\\\/de\\\/?s={search_term_string}\"},\"query-input\":{\"@type\":\"PropertyValueSpecification\",\"valueRequired\":true,\"valueName\":\"search_term_string\"}}],\"inLanguage\":\"de\"},{\"@type\":\"Organization\",\"@id\":\"https:\\\/\\\/www.smpengineeredsolutions.com\\\/de\\\/#organization\",\"name\":\"SMP\u00ae Engineered Solutions\",\"url\":\"https:\\\/\\\/www.smpengineeredsolutions.com\\\/de\\\/\",\"logo\":{\"@type\":\"ImageObject\",\"inLanguage\":\"de\",\"@id\":\"https:\\\/\\\/www.smpengineeredsolutions.com\\\/de\\\/#\\\/schema\\\/logo\\\/image\\\/\",\"url\":\"https:\\\/\\\/www.a.smpengineeredsolutions.com\\\/wp-content\\\/uploads\\\/smp-logo.png\",\"contentUrl\":\"https:\\\/\\\/www.a.smpengineeredsolutions.com\\\/wp-content\\\/uploads\\\/smp-logo.png\",\"width\":264,\"height\":117,\"caption\":\"SMP\u00ae Engineered Solutions\"},\"image\":{\"@id\":\"https:\\\/\\\/www.smpengineeredsolutions.com\\\/de\\\/#\\\/schema\\\/logo\\\/image\\\/\"},\"sameAs\":[\"https:\\\/\\\/www.youtube.com\\\/@StandardMotorProductsInc\",\"https:\\\/\\\/www.linkedin.com\\\/company\\\/standard-motor-products\"]}]}<\/script>\n<!-- \/ Yoast SEO Premium plugin. -->","yoast_head_json":{"title":"Stromverteilungsl\u00f6sungen | Standard Motor Products, Inc.","description":"Entdecken Sie die Stromverteilungsl\u00f6sungen von SMP Engineering f\u00fcr Industrie- und Automobilanwendungen, die f\u00fcr ein effizientes und zuverl\u00e4ssiges Strommanagement entwickelt wurden.","robots":{"index":"index","follow":"follow","max-snippet":"max-snippet:-1","max-image-preview":"max-image-preview:large","max-video-preview":"max-video-preview:-1"},"canonical":"https:\/\/www.smpengineeredsolutions.com\/de\/produkte\/leistungsverteiler\/","og_locale":"de_DE","og_type":"article","og_title":"Leistungsverteiler","og_description":"Entdecken Sie die Stromverteilungsl\u00f6sungen von SMP Engineering f\u00fcr Industrie- und Automobilanwendungen, die f\u00fcr ein effizientes und zuverl\u00e4ssiges Strommanagement entwickelt wurden.","og_url":"https:\/\/www.smpengineeredsolutions.com\/de\/produkte\/leistungsverteiler\/","og_site_name":"Standard Motor Products, Inc.","article_modified_time":"2025-03-12T17:55:31+00:00","og_image":[{"url":"https:\/\/www.smpengineeredsolutions.com\/wp-content\/uploads\/Power-Distribution-Feature-German-500x111.png","type":"","width":"","height":""}],"twitter_misc":{"Gesch\u00e4tzte Lesezeit":"1\u00a0Minute"},"schema":{"@context":"https:\/\/schema.org","@graph":[{"@type":"WebPage","@id":"https:\/\/www.smpengineeredsolutions.com\/de\/produkte\/leistungsverteiler\/","url":"https:\/\/www.smpengineeredsolutions.com\/de\/produkte\/leistungsverteiler\/","name":"Stromverteilungsl\u00f6sungen | Standard Motor Products, Inc.","isPartOf":{"@id":"https:\/\/www.smpengineeredsolutions.com\/de\/#website"},"primaryImageOfPage":{"@id":"https:\/\/www.smpengineeredsolutions.com\/de\/produkte\/leistungsverteiler\/#primaryimage"},"image":{"@id":"https:\/\/www.smpengineeredsolutions.com\/de\/produkte\/leistungsverteiler\/#primaryimage"},"thumbnailUrl":"https:\/\/www.smpengineeredsolutions.com\/wp-content\/uploads\/Power-Distribution-Feature-German-500x111.png","datePublished":"2023-01-10T16:56:33+00:00","dateModified":"2025-03-12T17:55:31+00:00","description":"Entdecken Sie die Stromverteilungsl\u00f6sungen von SMP Engineering f\u00fcr Industrie- und Automobilanwendungen, die f\u00fcr ein effizientes und zuverl\u00e4ssiges Strommanagement entwickelt wurden.","breadcrumb":{"@id":"https:\/\/www.smpengineeredsolutions.com\/de\/produkte\/leistungsverteiler\/#breadcrumb"},"inLanguage":"de","potentialAction":[{"@type":"ReadAction","target":["https:\/\/www.smpengineeredsolutions.com\/de\/produkte\/leistungsverteiler\/"]}]},{"@type":"ImageObject","inLanguage":"de","@id":"https:\/\/www.smpengineeredsolutions.com\/de\/produkte\/leistungsverteiler\/#primaryimage","url":"https:\/\/www.smpengineeredsolutions.com\/wp-content\/uploads\/Power-Distribution-Feature-German-500x111.png","contentUrl":"https:\/\/www.smpengineeredsolutions.com\/wp-content\/uploads\/Power-Distribution-Feature-German-500x111.png"},{"@type":"BreadcrumbList","@id":"https:\/\/www.smpengineeredsolutions.com\/de\/produkte\/leistungsverteiler\/#breadcrumb","itemListElement":[{"@type":"ListItem","position":1,"name":"Home","item":"https:\/\/www.smpengineeredsolutions.com\/de\/"},{"@type":"ListItem","position":2,"name":"Produkte","item":"https:\/\/www.sitemaps.smpengineeredsolutions.com\/de\/produkte\/"},{"@type":"ListItem","position":3,"name":"Leistungsverteiler"}]},{"@type":"WebSite","@id":"https:\/\/www.smpengineeredsolutions.com\/de\/#website","url":"https:\/\/www.smpengineeredsolutions.com\/de\/","name":"Standard Motor Products, Inc.","description":"","publisher":{"@id":"https:\/\/www.smpengineeredsolutions.com\/de\/#organization"},"potentialAction":[{"@type":"SearchAction","target":{"@type":"EntryPoint","urlTemplate":"https:\/\/www.smpengineeredsolutions.com\/de\/?s={search_term_string}"},"query-input":{"@type":"PropertyValueSpecification","valueRequired":true,"valueName":"search_term_string"}}],"inLanguage":"de"},{"@type":"Organization","@id":"https:\/\/www.smpengineeredsolutions.com\/de\/#organization","name":"SMP\u00ae Engineered Solutions","url":"https:\/\/www.smpengineeredsolutions.com\/de\/","logo":{"@type":"ImageObject","inLanguage":"de","@id":"https:\/\/www.smpengineeredsolutions.com\/de\/#\/schema\/logo\/image\/","url":"https:\/\/www.a.smpengineeredsolutions.com\/wp-content\/uploads\/smp-logo.png","contentUrl":"https:\/\/www.a.smpengineeredsolutions.com\/wp-content\/uploads\/smp-logo.png","width":264,"height":117,"caption":"SMP\u00ae Engineered Solutions"},"image":{"@id":"https:\/\/www.smpengineeredsolutions.com\/de\/#\/schema\/logo\/image\/"},"sameAs":["https:\/\/www.youtube.com\/@StandardMotorProductsInc","https:\/\/www.linkedin.com\/company\/standard-motor-products"]}]}},"_links":{"self":[{"href":"https:\/\/www.smpengineeredsolutions.com\/de\/wp-json\/wp\/v2\/pages\/4691","targetHints":{"allow":["GET"]}}],"collection":[{"href":"https:\/\/www.smpengineeredsolutions.com\/de\/wp-json\/wp\/v2\/pages"}],"about":[{"href":"https:\/\/www.smpengineeredsolutions.com\/de\/wp-json\/wp\/v2\/types\/page"}],"author":[{"embeddable":true,"href":"https:\/\/www.smpengineeredsolutions.com\/de\/wp-json\/wp\/v2\/users\/27"}],"replies":[{"embeddable":true,"href":"https:\/\/www.smpengineeredsolutions.com\/de\/wp-json\/wp\/v2\/comments?post=4691"}],"version-history":[{"count":5,"href":"https:\/\/www.smpengineeredsolutions.com\/de\/wp-json\/wp\/v2\/pages\/4691\/revisions"}],"predecessor-version":[{"id":7824,"href":"https:\/\/www.smpengineeredsolutions.com\/de\/wp-json\/wp\/v2\/pages\/4691\/revisions\/7824"}],"up":[{"embeddable":true,"href":"https:\/\/www.smpengineeredsolutions.com\/de\/wp-json\/wp\/v2\/pages\/4643"}],"wp:attachment":[{"href":"https:\/\/www.smpengineeredsolutions.com\/de\/wp-json\/wp\/v2\/media?parent=4691"}],"curies":[{"name":"wp","href":"https:\/\/api.w.org\/{rel}","templated":true}]}}