{"id":4689,"date":"2023-01-09T13:56:53","date_gmt":"2023-01-09T18:56:53","guid":{"rendered":"https:\/\/smpengineeredsolutions.com\/?page_id=4689"},"modified":"2023-09-11T10:38:16","modified_gmt":"2023-09-11T10:38:16","slug":"temperaturschalter-und-sensorkombinationen","status":"publish","type":"page","link":"https:\/\/www.smpengineeredsolutions.com\/de\/produkte\/schalter\/temperaturschalter-und-sensorkombinationen\/","title":{"rendered":"Temperaturschalter- und -sensorkombinationen"},"content":{"rendered":"<h2>Temperaturschalter<\/h2>\n<p>Temperaturschalter sind Ger\u00e4te, die die Temperatur von Fl\u00fcssigkeiten \u00fcberwachen, um:<\/p>\n<ul>\n<li>den Schutz der verschiedenen Systeme vor \u00dcberhitzung gew\u00e4hrleisten, um eine lange Lebensdauer sicherzustellen<\/li>\n<li>die Aktivierung und Deaktivierung von Ger\u00e4ten steuern, um Sch\u00e4den durch sehr hohe oder sehr niedrige Temperaturen zu vermeiden<\/li>\n<li>das elektrische Gebl\u00e4se (L\u00fcfter), Warnleuchten oder Alarme zu aktivieren<\/li>\n<\/ul>\n<p>&nbsp;<\/p>\n<div class=\"text-center\"><a class=\"lightbox\" href=\"\/wp-content\/uploads\/tempswitch1.png\"><img decoding=\"async\" title=\"Temperaturschalter\" src=\"\/wp-content\/uploads\/tempswitch1.png\" alt=\"Temperaturschalter\" \/><\/a><\/div>\n<p>Die Temperaturschalter sind mit den folgenden Kontaktkonfigurationen erh\u00e4ltlich:<\/p>\n<ul>\n<li>Im Ruhezustand geschlossen (NC)<\/li>\n<li>Im Ruhezustand offen (NO)<\/li>\n<li>Einpoliger Wechselschalter<\/li>\n<\/ul>\n","protected":false},"excerpt":{"rendered":"<p>Temperaturschalter Temperaturschalter sind Ger\u00e4te, die die Temperatur von Fl\u00fcssigkeiten \u00fcberwachen, um: den Schutz der verschiedenen Systeme vor \u00dcberhitzung gew\u00e4hrleisten, um eine lange Lebensdauer sicherzustellen die Aktivierung und Deaktivierung von Ger\u00e4ten steuern, um Sch\u00e4den durch sehr hohe oder sehr niedrige Temperaturen zu vermeiden das elektrische Gebl\u00e4se (L\u00fcfter), Warnleuchten oder Alarme zu aktivieren &nbsp; Die Temperaturschalter sind&#8230; [&#8230;]<\/p>\n<p><a class=\"btn btn-secondary understrap-read-more-link\" href=\"https:\/\/www.smpengineeredsolutions.com\/de\/produkte\/schalter\/temperaturschalter-und-sensorkombinationen\/\">Weiterlesen&#8230;<\/a><\/p>\n","protected":false},"author":27,"featured_media":0,"parent":4683,"menu_order":0,"comment_status":"closed","ping_status":"closed","template":"page-templates\/destination-content.php","meta":{"_acf_changed":false,"inline_featured_image":false,"footnotes":""},"class_list":["post-4689","page","type-page","status-publish","hentry"],"featured_image_src":null,"acf":[],"yoast_head":"<!-- This site is optimized with the Yoast SEO Premium plugin v27.5 (Yoast SEO v27.5) - https:\/\/yoast.com\/product\/yoast-seo-premium-wordpress\/ -->\n<title>Temperaturschalter- und -sensorkombinationen - Standard Motor Products, Inc.<\/title>\n<meta name=\"robots\" content=\"index, follow, max-snippet:-1, max-image-preview:large, max-video-preview:-1\" \/>\n<link rel=\"canonical\" href=\"https:\/\/www.smpengineeredsolutions.com\/de\/produkte\/schalter\/temperaturschalter-und-sensorkombinationen\/\" \/>\n<meta property=\"og:locale\" content=\"de_DE\" \/>\n<meta property=\"og:type\" content=\"article\" \/>\n<meta property=\"og:title\" content=\"Temperaturschalter- und -sensorkombinationen\" \/>\n<meta property=\"og:description\" content=\"Temperaturschalter Temperaturschalter sind Ger\u00e4te, die die Temperatur von Fl\u00fcssigkeiten \u00fcberwachen, um: den Schutz der verschiedenen Systeme vor \u00dcberhitzung gew\u00e4hrleisten, um eine lange Lebensdauer sicherzustellen die Aktivierung und Deaktivierung von Ger\u00e4ten steuern, um Sch\u00e4den durch sehr hohe oder sehr niedrige Temperaturen zu vermeiden das elektrische Gebl\u00e4se (L\u00fcfter), Warnleuchten oder Alarme zu aktivieren &nbsp; Die Temperaturschalter sind... [...]Weiterlesen...\" \/>\n<meta property=\"og:url\" content=\"https:\/\/www.smpengineeredsolutions.com\/de\/produkte\/schalter\/temperaturschalter-und-sensorkombinationen\/\" \/>\n<meta property=\"og:site_name\" content=\"Standard Motor Products, Inc.\" \/>\n<meta property=\"article:modified_time\" content=\"2023-09-11T10:38:16+00:00\" \/>\n<meta name=\"twitter:label1\" content=\"Gesch\u00e4tzte Lesezeit\" \/>\n\t<meta name=\"twitter:data1\" content=\"1\u00a0Minute\" \/>\n<script type=\"application\/ld+json\" class=\"yoast-schema-graph\">{\"@context\":\"https:\\\/\\\/schema.org\",\"@graph\":[{\"@type\":\"WebPage\",\"@id\":\"https:\\\/\\\/www.smpengineeredsolutions.com\\\/de\\\/produkte\\\/schalter\\\/temperaturschalter-und-sensorkombinationen\\\/\",\"url\":\"https:\\\/\\\/www.smpengineeredsolutions.com\\\/de\\\/produkte\\\/schalter\\\/temperaturschalter-und-sensorkombinationen\\\/\",\"name\":\"Temperaturschalter- und -sensorkombinationen - Standard Motor Products, Inc.\",\"isPartOf\":{\"@id\":\"https:\\\/\\\/www.smpengineeredsolutions.com\\\/de\\\/#website\"},\"datePublished\":\"2023-01-09T18:56:53+00:00\",\"dateModified\":\"2023-09-11T10:38:16+00:00\",\"breadcrumb\":{\"@id\":\"https:\\\/\\\/www.smpengineeredsolutions.com\\\/de\\\/produkte\\\/schalter\\\/temperaturschalter-und-sensorkombinationen\\\/#breadcrumb\"},\"inLanguage\":\"de\",\"potentialAction\":[{\"@type\":\"ReadAction\",\"target\":[\"https:\\\/\\\/www.smpengineeredsolutions.com\\\/de\\\/produkte\\\/schalter\\\/temperaturschalter-und-sensorkombinationen\\\/\"]}]},{\"@type\":\"BreadcrumbList\",\"@id\":\"https:\\\/\\\/www.smpengineeredsolutions.com\\\/de\\\/produkte\\\/schalter\\\/temperaturschalter-und-sensorkombinationen\\\/#breadcrumb\",\"itemListElement\":[{\"@type\":\"ListItem\",\"position\":1,\"name\":\"Home\",\"item\":\"https:\\\/\\\/www.smpengineeredsolutions.com\\\/de\\\/\"},{\"@type\":\"ListItem\",\"position\":2,\"name\":\"Produkte\",\"item\":\"https:\\\/\\\/www.sitemaps.smpengineeredsolutions.com\\\/de\\\/produkte\\\/\"},{\"@type\":\"ListItem\",\"position\":3,\"name\":\"Schalter\",\"item\":\"https:\\\/\\\/www.tcp.smpengineeredsolutions.com\\\/de\\\/produkte\\\/schalter\\\/\"},{\"@type\":\"ListItem\",\"position\":4,\"name\":\"Temperaturschalter- und -sensorkombinationen\"}]},{\"@type\":\"WebSite\",\"@id\":\"https:\\\/\\\/www.smpengineeredsolutions.com\\\/de\\\/#website\",\"url\":\"https:\\\/\\\/www.smpengineeredsolutions.com\\\/de\\\/\",\"name\":\"Standard Motor Products, Inc.\",\"description\":\"\",\"publisher\":{\"@id\":\"https:\\\/\\\/www.smpengineeredsolutions.com\\\/de\\\/#organization\"},\"potentialAction\":[{\"@type\":\"SearchAction\",\"target\":{\"@type\":\"EntryPoint\",\"urlTemplate\":\"https:\\\/\\\/www.smpengineeredsolutions.com\\\/de\\\/?s={search_term_string}\"},\"query-input\":{\"@type\":\"PropertyValueSpecification\",\"valueRequired\":true,\"valueName\":\"search_term_string\"}}],\"inLanguage\":\"de\"},{\"@type\":\"Organization\",\"@id\":\"https:\\\/\\\/www.smpengineeredsolutions.com\\\/de\\\/#organization\",\"name\":\"SMP\u00ae Engineered Solutions\",\"url\":\"https:\\\/\\\/www.smpengineeredsolutions.com\\\/de\\\/\",\"logo\":{\"@type\":\"ImageObject\",\"inLanguage\":\"de\",\"@id\":\"https:\\\/\\\/www.smpengineeredsolutions.com\\\/de\\\/#\\\/schema\\\/logo\\\/image\\\/\",\"url\":\"https:\\\/\\\/www.a.smpengineeredsolutions.com\\\/wp-content\\\/uploads\\\/smp-logo.png\",\"contentUrl\":\"https:\\\/\\\/www.a.smpengineeredsolutions.com\\\/wp-content\\\/uploads\\\/smp-logo.png\",\"width\":264,\"height\":117,\"caption\":\"SMP\u00ae Engineered Solutions\"},\"image\":{\"@id\":\"https:\\\/\\\/www.smpengineeredsolutions.com\\\/de\\\/#\\\/schema\\\/logo\\\/image\\\/\"},\"sameAs\":[\"https:\\\/\\\/www.youtube.com\\\/@StandardMotorProductsInc\",\"https:\\\/\\\/www.linkedin.com\\\/company\\\/standard-motor-products\"]}]}<\/script>\n<!-- \/ Yoast SEO Premium plugin. -->","yoast_head_json":{"title":"Temperaturschalter- und -sensorkombinationen - Standard Motor Products, Inc.","robots":{"index":"index","follow":"follow","max-snippet":"max-snippet:-1","max-image-preview":"max-image-preview:large","max-video-preview":"max-video-preview:-1"},"canonical":"https:\/\/www.smpengineeredsolutions.com\/de\/produkte\/schalter\/temperaturschalter-und-sensorkombinationen\/","og_locale":"de_DE","og_type":"article","og_title":"Temperaturschalter- und -sensorkombinationen","og_description":"Temperaturschalter Temperaturschalter sind Ger\u00e4te, die die Temperatur von Fl\u00fcssigkeiten \u00fcberwachen, um: den Schutz der verschiedenen Systeme vor \u00dcberhitzung gew\u00e4hrleisten, um eine lange Lebensdauer sicherzustellen die Aktivierung und Deaktivierung von Ger\u00e4ten steuern, um Sch\u00e4den durch sehr hohe oder sehr niedrige Temperaturen zu vermeiden das elektrische Gebl\u00e4se (L\u00fcfter), Warnleuchten oder Alarme zu aktivieren &nbsp; Die Temperaturschalter sind... [...]Weiterlesen...","og_url":"https:\/\/www.smpengineeredsolutions.com\/de\/produkte\/schalter\/temperaturschalter-und-sensorkombinationen\/","og_site_name":"Standard Motor Products, Inc.","article_modified_time":"2023-09-11T10:38:16+00:00","twitter_misc":{"Gesch\u00e4tzte Lesezeit":"1\u00a0Minute"},"schema":{"@context":"https:\/\/schema.org","@graph":[{"@type":"WebPage","@id":"https:\/\/www.smpengineeredsolutions.com\/de\/produkte\/schalter\/temperaturschalter-und-sensorkombinationen\/","url":"https:\/\/www.smpengineeredsolutions.com\/de\/produkte\/schalter\/temperaturschalter-und-sensorkombinationen\/","name":"Temperaturschalter- und -sensorkombinationen - Standard Motor Products, Inc.","isPartOf":{"@id":"https:\/\/www.smpengineeredsolutions.com\/de\/#website"},"datePublished":"2023-01-09T18:56:53+00:00","dateModified":"2023-09-11T10:38:16+00:00","breadcrumb":{"@id":"https:\/\/www.smpengineeredsolutions.com\/de\/produkte\/schalter\/temperaturschalter-und-sensorkombinationen\/#breadcrumb"},"inLanguage":"de","potentialAction":[{"@type":"ReadAction","target":["https:\/\/www.smpengineeredsolutions.com\/de\/produkte\/schalter\/temperaturschalter-und-sensorkombinationen\/"]}]},{"@type":"BreadcrumbList","@id":"https:\/\/www.smpengineeredsolutions.com\/de\/produkte\/schalter\/temperaturschalter-und-sensorkombinationen\/#breadcrumb","itemListElement":[{"@type":"ListItem","position":1,"name":"Home","item":"https:\/\/www.smpengineeredsolutions.com\/de\/"},{"@type":"ListItem","position":2,"name":"Produkte","item":"https:\/\/www.sitemaps.smpengineeredsolutions.com\/de\/produkte\/"},{"@type":"ListItem","position":3,"name":"Schalter","item":"https:\/\/www.tcp.smpengineeredsolutions.com\/de\/produkte\/schalter\/"},{"@type":"ListItem","position":4,"name":"Temperaturschalter- und -sensorkombinationen"}]},{"@type":"WebSite","@id":"https:\/\/www.smpengineeredsolutions.com\/de\/#website","url":"https:\/\/www.smpengineeredsolutions.com\/de\/","name":"Standard Motor Products, Inc.","description":"","publisher":{"@id":"https:\/\/www.smpengineeredsolutions.com\/de\/#organization"},"potentialAction":[{"@type":"SearchAction","target":{"@type":"EntryPoint","urlTemplate":"https:\/\/www.smpengineeredsolutions.com\/de\/?s={search_term_string}"},"query-input":{"@type":"PropertyValueSpecification","valueRequired":true,"valueName":"search_term_string"}}],"inLanguage":"de"},{"@type":"Organization","@id":"https:\/\/www.smpengineeredsolutions.com\/de\/#organization","name":"SMP\u00ae Engineered Solutions","url":"https:\/\/www.smpengineeredsolutions.com\/de\/","logo":{"@type":"ImageObject","inLanguage":"de","@id":"https:\/\/www.smpengineeredsolutions.com\/de\/#\/schema\/logo\/image\/","url":"https:\/\/www.a.smpengineeredsolutions.com\/wp-content\/uploads\/smp-logo.png","contentUrl":"https:\/\/www.a.smpengineeredsolutions.com\/wp-content\/uploads\/smp-logo.png","width":264,"height":117,"caption":"SMP\u00ae Engineered Solutions"},"image":{"@id":"https:\/\/www.smpengineeredsolutions.com\/de\/#\/schema\/logo\/image\/"},"sameAs":["https:\/\/www.youtube.com\/@StandardMotorProductsInc","https:\/\/www.linkedin.com\/company\/standard-motor-products"]}]}},"_links":{"self":[{"href":"https:\/\/www.smpengineeredsolutions.com\/de\/wp-json\/wp\/v2\/pages\/4689","targetHints":{"allow":["GET"]}}],"collection":[{"href":"https:\/\/www.smpengineeredsolutions.com\/de\/wp-json\/wp\/v2\/pages"}],"about":[{"href":"https:\/\/www.smpengineeredsolutions.com\/de\/wp-json\/wp\/v2\/types\/page"}],"author":[{"embeddable":true,"href":"https:\/\/www.smpengineeredsolutions.com\/de\/wp-json\/wp\/v2\/users\/27"}],"replies":[{"embeddable":true,"href":"https:\/\/www.smpengineeredsolutions.com\/de\/wp-json\/wp\/v2\/comments?post=4689"}],"version-history":[{"count":0,"href":"https:\/\/www.smpengineeredsolutions.com\/de\/wp-json\/wp\/v2\/pages\/4689\/revisions"}],"up":[{"embeddable":true,"href":"https:\/\/www.smpengineeredsolutions.com\/de\/wp-json\/wp\/v2\/pages\/4683"}],"wp:attachment":[{"href":"https:\/\/www.smpengineeredsolutions.com\/de\/wp-json\/wp\/v2\/media?parent=4689"}],"curies":[{"name":"wp","href":"https:\/\/api.w.org\/{rel}","templated":true}]}}