{"id":4685,"date":"2023-01-09T13:50:34","date_gmt":"2023-01-09T18:50:34","guid":{"rendered":"https:\/\/smpengineeredsolutions.com\/?page_id=4685"},"modified":"2024-08-14T11:45:22","modified_gmt":"2024-08-14T15:45:22","slug":"kuehlmittelstandschalter","status":"publish","type":"page","link":"https:\/\/www.smpengineeredsolutions.com\/de\/produkte\/schalter\/kuehlmittelstandschalter\/","title":{"rendered":"K\u00fchlmittelstandschalter"},"content":{"rendered":"<div class=\"text-center\"><a class=\"lightbox\" href=\"\/wp-content\/uploads\/coolantlevelsensors_1-DE.jpg\"><img decoding=\"async\" title=\"K\u00fchlmittelstandschalter\" src=\"\/wp-content\/uploads\/coolantlevelsensors_1-DE.jpg\" alt=\"K\u00fchlmittelstandschalter\" \/><\/a><\/div>\n<p>Passive Niveauschalter sind Vorrichtungen, die einen Fl\u00fcssigkeitsstand auf der Grundlage eines ber\u00fchrungslosen magnetischen Schwimmers \u00fcberwachen:<\/p>\n<ul>\n<li>Schutz der Systeme vor \u00dcberf\u00fcllen oder Besch\u00e4digung<\/li>\n<li>Steuerung der Aktivierung und Deaktivierung von Ger\u00e4ten, um deren Besch\u00e4digung aufgrund eines hohen oder niedrigen Fl\u00fcssigkeitsstands zu vermeiden<\/li>\n<li>Aktivierung von Ger\u00e4ten in Abh\u00e4ngigkeit von einem Fl\u00fcssigkeitsstand (z. B. Warnleuchte)<\/li>\n<\/ul>\n<p>&nbsp;<\/p>\n<p>Erh\u00e4ltlich in verschiedenen Kontaktanordnungen und Montagevarianten<\/p>\n<ul>\n<li>Horizontal montiert (seitlich), einpoliger Ein\/Aus-Schalter im Ruhezustand geschlossen, im Ruhezustand offen \u2013 Fingerschalter<\/li>\n<li>Vertikal montiert (oben, unten), einpoliger Ein\/Aus-Schalter im Ruhezustand geschlossen, im Ruhezustand offen, mit Ablassstopfen (unten montiert) \u2013 Schwimmerschalter<\/li>\n<\/ul>\n<p>&nbsp;<\/p>\n","protected":false},"excerpt":{"rendered":"<p>Passive Niveauschalter sind Vorrichtungen, die einen Fl\u00fcssigkeitsstand auf der Grundlage eines ber\u00fchrungslosen magnetischen Schwimmers \u00fcberwachen: Schutz der Systeme vor \u00dcberf\u00fcllen oder Besch\u00e4digung Steuerung der Aktivierung und Deaktivierung von Ger\u00e4ten, um deren Besch\u00e4digung aufgrund eines hohen oder niedrigen Fl\u00fcssigkeitsstands zu vermeiden Aktivierung von Ger\u00e4ten in Abh\u00e4ngigkeit von einem Fl\u00fcssigkeitsstand (z. B. Warnleuchte) &nbsp; Erh\u00e4ltlich in verschiedenen&#8230; [&#8230;]<\/p>\n<p><a class=\"btn btn-secondary understrap-read-more-link\" href=\"https:\/\/www.smpengineeredsolutions.com\/de\/produkte\/schalter\/kuehlmittelstandschalter\/\">Weiterlesen&#8230;<\/a><\/p>\n","protected":false},"author":27,"featured_media":0,"parent":4683,"menu_order":0,"comment_status":"closed","ping_status":"closed","template":"page-templates\/destination-content.php","meta":{"_acf_changed":false,"inline_featured_image":false,"footnotes":""},"class_list":["post-4685","page","type-page","status-publish","hentry"],"featured_image_src":null,"acf":[],"yoast_head":"<!-- This site is optimized with the Yoast SEO Premium plugin v27.4 (Yoast SEO v27.4) - https:\/\/yoast.com\/product\/yoast-seo-premium-wordpress\/ -->\n<title>Schalter f\u00fcr den K\u00fchlmittelstand<\/title>\n<meta name=\"description\" content=\"Entdecken Sie die F\u00fcllstandsschalter von Standard Motors Product, Inc. f\u00fcr Ihre Anwendungen und Ihre Branche - hochwertige F\u00fcllstandsschalter.\" \/>\n<meta name=\"robots\" content=\"index, follow, max-snippet:-1, max-image-preview:large, max-video-preview:-1\" \/>\n<link rel=\"canonical\" href=\"https:\/\/www.smpengineeredsolutions.com\/de\/produkte\/schalter\/kuehlmittelstandschalter\/\" \/>\n<meta property=\"og:locale\" content=\"de_DE\" \/>\n<meta property=\"og:type\" content=\"article\" \/>\n<meta property=\"og:title\" content=\"K\u00fchlmittelstandschalter\" \/>\n<meta property=\"og:description\" content=\"Entdecken Sie die F\u00fcllstandsschalter von Standard Motors Product, Inc. f\u00fcr Ihre Anwendungen und Ihre Branche - hochwertige F\u00fcllstandsschalter.\" \/>\n<meta property=\"og:url\" content=\"https:\/\/www.smpengineeredsolutions.com\/de\/produkte\/schalter\/kuehlmittelstandschalter\/\" \/>\n<meta property=\"og:site_name\" content=\"Standard Motor Products, Inc.\" \/>\n<meta property=\"article:modified_time\" content=\"2024-08-14T15:45:22+00:00\" \/>\n<meta name=\"twitter:label1\" content=\"Gesch\u00e4tzte Lesezeit\" \/>\n\t<meta name=\"twitter:data1\" content=\"1\u00a0Minute\" \/>\n<script type=\"application\/ld+json\" class=\"yoast-schema-graph\">{\"@context\":\"https:\\\/\\\/schema.org\",\"@graph\":[{\"@type\":\"WebPage\",\"@id\":\"https:\\\/\\\/www.smpengineeredsolutions.com\\\/de\\\/produkte\\\/schalter\\\/kuehlmittelstandschalter\\\/\",\"url\":\"https:\\\/\\\/www.smpengineeredsolutions.com\\\/de\\\/produkte\\\/schalter\\\/kuehlmittelstandschalter\\\/\",\"name\":\"Schalter f\u00fcr den K\u00fchlmittelstand\",\"isPartOf\":{\"@id\":\"https:\\\/\\\/www._tcp.smpengineeredsolutions.com\\\/#website\"},\"datePublished\":\"2023-01-09T18:50:34+00:00\",\"dateModified\":\"2024-08-14T15:45:22+00:00\",\"description\":\"Entdecken Sie die F\u00fcllstandsschalter von Standard Motors Product, Inc. f\u00fcr Ihre Anwendungen und Ihre Branche - hochwertige F\u00fcllstandsschalter.\",\"breadcrumb\":{\"@id\":\"https:\\\/\\\/www.smpengineeredsolutions.com\\\/de\\\/produkte\\\/schalter\\\/kuehlmittelstandschalter\\\/#breadcrumb\"},\"inLanguage\":\"de\",\"potentialAction\":[{\"@type\":\"ReadAction\",\"target\":[\"https:\\\/\\\/www.smpengineeredsolutions.com\\\/de\\\/produkte\\\/schalter\\\/kuehlmittelstandschalter\\\/\"]}]},{\"@type\":\"BreadcrumbList\",\"@id\":\"https:\\\/\\\/www.smpengineeredsolutions.com\\\/de\\\/produkte\\\/schalter\\\/kuehlmittelstandschalter\\\/#breadcrumb\",\"itemListElement\":[{\"@type\":\"ListItem\",\"position\":1,\"name\":\"Home\",\"item\":\"https:\\\/\\\/www.smpengineeredsolutions.com\\\/de\\\/\"},{\"@type\":\"ListItem\",\"position\":2,\"name\":\"Produkte\",\"item\":\"https:\\\/\\\/www.smpengineeredsolutions.com\\\/de\\\/produkte\\\/\"},{\"@type\":\"ListItem\",\"position\":3,\"name\":\"Schalter\",\"item\":\"https:\\\/\\\/www.3ec3a7a1-1e28-4a7f-941d-947624eef59a.smpengineeredsolutions.com\\\/de\\\/produkte\\\/schalter\\\/\"},{\"@type\":\"ListItem\",\"position\":4,\"name\":\"K\u00fchlmittelstandschalter\"}]},{\"@type\":\"WebSite\",\"@id\":\"https:\\\/\\\/www._tcp.smpengineeredsolutions.com\\\/#website\",\"url\":\"https:\\\/\\\/www._tcp.smpengineeredsolutions.com\\\/\",\"name\":\"Standard Motor Products, Inc.\",\"description\":\"\",\"publisher\":{\"@id\":\"https:\\\/\\\/www._tcp.smpengineeredsolutions.com\\\/#organization\"},\"potentialAction\":[{\"@type\":\"SearchAction\",\"target\":{\"@type\":\"EntryPoint\",\"urlTemplate\":\"https:\\\/\\\/www._tcp.smpengineeredsolutions.com\\\/?s={search_term_string}\"},\"query-input\":{\"@type\":\"PropertyValueSpecification\",\"valueRequired\":true,\"valueName\":\"search_term_string\"}}],\"inLanguage\":\"de\"},{\"@type\":\"Organization\",\"@id\":\"https:\\\/\\\/www._tcp.smpengineeredsolutions.com\\\/#organization\",\"name\":\"SMP\u00ae Engineered Solutions\",\"url\":\"https:\\\/\\\/www._tcp.smpengineeredsolutions.com\\\/\",\"logo\":{\"@type\":\"ImageObject\",\"inLanguage\":\"de\",\"@id\":\"https:\\\/\\\/www._tcp.smpengineeredsolutions.com\\\/#\\\/schema\\\/logo\\\/image\\\/\",\"url\":\"https:\\\/\\\/www.a.smpengineeredsolutions.com\\\/wp-content\\\/uploads\\\/smp-logo.png\",\"contentUrl\":\"https:\\\/\\\/www.a.smpengineeredsolutions.com\\\/wp-content\\\/uploads\\\/smp-logo.png\",\"width\":264,\"height\":117,\"caption\":\"SMP\u00ae Engineered Solutions\"},\"image\":{\"@id\":\"https:\\\/\\\/www._tcp.smpengineeredsolutions.com\\\/#\\\/schema\\\/logo\\\/image\\\/\"},\"sameAs\":[\"https:\\\/\\\/www.youtube.com\\\/@StandardMotorProductsInc\",\"https:\\\/\\\/www.linkedin.com\\\/company\\\/standard-motor-products\"]}]}<\/script>\n<!-- \/ Yoast SEO Premium plugin. -->","yoast_head_json":{"title":"Schalter f\u00fcr den K\u00fchlmittelstand","description":"Entdecken Sie die F\u00fcllstandsschalter von Standard Motors Product, Inc. f\u00fcr Ihre Anwendungen und Ihre Branche - hochwertige F\u00fcllstandsschalter.","robots":{"index":"index","follow":"follow","max-snippet":"max-snippet:-1","max-image-preview":"max-image-preview:large","max-video-preview":"max-video-preview:-1"},"canonical":"https:\/\/www.smpengineeredsolutions.com\/de\/produkte\/schalter\/kuehlmittelstandschalter\/","og_locale":"de_DE","og_type":"article","og_title":"K\u00fchlmittelstandschalter","og_description":"Entdecken Sie die F\u00fcllstandsschalter von Standard Motors Product, Inc. f\u00fcr Ihre Anwendungen und Ihre Branche - hochwertige F\u00fcllstandsschalter.","og_url":"https:\/\/www.smpengineeredsolutions.com\/de\/produkte\/schalter\/kuehlmittelstandschalter\/","og_site_name":"Standard Motor Products, Inc.","article_modified_time":"2024-08-14T15:45:22+00:00","twitter_misc":{"Gesch\u00e4tzte Lesezeit":"1\u00a0Minute"},"schema":{"@context":"https:\/\/schema.org","@graph":[{"@type":"WebPage","@id":"https:\/\/www.smpengineeredsolutions.com\/de\/produkte\/schalter\/kuehlmittelstandschalter\/","url":"https:\/\/www.smpengineeredsolutions.com\/de\/produkte\/schalter\/kuehlmittelstandschalter\/","name":"Schalter f\u00fcr den K\u00fchlmittelstand","isPartOf":{"@id":"https:\/\/www._tcp.smpengineeredsolutions.com\/#website"},"datePublished":"2023-01-09T18:50:34+00:00","dateModified":"2024-08-14T15:45:22+00:00","description":"Entdecken Sie die F\u00fcllstandsschalter von Standard Motors Product, Inc. f\u00fcr Ihre Anwendungen und Ihre Branche - hochwertige F\u00fcllstandsschalter.","breadcrumb":{"@id":"https:\/\/www.smpengineeredsolutions.com\/de\/produkte\/schalter\/kuehlmittelstandschalter\/#breadcrumb"},"inLanguage":"de","potentialAction":[{"@type":"ReadAction","target":["https:\/\/www.smpengineeredsolutions.com\/de\/produkte\/schalter\/kuehlmittelstandschalter\/"]}]},{"@type":"BreadcrumbList","@id":"https:\/\/www.smpengineeredsolutions.com\/de\/produkte\/schalter\/kuehlmittelstandschalter\/#breadcrumb","itemListElement":[{"@type":"ListItem","position":1,"name":"Home","item":"https:\/\/www.smpengineeredsolutions.com\/de\/"},{"@type":"ListItem","position":2,"name":"Produkte","item":"https:\/\/www.smpengineeredsolutions.com\/de\/produkte\/"},{"@type":"ListItem","position":3,"name":"Schalter","item":"https:\/\/www.3ec3a7a1-1e28-4a7f-941d-947624eef59a.smpengineeredsolutions.com\/de\/produkte\/schalter\/"},{"@type":"ListItem","position":4,"name":"K\u00fchlmittelstandschalter"}]},{"@type":"WebSite","@id":"https:\/\/www._tcp.smpengineeredsolutions.com\/#website","url":"https:\/\/www._tcp.smpengineeredsolutions.com\/","name":"Standard Motor Products, Inc.","description":"","publisher":{"@id":"https:\/\/www._tcp.smpengineeredsolutions.com\/#organization"},"potentialAction":[{"@type":"SearchAction","target":{"@type":"EntryPoint","urlTemplate":"https:\/\/www._tcp.smpengineeredsolutions.com\/?s={search_term_string}"},"query-input":{"@type":"PropertyValueSpecification","valueRequired":true,"valueName":"search_term_string"}}],"inLanguage":"de"},{"@type":"Organization","@id":"https:\/\/www._tcp.smpengineeredsolutions.com\/#organization","name":"SMP\u00ae Engineered Solutions","url":"https:\/\/www._tcp.smpengineeredsolutions.com\/","logo":{"@type":"ImageObject","inLanguage":"de","@id":"https:\/\/www._tcp.smpengineeredsolutions.com\/#\/schema\/logo\/image\/","url":"https:\/\/www.a.smpengineeredsolutions.com\/wp-content\/uploads\/smp-logo.png","contentUrl":"https:\/\/www.a.smpengineeredsolutions.com\/wp-content\/uploads\/smp-logo.png","width":264,"height":117,"caption":"SMP\u00ae Engineered Solutions"},"image":{"@id":"https:\/\/www._tcp.smpengineeredsolutions.com\/#\/schema\/logo\/image\/"},"sameAs":["https:\/\/www.youtube.com\/@StandardMotorProductsInc","https:\/\/www.linkedin.com\/company\/standard-motor-products"]}]}},"_links":{"self":[{"href":"https:\/\/www.smpengineeredsolutions.com\/de\/wp-json\/wp\/v2\/pages\/4685","targetHints":{"allow":["GET"]}}],"collection":[{"href":"https:\/\/www.smpengineeredsolutions.com\/de\/wp-json\/wp\/v2\/pages"}],"about":[{"href":"https:\/\/www.smpengineeredsolutions.com\/de\/wp-json\/wp\/v2\/types\/page"}],"author":[{"embeddable":true,"href":"https:\/\/www.smpengineeredsolutions.com\/de\/wp-json\/wp\/v2\/users\/27"}],"replies":[{"embeddable":true,"href":"https:\/\/www.smpengineeredsolutions.com\/de\/wp-json\/wp\/v2\/comments?post=4685"}],"version-history":[{"count":1,"href":"https:\/\/www.smpengineeredsolutions.com\/de\/wp-json\/wp\/v2\/pages\/4685\/revisions"}],"predecessor-version":[{"id":7107,"href":"https:\/\/www.smpengineeredsolutions.com\/de\/wp-json\/wp\/v2\/pages\/4685\/revisions\/7107"}],"up":[{"embeddable":true,"href":"https:\/\/www.smpengineeredsolutions.com\/de\/wp-json\/wp\/v2\/pages\/4683"}],"wp:attachment":[{"href":"https:\/\/www.smpengineeredsolutions.com\/de\/wp-json\/wp\/v2\/media?parent=4685"}],"curies":[{"name":"wp","href":"https:\/\/api.w.org\/{rel}","templated":true}]}}