{"id":4684,"date":"2023-01-09T13:47:48","date_gmt":"2023-01-09T18:47:48","guid":{"rendered":"https:\/\/smpengineeredsolutions.com\/?page_id=4684"},"modified":"2024-08-26T13:22:26","modified_gmt":"2024-08-26T17:22:26","slug":"hochpraezise-kugelschalter","status":"publish","type":"page","link":"https:\/\/www.smpengineeredsolutions.com\/de\/produkte\/schalter\/hochpraezise-kugelschalter\/","title":{"rendered":"Hochpr\u00e4zise Kugelschalter"},"content":{"rendered":"<h2>Im Ruhezustand offener Pr\u00e4zisionskugelschalter<\/h2>\n<p>Zu den typischen Anwendungen z\u00e4hlen: Erkennung des Leerlaufs und des h\u00f6chsten Gangs, Schalten von R\u00fcckfahrscheinwerfern, Schalten des Antiblockiersystems, Verriegelung des Nebenantriebs und Erkennung der Anwesenheit des Fahrzeugf\u00fchrers. Die hier gezeigten Schalter stellen die von der Transportindustrie am h\u00e4ufigsten angefragten Konfigurationen dar. Wenn der von Ihnen ben\u00f6tigte Schalter nicht in diesen Tabellen zu finden ist, wenden Sie sich bitte an uns, um Ihre speziellen Anforderungen zu kl\u00e4ren.<\/p>\n<div class=\"text-center\"><a class=\"lightbox\" href=\"\/wp-content\/uploads\/Open-Precision-Ball-Switches-DE.jpg\"><img decoding=\"async\" title=\"Hochpr\u00e4zise Kugelschalter\" src=\"\/wp-content\/uploads\/Open-Precision-Ball-Switches-DE.jpg\" alt=\"Hochpr\u00e4zise Kugelschalter\" width=\"600\" \/><\/a><\/div>\n","protected":false},"excerpt":{"rendered":"<p>Im Ruhezustand offener Pr\u00e4zisionskugelschalter Zu den typischen Anwendungen z\u00e4hlen: Erkennung des Leerlaufs und des h\u00f6chsten Gangs, Schalten von R\u00fcckfahrscheinwerfern, Schalten des Antiblockiersystems, Verriegelung des Nebenantriebs und Erkennung der Anwesenheit des Fahrzeugf\u00fchrers. Die hier gezeigten Schalter stellen die von der Transportindustrie am h\u00e4ufigsten angefragten Konfigurationen dar. Wenn der von Ihnen ben\u00f6tigte Schalter nicht in diesen Tabellen&#8230; [&#8230;]<\/p>\n<p><a class=\"btn btn-secondary understrap-read-more-link\" href=\"https:\/\/www.smpengineeredsolutions.com\/de\/produkte\/schalter\/hochpraezise-kugelschalter\/\">Weiterlesen&#8230;<\/a><\/p>\n","protected":false},"author":27,"featured_media":0,"parent":4683,"menu_order":0,"comment_status":"closed","ping_status":"closed","template":"page-templates\/destination-content.php","meta":{"_acf_changed":false,"inline_featured_image":false,"footnotes":""},"class_list":["post-4684","page","type-page","status-publish","hentry"],"featured_image_src":null,"acf":[],"yoast_head":"<!-- This site is optimized with the Yoast SEO Premium plugin v27.4 (Yoast SEO v27.4) - https:\/\/yoast.com\/product\/yoast-seo-premium-wordpress\/ -->\n<title>Hochpr\u00e4zisions Kugelschalter | Schalter | Standard Motor Products<\/title>\n<meta name=\"description\" content=\"Entdecken Sie die Hochpr\u00e4zisions-Kugelschalter von Standard Motors Product, Inc. - Hochwertige Hochpr\u00e4zisions-Kugelschalter f\u00fcr Ihre Anwendungen und Industrie.\" \/>\n<meta name=\"robots\" content=\"index, follow, max-snippet:-1, max-image-preview:large, max-video-preview:-1\" \/>\n<link rel=\"canonical\" href=\"https:\/\/www.smpengineeredsolutions.com\/de\/produkte\/schalter\/hochpraezise-kugelschalter\/\" \/>\n<meta property=\"og:locale\" content=\"de_DE\" \/>\n<meta property=\"og:type\" content=\"article\" \/>\n<meta property=\"og:title\" content=\"Hochpr\u00e4zise Kugelschalter\" \/>\n<meta property=\"og:description\" content=\"Entdecken Sie die Hochpr\u00e4zisions-Kugelschalter von Standard Motors Product, Inc. - Hochwertige Hochpr\u00e4zisions-Kugelschalter f\u00fcr Ihre Anwendungen und Industrie.\" \/>\n<meta property=\"og:url\" content=\"https:\/\/www.smpengineeredsolutions.com\/de\/produkte\/schalter\/hochpraezise-kugelschalter\/\" \/>\n<meta property=\"og:site_name\" content=\"Standard Motor Products, Inc.\" \/>\n<meta property=\"article:modified_time\" content=\"2024-08-26T17:22:26+00:00\" \/>\n<meta name=\"twitter:label1\" content=\"Gesch\u00e4tzte Lesezeit\" \/>\n\t<meta name=\"twitter:data1\" content=\"1\u00a0Minute\" \/>\n<script type=\"application\/ld+json\" class=\"yoast-schema-graph\">{\"@context\":\"https:\\\/\\\/schema.org\",\"@graph\":[{\"@type\":\"WebPage\",\"@id\":\"https:\\\/\\\/www.smpengineeredsolutions.com\\\/de\\\/produkte\\\/schalter\\\/hochpraezise-kugelschalter\\\/\",\"url\":\"https:\\\/\\\/www.smpengineeredsolutions.com\\\/de\\\/produkte\\\/schalter\\\/hochpraezise-kugelschalter\\\/\",\"name\":\"Hochpr\u00e4zisions Kugelschalter | Schalter | Standard Motor Products\",\"isPartOf\":{\"@id\":\"https:\\\/\\\/www._tcp.smpengineeredsolutions.com\\\/#website\"},\"datePublished\":\"2023-01-09T18:47:48+00:00\",\"dateModified\":\"2024-08-26T17:22:26+00:00\",\"description\":\"Entdecken Sie die Hochpr\u00e4zisions-Kugelschalter von Standard Motors Product, Inc. - Hochwertige Hochpr\u00e4zisions-Kugelschalter f\u00fcr Ihre Anwendungen und Industrie.\",\"breadcrumb\":{\"@id\":\"https:\\\/\\\/www.smpengineeredsolutions.com\\\/de\\\/produkte\\\/schalter\\\/hochpraezise-kugelschalter\\\/#breadcrumb\"},\"inLanguage\":\"de\",\"potentialAction\":[{\"@type\":\"ReadAction\",\"target\":[\"https:\\\/\\\/www.smpengineeredsolutions.com\\\/de\\\/produkte\\\/schalter\\\/hochpraezise-kugelschalter\\\/\"]}]},{\"@type\":\"BreadcrumbList\",\"@id\":\"https:\\\/\\\/www.smpengineeredsolutions.com\\\/de\\\/produkte\\\/schalter\\\/hochpraezise-kugelschalter\\\/#breadcrumb\",\"itemListElement\":[{\"@type\":\"ListItem\",\"position\":1,\"name\":\"Home\",\"item\":\"https:\\\/\\\/www.smpengineeredsolutions.com\\\/de\\\/\"},{\"@type\":\"ListItem\",\"position\":2,\"name\":\"Produkte\",\"item\":\"https:\\\/\\\/www.smpengineeredsolutions.com\\\/de\\\/produkte\\\/\"},{\"@type\":\"ListItem\",\"position\":3,\"name\":\"Schalter\",\"item\":\"https:\\\/\\\/www.3ec3a7a1-1e28-4a7f-941d-947624eef59a.smpengineeredsolutions.com\\\/de\\\/produkte\\\/schalter\\\/\"},{\"@type\":\"ListItem\",\"position\":4,\"name\":\"Hochpr\u00e4zise Kugelschalter\"}]},{\"@type\":\"WebSite\",\"@id\":\"https:\\\/\\\/www._tcp.smpengineeredsolutions.com\\\/#website\",\"url\":\"https:\\\/\\\/www._tcp.smpengineeredsolutions.com\\\/\",\"name\":\"Standard Motor Products, Inc.\",\"description\":\"\",\"publisher\":{\"@id\":\"https:\\\/\\\/www._tcp.smpengineeredsolutions.com\\\/#organization\"},\"potentialAction\":[{\"@type\":\"SearchAction\",\"target\":{\"@type\":\"EntryPoint\",\"urlTemplate\":\"https:\\\/\\\/www._tcp.smpengineeredsolutions.com\\\/?s={search_term_string}\"},\"query-input\":{\"@type\":\"PropertyValueSpecification\",\"valueRequired\":true,\"valueName\":\"search_term_string\"}}],\"inLanguage\":\"de\"},{\"@type\":\"Organization\",\"@id\":\"https:\\\/\\\/www._tcp.smpengineeredsolutions.com\\\/#organization\",\"name\":\"SMP\u00ae Engineered Solutions\",\"url\":\"https:\\\/\\\/www._tcp.smpengineeredsolutions.com\\\/\",\"logo\":{\"@type\":\"ImageObject\",\"inLanguage\":\"de\",\"@id\":\"https:\\\/\\\/www._tcp.smpengineeredsolutions.com\\\/#\\\/schema\\\/logo\\\/image\\\/\",\"url\":\"https:\\\/\\\/www.a.smpengineeredsolutions.com\\\/wp-content\\\/uploads\\\/smp-logo.png\",\"contentUrl\":\"https:\\\/\\\/www.a.smpengineeredsolutions.com\\\/wp-content\\\/uploads\\\/smp-logo.png\",\"width\":264,\"height\":117,\"caption\":\"SMP\u00ae Engineered Solutions\"},\"image\":{\"@id\":\"https:\\\/\\\/www._tcp.smpengineeredsolutions.com\\\/#\\\/schema\\\/logo\\\/image\\\/\"},\"sameAs\":[\"https:\\\/\\\/www.youtube.com\\\/@StandardMotorProductsInc\",\"https:\\\/\\\/www.linkedin.com\\\/company\\\/standard-motor-products\"]}]}<\/script>\n<!-- \/ Yoast SEO Premium plugin. -->","yoast_head_json":{"title":"Hochpr\u00e4zisions Kugelschalter | Schalter | Standard Motor Products","description":"Entdecken Sie die Hochpr\u00e4zisions-Kugelschalter von Standard Motors Product, Inc. - Hochwertige Hochpr\u00e4zisions-Kugelschalter f\u00fcr Ihre Anwendungen und Industrie.","robots":{"index":"index","follow":"follow","max-snippet":"max-snippet:-1","max-image-preview":"max-image-preview:large","max-video-preview":"max-video-preview:-1"},"canonical":"https:\/\/www.smpengineeredsolutions.com\/de\/produkte\/schalter\/hochpraezise-kugelschalter\/","og_locale":"de_DE","og_type":"article","og_title":"Hochpr\u00e4zise Kugelschalter","og_description":"Entdecken Sie die Hochpr\u00e4zisions-Kugelschalter von Standard Motors Product, Inc. - Hochwertige Hochpr\u00e4zisions-Kugelschalter f\u00fcr Ihre Anwendungen und Industrie.","og_url":"https:\/\/www.smpengineeredsolutions.com\/de\/produkte\/schalter\/hochpraezise-kugelschalter\/","og_site_name":"Standard Motor Products, Inc.","article_modified_time":"2024-08-26T17:22:26+00:00","twitter_misc":{"Gesch\u00e4tzte Lesezeit":"1\u00a0Minute"},"schema":{"@context":"https:\/\/schema.org","@graph":[{"@type":"WebPage","@id":"https:\/\/www.smpengineeredsolutions.com\/de\/produkte\/schalter\/hochpraezise-kugelschalter\/","url":"https:\/\/www.smpengineeredsolutions.com\/de\/produkte\/schalter\/hochpraezise-kugelschalter\/","name":"Hochpr\u00e4zisions Kugelschalter | Schalter | Standard Motor Products","isPartOf":{"@id":"https:\/\/www._tcp.smpengineeredsolutions.com\/#website"},"datePublished":"2023-01-09T18:47:48+00:00","dateModified":"2024-08-26T17:22:26+00:00","description":"Entdecken Sie die Hochpr\u00e4zisions-Kugelschalter von Standard Motors Product, Inc. - Hochwertige Hochpr\u00e4zisions-Kugelschalter f\u00fcr Ihre Anwendungen und Industrie.","breadcrumb":{"@id":"https:\/\/www.smpengineeredsolutions.com\/de\/produkte\/schalter\/hochpraezise-kugelschalter\/#breadcrumb"},"inLanguage":"de","potentialAction":[{"@type":"ReadAction","target":["https:\/\/www.smpengineeredsolutions.com\/de\/produkte\/schalter\/hochpraezise-kugelschalter\/"]}]},{"@type":"BreadcrumbList","@id":"https:\/\/www.smpengineeredsolutions.com\/de\/produkte\/schalter\/hochpraezise-kugelschalter\/#breadcrumb","itemListElement":[{"@type":"ListItem","position":1,"name":"Home","item":"https:\/\/www.smpengineeredsolutions.com\/de\/"},{"@type":"ListItem","position":2,"name":"Produkte","item":"https:\/\/www.smpengineeredsolutions.com\/de\/produkte\/"},{"@type":"ListItem","position":3,"name":"Schalter","item":"https:\/\/www.3ec3a7a1-1e28-4a7f-941d-947624eef59a.smpengineeredsolutions.com\/de\/produkte\/schalter\/"},{"@type":"ListItem","position":4,"name":"Hochpr\u00e4zise Kugelschalter"}]},{"@type":"WebSite","@id":"https:\/\/www._tcp.smpengineeredsolutions.com\/#website","url":"https:\/\/www._tcp.smpengineeredsolutions.com\/","name":"Standard Motor Products, Inc.","description":"","publisher":{"@id":"https:\/\/www._tcp.smpengineeredsolutions.com\/#organization"},"potentialAction":[{"@type":"SearchAction","target":{"@type":"EntryPoint","urlTemplate":"https:\/\/www._tcp.smpengineeredsolutions.com\/?s={search_term_string}"},"query-input":{"@type":"PropertyValueSpecification","valueRequired":true,"valueName":"search_term_string"}}],"inLanguage":"de"},{"@type":"Organization","@id":"https:\/\/www._tcp.smpengineeredsolutions.com\/#organization","name":"SMP\u00ae Engineered Solutions","url":"https:\/\/www._tcp.smpengineeredsolutions.com\/","logo":{"@type":"ImageObject","inLanguage":"de","@id":"https:\/\/www._tcp.smpengineeredsolutions.com\/#\/schema\/logo\/image\/","url":"https:\/\/www.a.smpengineeredsolutions.com\/wp-content\/uploads\/smp-logo.png","contentUrl":"https:\/\/www.a.smpengineeredsolutions.com\/wp-content\/uploads\/smp-logo.png","width":264,"height":117,"caption":"SMP\u00ae Engineered Solutions"},"image":{"@id":"https:\/\/www._tcp.smpengineeredsolutions.com\/#\/schema\/logo\/image\/"},"sameAs":["https:\/\/www.youtube.com\/@StandardMotorProductsInc","https:\/\/www.linkedin.com\/company\/standard-motor-products"]}]}},"_links":{"self":[{"href":"https:\/\/www.smpengineeredsolutions.com\/de\/wp-json\/wp\/v2\/pages\/4684","targetHints":{"allow":["GET"]}}],"collection":[{"href":"https:\/\/www.smpengineeredsolutions.com\/de\/wp-json\/wp\/v2\/pages"}],"about":[{"href":"https:\/\/www.smpengineeredsolutions.com\/de\/wp-json\/wp\/v2\/types\/page"}],"author":[{"embeddable":true,"href":"https:\/\/www.smpengineeredsolutions.com\/de\/wp-json\/wp\/v2\/users\/27"}],"replies":[{"embeddable":true,"href":"https:\/\/www.smpengineeredsolutions.com\/de\/wp-json\/wp\/v2\/comments?post=4684"}],"version-history":[{"count":1,"href":"https:\/\/www.smpengineeredsolutions.com\/de\/wp-json\/wp\/v2\/pages\/4684\/revisions"}],"predecessor-version":[{"id":7193,"href":"https:\/\/www.smpengineeredsolutions.com\/de\/wp-json\/wp\/v2\/pages\/4684\/revisions\/7193"}],"up":[{"embeddable":true,"href":"https:\/\/www.smpengineeredsolutions.com\/de\/wp-json\/wp\/v2\/pages\/4683"}],"wp:attachment":[{"href":"https:\/\/www.smpengineeredsolutions.com\/de\/wp-json\/wp\/v2\/media?parent=4684"}],"curies":[{"name":"wp","href":"https:\/\/api.w.org\/{rel}","templated":true}]}}