{"id":4682,"date":"2023-02-15T17:45:19","date_gmt":"2023-02-15T22:45:19","guid":{"rendered":"https:\/\/smpengineeredsolutions.com\/?page_id=4682"},"modified":"2024-08-29T11:36:07","modified_gmt":"2024-08-29T15:36:07","slug":"drehbewegungspositionssensoren","status":"publish","type":"page","link":"https:\/\/www.smpengineeredsolutions.com\/de\/produkte\/sensoren\/drehbewegungspositionssensoren\/","title":{"rendered":"Drehbewegungspositionssensoren"},"content":{"rendered":"<p><a class=\"lightbox\" href=\"\/wp-content\/uploads\/Rotary-Position-Sensors-header-1.png\"><img decoding=\"async\" class=\"aligncenter wp-image-3082\" title=\"Drehbewegungspositionssensoren\" src=\"\/wp-content\/uploads\/Rotary-Position-Sensors-header-1.png\" alt=\"Drehbewegungspositionssensoren\" width=\"1298\" srcset=\"https:\/\/www.smpengineeredsolutions.com\/wp-content\/uploads\/Rotary-Position-Sensors-header-1.png 1211w, https:\/\/www.smpengineeredsolutions.com\/wp-content\/uploads\/Rotary-Position-Sensors-header-1-500x97.png 500w, https:\/\/www.smpengineeredsolutions.com\/wp-content\/uploads\/Rotary-Position-Sensors-header-1-1024x200.png 1024w, https:\/\/www.smpengineeredsolutions.com\/wp-content\/uploads\/Rotary-Position-Sensors-header-1-768x150.png 768w\" sizes=\"(max-width: 1211px) 100vw, 1211px\" \/><\/a><\/p>\n<p>SMP\u00ae Engineered Solutions hat sich auf eine Reihe von Steuerungsprodukten f\u00fcr On- und Off-Highway-Fahrzeuge spezialisiert. Von Anwendungen in Leichtbau- und Nutzfahrzeugen bis hin zu Bau- und Landwirtschaftsmaschinen entwickeln, fertigen und testen wir kundenspezifische Teile, um hohe Leistung und dauerhafte Haltbarkeit zu gew\u00e4hrleisten. Im Rahmen unseres umfangreichen Produktangebots bieten wir Drehpositionssensoren verschiedener Typen an, die die Leistung und Lebensdauer zahlreicher Maschinen und Systeme verbessern. Erfahren Sie mehr \u00fcber diese Sensoren, die verschiedenen verf\u00fcgbaren Typen und ihre Anwendungen.<\/p>\n<h2>Drehpositionssensoren erkl\u00e4rt<\/h2>\n<p>Drehpositionssensoren geben ein ratiometrisches elektrisches Signal ab, das den Drehwinkel eines Objekts anzeigt, wenn es sich entweder im oder gegen den Uhrzeigersinn um eine mechanische Welle bewegt. Der Zweck dieser programmierbaren Ger\u00e4te ist die genaue \u00dcberwachung und Positionierung von Komponenten in Maschinen, Fahrzeugen, L\u00fcftungs- oder Prozesssteuerungssystemen und vielem mehr auf der Grundlage von Messungen der Drehbewegung und der Winkelverschiebung. Sie sind ideal f\u00fcr den Einsatz bei Komponenten, deren Positionierung h\u00e4ufig ge\u00e4ndert werden muss.<\/p>\n<p>Rotierende Positionssensoren erzielen ihre Messungen auf unterschiedliche Weise, je nachdem, f\u00fcr welchen Typ Sie sich entscheiden. Diese Sensoren k\u00f6nnen ber\u00fchrungslos oder ber\u00fchrend arbeiten, was sich je nach mechanischem Verschlei\u00df auf ihre Lebensdauer auswirkt.<\/p>\n<h2>Verschiedene Arten von Drehpositionssensoren<\/h2>\n<p>Diese Sensoren sind in mehreren Varianten erh\u00e4ltlich, jede mit ihrer eigenen Methode zur Messung der Winkelverschiebung eines rotierenden Objekts. Zu den verschiedenen Arten von Drehpositionssensoren geh\u00f6ren die folgenden:<\/p>\n<ul>\n<li><strong>Potentiometer.<\/strong> Der am weitesten verbreitete Drehpositionssensortyp, das Ber\u00fchrungspotentiometer, verwendet ein Widerstandselement, das an einem sich bewegenden Objekt angebracht ist, um die Winkelverschiebung zu messen. Wenn sich die Position des Objekts \u00e4ndert, \u00e4ndert sich auch der Widerstand des Elements, wodurch das Potentiometer die Verschiebung des Objekts um eine Welle bestimmen kann.<\/li>\n<li><strong>Resolver-Sensoren.<\/strong> Diese Drehpositionssensoren basieren auf zwei senkrecht zueinander stehenden Spulen zur Messung der Verschiebung. Die Spulen erzeugen Sinus- und Kosinuswellen, wenn sich ein Objekt dreht, so dass der Sensor die Winkelposition des Objekts um eine Welle herum ermitteln kann.<\/li>\n<li><strong>Optische Drehgeber.<\/strong> Diese hochpr\u00e4zisen Drehpositionssensoren verwenden eine rotierende Scheibe mit undurchsichtigen und transparenten Segmenten. W\u00e4hrend sich die Scheibe dreht und Licht mit unterschiedlicher Intensit\u00e4t durch die Segmente f\u00e4llt, messen optische Encoder die Winkelverschiebung in Korrelation zu den Lichtstrahlen.<\/li>\n<li><strong>Hall-Effekt-Sensoren.<\/strong> Hall-Effekt-Drehpositionssensoren bestimmen die Winkellage eines Objekts durch Messung der Spannungsunterschiede von Magnetfeldern. Diese ber\u00fchrungslosen Sensoren \u00fcberwachen Verschiebungen im Magnetfeld und daraus resultierende \u00c4nderungen der Ausgangsspannung, um die Winkelverschiebung im Hall-Element, einem Magneten und einer Drehachse zu bestimmen. Auf diese Weise ermitteln die Sensoren die Winkellage von Ger\u00e4ten oder Systemen.<\/li>\n<\/ul>\n<h2>Anwendungen von rotierenden Positionssensoren<\/h2>\n<p>Verschiedene Anwendungen in der Automobilindustrie sind auf Drehstellungssensoren angewiesen. Bei Stra\u00dfenfahrzeugen bieten diese Sensoren eine Positions\u00fcberwachung in Gaspedalen, Motork\u00fchlgebl\u00e4sen, Drosselklappen und \u00e4hnlichen Komponenten. Sie k\u00f6nnen auch Drehbewegungen in schweren, robusten Landwirtschafts- und Baumaschinen in Off-Highway-Anwendungen \u00fcberwachen. Sie bieten pr\u00e4zise Messungen f\u00fcr Lenks\u00e4ulen, Motordrosselklappen, hydraulische Steuerventile und vieles mehr. Sowohl bei On- als auch bei Off-Highway-Fahrzeugen verbessern die Sensoren nicht nur die Effizienz und die Leistung der Ger\u00e4te, sondern auch die Sicherheit, erm\u00f6glichen eine pr\u00e4zise Positionierung und tragen dazu bei, die Genauigkeit beim Betrieb eines Fahrzeugs zu gew\u00e4hrleisten.<\/p>\n<h2>W\u00e4hlen Sie SMP Engineered Solutions f\u00fcr rotierende Positionssensoren<\/h2>\n<p>Hochfunktionale Drehpositionssensoren sind wichtig f\u00fcr die genaue Messung von Winkelbewegungen. Bei SMP entwickeln wir seit 1919 anpassbare, hochwertige L\u00f6sungen f\u00fcr das W\u00e4rmemanagement und die Fahrzeugsteuerung. In dieser Zeit haben wir ein weltweites Netzwerk von Ressourcen aufgebaut, um L\u00f6sungen f\u00fcr Fahrzeuge und Ger\u00e4te in einer Reihe von Branchen zu liefern. Wir operieren von strategischen Standorten im In- und Ausland aus, die alle \u00fcber die neuesten Zertifizierungen nach ISO 14001, ISO 9001 und IATF 16949 verf\u00fcgen, um qualitativ hochwertige und nachhaltige L\u00f6sungen zu liefern &#8211; von der Rohstoffbeschaffung bis zur Endkontrolle.<\/p>\n<p>SMP bietet eine breite Palette von Marken und Produkten, darunter Sensoren, Schalter, Klemmen, Z\u00fcndspulen, Elektrifizierungs- und Kraftstoffzufuhrger\u00e4te und vieles mehr. Kontaktieren Sie uns noch heute, um mit einem Spezialisten \u00fcber den richtigen Drehpositionssensor oder eine verwandte Fahrzeugsteuerungskomponente f\u00fcr Ihre Anwendung zu sprechen.<\/p>\n","protected":false},"excerpt":{"rendered":"<p>SMP\u00ae Engineered Solutions hat sich auf eine Reihe von Steuerungsprodukten f\u00fcr On- und Off-Highway-Fahrzeuge spezialisiert. Von Anwendungen in Leichtbau- und Nutzfahrzeugen bis hin zu Bau- und Landwirtschaftsmaschinen entwickeln, fertigen und testen wir kundenspezifische Teile, um hohe Leistung und dauerhafte Haltbarkeit zu gew\u00e4hrleisten. Im Rahmen unseres umfangreichen Produktangebots bieten wir Drehpositionssensoren verschiedener Typen an, die die&#8230; [&#8230;]<\/p>\n<p><a class=\"btn btn-secondary understrap-read-more-link\" href=\"https:\/\/www.smpengineeredsolutions.com\/de\/produkte\/sensoren\/drehbewegungspositionssensoren\/\">Weiterlesen&#8230;<\/a><\/p>\n","protected":false},"author":27,"featured_media":0,"parent":4672,"menu_order":0,"comment_status":"closed","ping_status":"closed","template":"","meta":{"_acf_changed":false,"inline_featured_image":false,"footnotes":""},"class_list":["post-4682","page","type-page","status-publish","hentry"],"featured_image_src":null,"acf":[],"yoast_head":"<!-- This site is optimized with the Yoast SEO Premium plugin v27.4 (Yoast SEO v27.4) - https:\/\/yoast.com\/product\/yoast-seo-premium-wordpress\/ -->\n<title>Drehstellungssensor | Sensoren | Standard Motor Products, Inc.<\/title>\n<meta name=\"description\" content=\"Entdecken Sie eine umfangreiche Auswahl an Produkten zur Fahrzeugsteuerung. Erfahren Sie, wie Drehpositionssensoren die genaue Positionierung von Ger\u00e4ten gew\u00e4hrleisten.\" \/>\n<meta name=\"robots\" content=\"index, follow, max-snippet:-1, max-image-preview:large, max-video-preview:-1\" \/>\n<link rel=\"canonical\" href=\"https:\/\/www.smpengineeredsolutions.com\/de\/produkte\/sensoren\/drehbewegungspositionssensoren\/\" \/>\n<meta property=\"og:locale\" content=\"de_DE\" \/>\n<meta property=\"og:type\" content=\"article\" \/>\n<meta property=\"og:title\" content=\"Drehbewegungspositionssensoren\" \/>\n<meta property=\"og:description\" content=\"Entdecken Sie eine umfangreiche Auswahl an Produkten zur Fahrzeugsteuerung. Erfahren Sie, wie Drehpositionssensoren die genaue Positionierung von Ger\u00e4ten gew\u00e4hrleisten.\" \/>\n<meta property=\"og:url\" content=\"https:\/\/www.smpengineeredsolutions.com\/de\/produkte\/sensoren\/drehbewegungspositionssensoren\/\" \/>\n<meta property=\"og:site_name\" content=\"Standard Motor Products, Inc.\" \/>\n<meta property=\"article:modified_time\" content=\"2024-08-29T15:36:07+00:00\" \/>\n<meta name=\"twitter:label1\" content=\"Gesch\u00e4tzte Lesezeit\" \/>\n\t<meta name=\"twitter:data1\" content=\"3\u00a0Minuten\" \/>\n<script type=\"application\/ld+json\" class=\"yoast-schema-graph\">{\"@context\":\"https:\\\/\\\/schema.org\",\"@graph\":[{\"@type\":\"WebPage\",\"@id\":\"https:\\\/\\\/www.smpengineeredsolutions.com\\\/de\\\/produkte\\\/sensoren\\\/drehbewegungspositionssensoren\\\/\",\"url\":\"https:\\\/\\\/www.smpengineeredsolutions.com\\\/de\\\/produkte\\\/sensoren\\\/drehbewegungspositionssensoren\\\/\",\"name\":\"Drehstellungssensor | Sensoren | Standard Motor Products, Inc.\",\"isPartOf\":{\"@id\":\"https:\\\/\\\/www._tcp.smpengineeredsolutions.com\\\/#website\"},\"datePublished\":\"2023-02-15T22:45:19+00:00\",\"dateModified\":\"2024-08-29T15:36:07+00:00\",\"description\":\"Entdecken Sie eine umfangreiche Auswahl an Produkten zur Fahrzeugsteuerung. Erfahren Sie, wie Drehpositionssensoren die genaue Positionierung von Ger\u00e4ten gew\u00e4hrleisten.\",\"breadcrumb\":{\"@id\":\"https:\\\/\\\/www.smpengineeredsolutions.com\\\/de\\\/produkte\\\/sensoren\\\/drehbewegungspositionssensoren\\\/#breadcrumb\"},\"inLanguage\":\"de\",\"potentialAction\":[{\"@type\":\"ReadAction\",\"target\":[\"https:\\\/\\\/www.smpengineeredsolutions.com\\\/de\\\/produkte\\\/sensoren\\\/drehbewegungspositionssensoren\\\/\"]}]},{\"@type\":\"BreadcrumbList\",\"@id\":\"https:\\\/\\\/www.smpengineeredsolutions.com\\\/de\\\/produkte\\\/sensoren\\\/drehbewegungspositionssensoren\\\/#breadcrumb\",\"itemListElement\":[{\"@type\":\"ListItem\",\"position\":1,\"name\":\"Home\",\"item\":\"https:\\\/\\\/www.smpengineeredsolutions.com\\\/de\\\/\"},{\"@type\":\"ListItem\",\"position\":2,\"name\":\"Produkte\",\"item\":\"https:\\\/\\\/www.smpengineeredsolutions.com\\\/de\\\/produkte\\\/\"},{\"@type\":\"ListItem\",\"position\":3,\"name\":\"Sensoren\",\"item\":\"https:\\\/\\\/www.tcp.smpengineeredsolutions.com\\\/de\\\/produkte\\\/sensoren\\\/\"},{\"@type\":\"ListItem\",\"position\":4,\"name\":\"Drehbewegungspositionssensoren\"}]},{\"@type\":\"WebSite\",\"@id\":\"https:\\\/\\\/www._tcp.smpengineeredsolutions.com\\\/#website\",\"url\":\"https:\\\/\\\/www._tcp.smpengineeredsolutions.com\\\/\",\"name\":\"Standard Motor Products, Inc.\",\"description\":\"\",\"publisher\":{\"@id\":\"https:\\\/\\\/www._tcp.smpengineeredsolutions.com\\\/#organization\"},\"potentialAction\":[{\"@type\":\"SearchAction\",\"target\":{\"@type\":\"EntryPoint\",\"urlTemplate\":\"https:\\\/\\\/www._tcp.smpengineeredsolutions.com\\\/?s={search_term_string}\"},\"query-input\":{\"@type\":\"PropertyValueSpecification\",\"valueRequired\":true,\"valueName\":\"search_term_string\"}}],\"inLanguage\":\"de\"},{\"@type\":\"Organization\",\"@id\":\"https:\\\/\\\/www._tcp.smpengineeredsolutions.com\\\/#organization\",\"name\":\"SMP\u00ae Engineered Solutions\",\"url\":\"https:\\\/\\\/www._tcp.smpengineeredsolutions.com\\\/\",\"logo\":{\"@type\":\"ImageObject\",\"inLanguage\":\"de\",\"@id\":\"https:\\\/\\\/www._tcp.smpengineeredsolutions.com\\\/#\\\/schema\\\/logo\\\/image\\\/\",\"url\":\"https:\\\/\\\/www.a.smpengineeredsolutions.com\\\/wp-content\\\/uploads\\\/smp-logo.png\",\"contentUrl\":\"https:\\\/\\\/www.a.smpengineeredsolutions.com\\\/wp-content\\\/uploads\\\/smp-logo.png\",\"width\":264,\"height\":117,\"caption\":\"SMP\u00ae Engineered Solutions\"},\"image\":{\"@id\":\"https:\\\/\\\/www._tcp.smpengineeredsolutions.com\\\/#\\\/schema\\\/logo\\\/image\\\/\"},\"sameAs\":[\"https:\\\/\\\/www.youtube.com\\\/@StandardMotorProductsInc\",\"https:\\\/\\\/www.linkedin.com\\\/company\\\/standard-motor-products\"]}]}<\/script>\n<!-- \/ Yoast SEO Premium plugin. -->","yoast_head_json":{"title":"Drehstellungssensor | Sensoren | Standard Motor Products, Inc.","description":"Entdecken Sie eine umfangreiche Auswahl an Produkten zur Fahrzeugsteuerung. Erfahren Sie, wie Drehpositionssensoren die genaue Positionierung von Ger\u00e4ten gew\u00e4hrleisten.","robots":{"index":"index","follow":"follow","max-snippet":"max-snippet:-1","max-image-preview":"max-image-preview:large","max-video-preview":"max-video-preview:-1"},"canonical":"https:\/\/www.smpengineeredsolutions.com\/de\/produkte\/sensoren\/drehbewegungspositionssensoren\/","og_locale":"de_DE","og_type":"article","og_title":"Drehbewegungspositionssensoren","og_description":"Entdecken Sie eine umfangreiche Auswahl an Produkten zur Fahrzeugsteuerung. Erfahren Sie, wie Drehpositionssensoren die genaue Positionierung von Ger\u00e4ten gew\u00e4hrleisten.","og_url":"https:\/\/www.smpengineeredsolutions.com\/de\/produkte\/sensoren\/drehbewegungspositionssensoren\/","og_site_name":"Standard Motor Products, Inc.","article_modified_time":"2024-08-29T15:36:07+00:00","twitter_misc":{"Gesch\u00e4tzte Lesezeit":"3\u00a0Minuten"},"schema":{"@context":"https:\/\/schema.org","@graph":[{"@type":"WebPage","@id":"https:\/\/www.smpengineeredsolutions.com\/de\/produkte\/sensoren\/drehbewegungspositionssensoren\/","url":"https:\/\/www.smpengineeredsolutions.com\/de\/produkte\/sensoren\/drehbewegungspositionssensoren\/","name":"Drehstellungssensor | Sensoren | Standard Motor Products, Inc.","isPartOf":{"@id":"https:\/\/www._tcp.smpengineeredsolutions.com\/#website"},"datePublished":"2023-02-15T22:45:19+00:00","dateModified":"2024-08-29T15:36:07+00:00","description":"Entdecken Sie eine umfangreiche Auswahl an Produkten zur Fahrzeugsteuerung. Erfahren Sie, wie Drehpositionssensoren die genaue Positionierung von Ger\u00e4ten gew\u00e4hrleisten.","breadcrumb":{"@id":"https:\/\/www.smpengineeredsolutions.com\/de\/produkte\/sensoren\/drehbewegungspositionssensoren\/#breadcrumb"},"inLanguage":"de","potentialAction":[{"@type":"ReadAction","target":["https:\/\/www.smpengineeredsolutions.com\/de\/produkte\/sensoren\/drehbewegungspositionssensoren\/"]}]},{"@type":"BreadcrumbList","@id":"https:\/\/www.smpengineeredsolutions.com\/de\/produkte\/sensoren\/drehbewegungspositionssensoren\/#breadcrumb","itemListElement":[{"@type":"ListItem","position":1,"name":"Home","item":"https:\/\/www.smpengineeredsolutions.com\/de\/"},{"@type":"ListItem","position":2,"name":"Produkte","item":"https:\/\/www.smpengineeredsolutions.com\/de\/produkte\/"},{"@type":"ListItem","position":3,"name":"Sensoren","item":"https:\/\/www.tcp.smpengineeredsolutions.com\/de\/produkte\/sensoren\/"},{"@type":"ListItem","position":4,"name":"Drehbewegungspositionssensoren"}]},{"@type":"WebSite","@id":"https:\/\/www._tcp.smpengineeredsolutions.com\/#website","url":"https:\/\/www._tcp.smpengineeredsolutions.com\/","name":"Standard Motor Products, Inc.","description":"","publisher":{"@id":"https:\/\/www._tcp.smpengineeredsolutions.com\/#organization"},"potentialAction":[{"@type":"SearchAction","target":{"@type":"EntryPoint","urlTemplate":"https:\/\/www._tcp.smpengineeredsolutions.com\/?s={search_term_string}"},"query-input":{"@type":"PropertyValueSpecification","valueRequired":true,"valueName":"search_term_string"}}],"inLanguage":"de"},{"@type":"Organization","@id":"https:\/\/www._tcp.smpengineeredsolutions.com\/#organization","name":"SMP\u00ae Engineered Solutions","url":"https:\/\/www._tcp.smpengineeredsolutions.com\/","logo":{"@type":"ImageObject","inLanguage":"de","@id":"https:\/\/www._tcp.smpengineeredsolutions.com\/#\/schema\/logo\/image\/","url":"https:\/\/www.a.smpengineeredsolutions.com\/wp-content\/uploads\/smp-logo.png","contentUrl":"https:\/\/www.a.smpengineeredsolutions.com\/wp-content\/uploads\/smp-logo.png","width":264,"height":117,"caption":"SMP\u00ae Engineered Solutions"},"image":{"@id":"https:\/\/www._tcp.smpengineeredsolutions.com\/#\/schema\/logo\/image\/"},"sameAs":["https:\/\/www.youtube.com\/@StandardMotorProductsInc","https:\/\/www.linkedin.com\/company\/standard-motor-products"]}]}},"_links":{"self":[{"href":"https:\/\/www.smpengineeredsolutions.com\/de\/wp-json\/wp\/v2\/pages\/4682","targetHints":{"allow":["GET"]}}],"collection":[{"href":"https:\/\/www.smpengineeredsolutions.com\/de\/wp-json\/wp\/v2\/pages"}],"about":[{"href":"https:\/\/www.smpengineeredsolutions.com\/de\/wp-json\/wp\/v2\/types\/page"}],"author":[{"embeddable":true,"href":"https:\/\/www.smpengineeredsolutions.com\/de\/wp-json\/wp\/v2\/users\/27"}],"replies":[{"embeddable":true,"href":"https:\/\/www.smpengineeredsolutions.com\/de\/wp-json\/wp\/v2\/comments?post=4682"}],"version-history":[{"count":1,"href":"https:\/\/www.smpengineeredsolutions.com\/de\/wp-json\/wp\/v2\/pages\/4682\/revisions"}],"predecessor-version":[{"id":7150,"href":"https:\/\/www.smpengineeredsolutions.com\/de\/wp-json\/wp\/v2\/pages\/4682\/revisions\/7150"}],"up":[{"embeddable":true,"href":"https:\/\/www.smpengineeredsolutions.com\/de\/wp-json\/wp\/v2\/pages\/4672"}],"wp:attachment":[{"href":"https:\/\/www.smpengineeredsolutions.com\/de\/wp-json\/wp\/v2\/media?parent=4682"}],"curies":[{"name":"wp","href":"https:\/\/api.w.org\/{rel}","templated":true}]}}