{"id":4680,"date":"2023-01-09T13:43:41","date_gmt":"2023-01-09T18:43:41","guid":{"rendered":"https:\/\/smpengineeredsolutions.com\/?page_id=4680"},"modified":"2023-08-31T11:42:19","modified_gmt":"2023-08-31T11:42:19","slug":"positions-drehzahlsensoren","status":"publish","type":"page","link":"https:\/\/www.smpengineeredsolutions.com\/de\/produkte\/sensoren\/positions-drehzahlsensoren\/","title":{"rendered":"Positions-\/Drehzahlsensoren"},"content":{"rendered":"<p>Mit Hilfe von Magneten und magnetischen Sensorelementen wie Reed-Schaltern oder Hall-Sensoren haben wir die M\u00f6glichkeit, die Position und Bewegung von beweglichen Teilen eines Fahrzeugs zu erkennen. Eine g\u00e4ngige Anwendung sind die magnetischen N\u00e4herungsschalter, die auch als Endschalter eingesetzt werden k\u00f6nnen. Physikalische Kenngr\u00f6\u00dfen wie Sensorpunkte und Hysterese k\u00f6nnen individuell justiert werden. Die STABIL ELEKTROTECHNIK GmbH ist in diesem Bereich in der Lage, bereits in einem sehr fr\u00fchen Stadium \u2013 vor der Erstellung von A-Mustern \u2013 Untersuchungen durchzuf\u00fchren und das Gesamtsystem mit Hilfe von Simulationsrechnungen und Visualisierungstools zu optimieren.<\/p>\n","protected":false},"excerpt":{"rendered":"<p>Mit Hilfe von Magneten und magnetischen Sensorelementen wie Reed-Schaltern oder Hall-Sensoren haben wir die M\u00f6glichkeit, die Position und Bewegung von beweglichen Teilen eines Fahrzeugs zu erkennen. Eine g\u00e4ngige Anwendung sind die magnetischen N\u00e4herungsschalter, die auch als Endschalter eingesetzt werden k\u00f6nnen. Physikalische Kenngr\u00f6\u00dfen wie Sensorpunkte und Hysterese k\u00f6nnen individuell justiert werden. Die STABIL ELEKTROTECHNIK GmbH ist&#8230; [&#8230;]<\/p>\n<p><a class=\"btn btn-secondary understrap-read-more-link\" href=\"https:\/\/www.smpengineeredsolutions.com\/de\/produkte\/sensoren\/positions-drehzahlsensoren\/\">Weiterlesen&#8230;<\/a><\/p>\n","protected":false},"author":27,"featured_media":0,"parent":4672,"menu_order":0,"comment_status":"closed","ping_status":"closed","template":"page-templates\/destination-content.php","meta":{"_acf_changed":false,"inline_featured_image":false,"footnotes":""},"class_list":["post-4680","page","type-page","status-publish","hentry"],"featured_image_src":null,"acf":[],"yoast_head":"<!-- This site is optimized with the Yoast SEO Premium plugin v27.4 (Yoast SEO v27.4) - https:\/\/yoast.com\/product\/yoast-seo-premium-wordpress\/ -->\n<title>Positions-\/Drehzahlsensoren - Standard Motor Products, Inc.<\/title>\n<meta name=\"robots\" content=\"index, follow, max-snippet:-1, max-image-preview:large, max-video-preview:-1\" \/>\n<link rel=\"canonical\" href=\"https:\/\/www.smpengineeredsolutions.com\/de\/produkte\/sensoren\/positions-drehzahlsensoren\/\" \/>\n<meta property=\"og:locale\" content=\"de_DE\" \/>\n<meta property=\"og:type\" content=\"article\" \/>\n<meta property=\"og:title\" content=\"Positions-\/Drehzahlsensoren\" \/>\n<meta property=\"og:description\" content=\"Mit Hilfe von Magneten und magnetischen Sensorelementen wie Reed-Schaltern oder Hall-Sensoren haben wir die M\u00f6glichkeit, die Position und Bewegung von beweglichen Teilen eines Fahrzeugs zu erkennen. Eine g\u00e4ngige Anwendung sind die magnetischen N\u00e4herungsschalter, die auch als Endschalter eingesetzt werden k\u00f6nnen. Physikalische Kenngr\u00f6\u00dfen wie Sensorpunkte und Hysterese k\u00f6nnen individuell justiert werden. Die STABIL ELEKTROTECHNIK GmbH ist... [...]Weiterlesen...\" \/>\n<meta property=\"og:url\" content=\"https:\/\/www.smpengineeredsolutions.com\/de\/produkte\/sensoren\/positions-drehzahlsensoren\/\" \/>\n<meta property=\"og:site_name\" content=\"Standard Motor Products, Inc.\" \/>\n<meta property=\"article:modified_time\" content=\"2023-08-31T11:42:19+00:00\" \/>\n<meta name=\"twitter:label1\" content=\"Gesch\u00e4tzte Lesezeit\" \/>\n\t<meta name=\"twitter:data1\" content=\"1\u00a0Minute\" \/>\n<script type=\"application\/ld+json\" class=\"yoast-schema-graph\">{\"@context\":\"https:\\\/\\\/schema.org\",\"@graph\":[{\"@type\":\"WebPage\",\"@id\":\"https:\\\/\\\/www.smpengineeredsolutions.com\\\/de\\\/produkte\\\/sensoren\\\/positions-drehzahlsensoren\\\/\",\"url\":\"https:\\\/\\\/www.smpengineeredsolutions.com\\\/de\\\/produkte\\\/sensoren\\\/positions-drehzahlsensoren\\\/\",\"name\":\"Positions-\\\/Drehzahlsensoren - Standard Motor Products, Inc.\",\"isPartOf\":{\"@id\":\"https:\\\/\\\/www._tcp.smpengineeredsolutions.com\\\/#website\"},\"datePublished\":\"2023-01-09T18:43:41+00:00\",\"dateModified\":\"2023-08-31T11:42:19+00:00\",\"breadcrumb\":{\"@id\":\"https:\\\/\\\/www.smpengineeredsolutions.com\\\/de\\\/produkte\\\/sensoren\\\/positions-drehzahlsensoren\\\/#breadcrumb\"},\"inLanguage\":\"de\",\"potentialAction\":[{\"@type\":\"ReadAction\",\"target\":[\"https:\\\/\\\/www.smpengineeredsolutions.com\\\/de\\\/produkte\\\/sensoren\\\/positions-drehzahlsensoren\\\/\"]}]},{\"@type\":\"BreadcrumbList\",\"@id\":\"https:\\\/\\\/www.smpengineeredsolutions.com\\\/de\\\/produkte\\\/sensoren\\\/positions-drehzahlsensoren\\\/#breadcrumb\",\"itemListElement\":[{\"@type\":\"ListItem\",\"position\":1,\"name\":\"Home\",\"item\":\"https:\\\/\\\/www.smpengineeredsolutions.com\\\/de\\\/\"},{\"@type\":\"ListItem\",\"position\":2,\"name\":\"Produkte\",\"item\":\"https:\\\/\\\/www.smpengineeredsolutions.com\\\/de\\\/produkte\\\/\"},{\"@type\":\"ListItem\",\"position\":3,\"name\":\"Sensoren\",\"item\":\"https:\\\/\\\/www.tcp.smpengineeredsolutions.com\\\/de\\\/produkte\\\/sensoren\\\/\"},{\"@type\":\"ListItem\",\"position\":4,\"name\":\"Positions-\\\/Drehzahlsensoren\"}]},{\"@type\":\"WebSite\",\"@id\":\"https:\\\/\\\/www._tcp.smpengineeredsolutions.com\\\/#website\",\"url\":\"https:\\\/\\\/www._tcp.smpengineeredsolutions.com\\\/\",\"name\":\"Standard Motor Products, Inc.\",\"description\":\"\",\"publisher\":{\"@id\":\"https:\\\/\\\/www._tcp.smpengineeredsolutions.com\\\/#organization\"},\"potentialAction\":[{\"@type\":\"SearchAction\",\"target\":{\"@type\":\"EntryPoint\",\"urlTemplate\":\"https:\\\/\\\/www._tcp.smpengineeredsolutions.com\\\/?s={search_term_string}\"},\"query-input\":{\"@type\":\"PropertyValueSpecification\",\"valueRequired\":true,\"valueName\":\"search_term_string\"}}],\"inLanguage\":\"de\"},{\"@type\":\"Organization\",\"@id\":\"https:\\\/\\\/www._tcp.smpengineeredsolutions.com\\\/#organization\",\"name\":\"SMP\u00ae Engineered Solutions\",\"url\":\"https:\\\/\\\/www._tcp.smpengineeredsolutions.com\\\/\",\"logo\":{\"@type\":\"ImageObject\",\"inLanguage\":\"de\",\"@id\":\"https:\\\/\\\/www._tcp.smpengineeredsolutions.com\\\/#\\\/schema\\\/logo\\\/image\\\/\",\"url\":\"https:\\\/\\\/www.a.smpengineeredsolutions.com\\\/wp-content\\\/uploads\\\/smp-logo.png\",\"contentUrl\":\"https:\\\/\\\/www.a.smpengineeredsolutions.com\\\/wp-content\\\/uploads\\\/smp-logo.png\",\"width\":264,\"height\":117,\"caption\":\"SMP\u00ae Engineered Solutions\"},\"image\":{\"@id\":\"https:\\\/\\\/www._tcp.smpengineeredsolutions.com\\\/#\\\/schema\\\/logo\\\/image\\\/\"},\"sameAs\":[\"https:\\\/\\\/www.youtube.com\\\/@StandardMotorProductsInc\",\"https:\\\/\\\/www.linkedin.com\\\/company\\\/standard-motor-products\"]}]}<\/script>\n<!-- \/ Yoast SEO Premium plugin. -->","yoast_head_json":{"title":"Positions-\/Drehzahlsensoren - Standard Motor Products, Inc.","robots":{"index":"index","follow":"follow","max-snippet":"max-snippet:-1","max-image-preview":"max-image-preview:large","max-video-preview":"max-video-preview:-1"},"canonical":"https:\/\/www.smpengineeredsolutions.com\/de\/produkte\/sensoren\/positions-drehzahlsensoren\/","og_locale":"de_DE","og_type":"article","og_title":"Positions-\/Drehzahlsensoren","og_description":"Mit Hilfe von Magneten und magnetischen Sensorelementen wie Reed-Schaltern oder Hall-Sensoren haben wir die M\u00f6glichkeit, die Position und Bewegung von beweglichen Teilen eines Fahrzeugs zu erkennen. Eine g\u00e4ngige Anwendung sind die magnetischen N\u00e4herungsschalter, die auch als Endschalter eingesetzt werden k\u00f6nnen. Physikalische Kenngr\u00f6\u00dfen wie Sensorpunkte und Hysterese k\u00f6nnen individuell justiert werden. Die STABIL ELEKTROTECHNIK GmbH ist... [...]Weiterlesen...","og_url":"https:\/\/www.smpengineeredsolutions.com\/de\/produkte\/sensoren\/positions-drehzahlsensoren\/","og_site_name":"Standard Motor Products, Inc.","article_modified_time":"2023-08-31T11:42:19+00:00","twitter_misc":{"Gesch\u00e4tzte Lesezeit":"1\u00a0Minute"},"schema":{"@context":"https:\/\/schema.org","@graph":[{"@type":"WebPage","@id":"https:\/\/www.smpengineeredsolutions.com\/de\/produkte\/sensoren\/positions-drehzahlsensoren\/","url":"https:\/\/www.smpengineeredsolutions.com\/de\/produkte\/sensoren\/positions-drehzahlsensoren\/","name":"Positions-\/Drehzahlsensoren - Standard Motor Products, Inc.","isPartOf":{"@id":"https:\/\/www._tcp.smpengineeredsolutions.com\/#website"},"datePublished":"2023-01-09T18:43:41+00:00","dateModified":"2023-08-31T11:42:19+00:00","breadcrumb":{"@id":"https:\/\/www.smpengineeredsolutions.com\/de\/produkte\/sensoren\/positions-drehzahlsensoren\/#breadcrumb"},"inLanguage":"de","potentialAction":[{"@type":"ReadAction","target":["https:\/\/www.smpengineeredsolutions.com\/de\/produkte\/sensoren\/positions-drehzahlsensoren\/"]}]},{"@type":"BreadcrumbList","@id":"https:\/\/www.smpengineeredsolutions.com\/de\/produkte\/sensoren\/positions-drehzahlsensoren\/#breadcrumb","itemListElement":[{"@type":"ListItem","position":1,"name":"Home","item":"https:\/\/www.smpengineeredsolutions.com\/de\/"},{"@type":"ListItem","position":2,"name":"Produkte","item":"https:\/\/www.smpengineeredsolutions.com\/de\/produkte\/"},{"@type":"ListItem","position":3,"name":"Sensoren","item":"https:\/\/www.tcp.smpengineeredsolutions.com\/de\/produkte\/sensoren\/"},{"@type":"ListItem","position":4,"name":"Positions-\/Drehzahlsensoren"}]},{"@type":"WebSite","@id":"https:\/\/www._tcp.smpengineeredsolutions.com\/#website","url":"https:\/\/www._tcp.smpengineeredsolutions.com\/","name":"Standard Motor Products, Inc.","description":"","publisher":{"@id":"https:\/\/www._tcp.smpengineeredsolutions.com\/#organization"},"potentialAction":[{"@type":"SearchAction","target":{"@type":"EntryPoint","urlTemplate":"https:\/\/www._tcp.smpengineeredsolutions.com\/?s={search_term_string}"},"query-input":{"@type":"PropertyValueSpecification","valueRequired":true,"valueName":"search_term_string"}}],"inLanguage":"de"},{"@type":"Organization","@id":"https:\/\/www._tcp.smpengineeredsolutions.com\/#organization","name":"SMP\u00ae Engineered Solutions","url":"https:\/\/www._tcp.smpengineeredsolutions.com\/","logo":{"@type":"ImageObject","inLanguage":"de","@id":"https:\/\/www._tcp.smpengineeredsolutions.com\/#\/schema\/logo\/image\/","url":"https:\/\/www.a.smpengineeredsolutions.com\/wp-content\/uploads\/smp-logo.png","contentUrl":"https:\/\/www.a.smpengineeredsolutions.com\/wp-content\/uploads\/smp-logo.png","width":264,"height":117,"caption":"SMP\u00ae Engineered Solutions"},"image":{"@id":"https:\/\/www._tcp.smpengineeredsolutions.com\/#\/schema\/logo\/image\/"},"sameAs":["https:\/\/www.youtube.com\/@StandardMotorProductsInc","https:\/\/www.linkedin.com\/company\/standard-motor-products"]}]}},"_links":{"self":[{"href":"https:\/\/www.smpengineeredsolutions.com\/de\/wp-json\/wp\/v2\/pages\/4680","targetHints":{"allow":["GET"]}}],"collection":[{"href":"https:\/\/www.smpengineeredsolutions.com\/de\/wp-json\/wp\/v2\/pages"}],"about":[{"href":"https:\/\/www.smpengineeredsolutions.com\/de\/wp-json\/wp\/v2\/types\/page"}],"author":[{"embeddable":true,"href":"https:\/\/www.smpengineeredsolutions.com\/de\/wp-json\/wp\/v2\/users\/27"}],"replies":[{"embeddable":true,"href":"https:\/\/www.smpengineeredsolutions.com\/de\/wp-json\/wp\/v2\/comments?post=4680"}],"version-history":[{"count":0,"href":"https:\/\/www.smpengineeredsolutions.com\/de\/wp-json\/wp\/v2\/pages\/4680\/revisions"}],"up":[{"embeddable":true,"href":"https:\/\/www.smpengineeredsolutions.com\/de\/wp-json\/wp\/v2\/pages\/4672"}],"wp:attachment":[{"href":"https:\/\/www.smpengineeredsolutions.com\/de\/wp-json\/wp\/v2\/media?parent=4680"}],"curies":[{"name":"wp","href":"https:\/\/api.w.org\/{rel}","templated":true}]}}