{"id":4675,"date":"2023-01-09T13:30:34","date_gmt":"2023-01-09T18:30:34","guid":{"rendered":"https:\/\/smpengineeredsolutions.com\/?page_id=4675"},"modified":"2023-09-11T07:24:17","modified_gmt":"2023-09-11T07:24:17","slug":"drucksensoren","status":"publish","type":"page","link":"https:\/\/www.smpengineeredsolutions.com\/de\/produkte\/sensoren\/drucksensoren\/","title":{"rendered":"Drucksensoren"},"content":{"rendered":"<div class=\"feature-img-right\"><a class=\"lightbox\" href=\"\/wp-content\/uploads\/3-pressure-sensors-2.jpg\"><img decoding=\"async\" title=\"Drucksensoren\" src=\"\/wp-content\/uploads\/3-pressure-sensors-2.jpg\" alt=\"Drucksensoren\" \/><\/a><\/div>\n<div>\n<p>Drucksensoren sind Messger\u00e4te, die den Druck von Gasen oder Fl\u00fcssigkeiten \u00fcberwachen, um:<\/p>\n<ul>\n<li>den Betrieb durch Kalibrierung zu optimieren<\/li>\n<li>die verschiedenen Systeme vor \u00dcber- oder Unterdruck zu sch\u00fctzen<\/li>\n<li>Emissionen zu kontrollieren<\/li>\n<li>die Sicherheit der Anwender erh\u00f6hen<\/li>\n<\/ul>\n<p>Unsere Drucksensoren verwenden diverse Technologien:<\/p>\n<ul>\n<li>Potentiometrisch<\/li>\n<li>MEMS<\/li>\n<li>Kapazitiv<\/li>\n<li>Piezoresistiv<\/li>\n<\/ul>\n<p>Unsere Drucksensoren k\u00f6nnen verschiedene Arten von Druck messen:<\/p>\n<ul>\n<li>Absolut<\/li>\n<li>Relativ<\/li>\n<li>Differenziell<\/li>\n<\/ul>\n<\/div>\n","protected":false},"excerpt":{"rendered":"<p>Drucksensoren sind Messger\u00e4te, die den Druck von Gasen oder Fl\u00fcssigkeiten \u00fcberwachen, um: den Betrieb durch Kalibrierung zu optimieren die verschiedenen Systeme vor \u00dcber- oder Unterdruck zu sch\u00fctzen Emissionen zu kontrollieren die Sicherheit der Anwender erh\u00f6hen Unsere Drucksensoren verwenden diverse Technologien: Potentiometrisch MEMS Kapazitiv Piezoresistiv Unsere Drucksensoren k\u00f6nnen verschiedene Arten von Druck messen: Absolut Relativ Differenziell [&#8230;]<\/p>\n<p><a class=\"btn btn-secondary understrap-read-more-link\" href=\"https:\/\/www.smpengineeredsolutions.com\/de\/produkte\/sensoren\/drucksensoren\/\">Weiterlesen&#8230;<\/a><\/p>\n","protected":false},"author":27,"featured_media":0,"parent":4672,"menu_order":0,"comment_status":"closed","ping_status":"closed","template":"page-templates\/destination-content.php","meta":{"_acf_changed":false,"inline_featured_image":false,"footnotes":""},"class_list":["post-4675","page","type-page","status-publish","hentry"],"featured_image_src":null,"acf":[],"yoast_head":"<!-- This site is optimized with the Yoast SEO Premium plugin v27.5 (Yoast SEO v27.5) - https:\/\/yoast.com\/product\/yoast-seo-premium-wordpress\/ -->\n<title>Drucksensoren - Standard Motor Products, Inc.<\/title>\n<meta name=\"robots\" content=\"index, follow, max-snippet:-1, max-image-preview:large, max-video-preview:-1\" \/>\n<link rel=\"canonical\" href=\"https:\/\/www.smpengineeredsolutions.com\/de\/produkte\/sensoren\/drucksensoren\/\" \/>\n<meta property=\"og:locale\" content=\"de_DE\" \/>\n<meta property=\"og:type\" content=\"article\" \/>\n<meta property=\"og:title\" content=\"Drucksensoren\" \/>\n<meta property=\"og:description\" content=\"Drucksensoren sind Messger\u00e4te, die den Druck von Gasen oder Fl\u00fcssigkeiten \u00fcberwachen, um: den Betrieb durch Kalibrierung zu optimieren die verschiedenen Systeme vor \u00dcber- oder Unterdruck zu sch\u00fctzen Emissionen zu kontrollieren die Sicherheit der Anwender erh\u00f6hen Unsere Drucksensoren verwenden diverse Technologien: Potentiometrisch MEMS Kapazitiv Piezoresistiv Unsere Drucksensoren k\u00f6nnen verschiedene Arten von Druck messen: Absolut Relativ Differenziell [...]Weiterlesen...\" \/>\n<meta property=\"og:url\" content=\"https:\/\/www.smpengineeredsolutions.com\/de\/produkte\/sensoren\/drucksensoren\/\" \/>\n<meta property=\"og:site_name\" content=\"Standard Motor Products, Inc.\" \/>\n<meta property=\"article:modified_time\" content=\"2023-09-11T07:24:17+00:00\" \/>\n<meta name=\"twitter:label1\" content=\"Gesch\u00e4tzte Lesezeit\" \/>\n\t<meta name=\"twitter:data1\" content=\"1\u00a0Minute\" \/>\n<script type=\"application\/ld+json\" class=\"yoast-schema-graph\">{\"@context\":\"https:\\\/\\\/schema.org\",\"@graph\":[{\"@type\":\"WebPage\",\"@id\":\"https:\\\/\\\/www.smpengineeredsolutions.com\\\/de\\\/produkte\\\/sensoren\\\/drucksensoren\\\/\",\"url\":\"https:\\\/\\\/www.smpengineeredsolutions.com\\\/de\\\/produkte\\\/sensoren\\\/drucksensoren\\\/\",\"name\":\"Drucksensoren - Standard Motor Products, Inc.\",\"isPartOf\":{\"@id\":\"https:\\\/\\\/www.smpengineeredsolutions.com\\\/de\\\/#website\"},\"datePublished\":\"2023-01-09T18:30:34+00:00\",\"dateModified\":\"2023-09-11T07:24:17+00:00\",\"breadcrumb\":{\"@id\":\"https:\\\/\\\/www.smpengineeredsolutions.com\\\/de\\\/produkte\\\/sensoren\\\/drucksensoren\\\/#breadcrumb\"},\"inLanguage\":\"de\",\"potentialAction\":[{\"@type\":\"ReadAction\",\"target\":[\"https:\\\/\\\/www.smpengineeredsolutions.com\\\/de\\\/produkte\\\/sensoren\\\/drucksensoren\\\/\"]}]},{\"@type\":\"BreadcrumbList\",\"@id\":\"https:\\\/\\\/www.smpengineeredsolutions.com\\\/de\\\/produkte\\\/sensoren\\\/drucksensoren\\\/#breadcrumb\",\"itemListElement\":[{\"@type\":\"ListItem\",\"position\":1,\"name\":\"Home\",\"item\":\"https:\\\/\\\/www.smpengineeredsolutions.com\\\/de\\\/\"},{\"@type\":\"ListItem\",\"position\":2,\"name\":\"Produkte\",\"item\":\"https:\\\/\\\/www.af63878a-61a4-44d4-a3f9-8118d911569f.smpengineeredsolutions.com\\\/de\\\/produkte\\\/\"},{\"@type\":\"ListItem\",\"position\":3,\"name\":\"Sensoren\",\"item\":\"https:\\\/\\\/www.af63878a-61a4-44d4-a3f9-8118d911569f.smpengineeredsolutions.com\\\/de\\\/produkte\\\/sensoren\\\/\"},{\"@type\":\"ListItem\",\"position\":4,\"name\":\"Drucksensoren\"}]},{\"@type\":\"WebSite\",\"@id\":\"https:\\\/\\\/www.smpengineeredsolutions.com\\\/de\\\/#website\",\"url\":\"https:\\\/\\\/www.smpengineeredsolutions.com\\\/de\\\/\",\"name\":\"Standard Motor Products, Inc.\",\"description\":\"\",\"publisher\":{\"@id\":\"https:\\\/\\\/www.smpengineeredsolutions.com\\\/de\\\/#organization\"},\"potentialAction\":[{\"@type\":\"SearchAction\",\"target\":{\"@type\":\"EntryPoint\",\"urlTemplate\":\"https:\\\/\\\/www.smpengineeredsolutions.com\\\/de\\\/?s={search_term_string}\"},\"query-input\":{\"@type\":\"PropertyValueSpecification\",\"valueRequired\":true,\"valueName\":\"search_term_string\"}}],\"inLanguage\":\"de\"},{\"@type\":\"Organization\",\"@id\":\"https:\\\/\\\/www.smpengineeredsolutions.com\\\/de\\\/#organization\",\"name\":\"SMP\u00ae Engineered Solutions\",\"url\":\"https:\\\/\\\/www.smpengineeredsolutions.com\\\/de\\\/\",\"logo\":{\"@type\":\"ImageObject\",\"inLanguage\":\"de\",\"@id\":\"https:\\\/\\\/www.smpengineeredsolutions.com\\\/de\\\/#\\\/schema\\\/logo\\\/image\\\/\",\"url\":\"https:\\\/\\\/www.a.smpengineeredsolutions.com\\\/wp-content\\\/uploads\\\/smp-logo.png\",\"contentUrl\":\"https:\\\/\\\/www.a.smpengineeredsolutions.com\\\/wp-content\\\/uploads\\\/smp-logo.png\",\"width\":264,\"height\":117,\"caption\":\"SMP\u00ae Engineered Solutions\"},\"image\":{\"@id\":\"https:\\\/\\\/www.smpengineeredsolutions.com\\\/de\\\/#\\\/schema\\\/logo\\\/image\\\/\"},\"sameAs\":[\"https:\\\/\\\/www.youtube.com\\\/@StandardMotorProductsInc\",\"https:\\\/\\\/www.linkedin.com\\\/company\\\/standard-motor-products\"]}]}<\/script>\n<!-- \/ Yoast SEO Premium plugin. -->","yoast_head_json":{"title":"Drucksensoren - Standard Motor Products, Inc.","robots":{"index":"index","follow":"follow","max-snippet":"max-snippet:-1","max-image-preview":"max-image-preview:large","max-video-preview":"max-video-preview:-1"},"canonical":"https:\/\/www.smpengineeredsolutions.com\/de\/produkte\/sensoren\/drucksensoren\/","og_locale":"de_DE","og_type":"article","og_title":"Drucksensoren","og_description":"Drucksensoren sind Messger\u00e4te, die den Druck von Gasen oder Fl\u00fcssigkeiten \u00fcberwachen, um: den Betrieb durch Kalibrierung zu optimieren die verschiedenen Systeme vor \u00dcber- oder Unterdruck zu sch\u00fctzen Emissionen zu kontrollieren die Sicherheit der Anwender erh\u00f6hen Unsere Drucksensoren verwenden diverse Technologien: Potentiometrisch MEMS Kapazitiv Piezoresistiv Unsere Drucksensoren k\u00f6nnen verschiedene Arten von Druck messen: Absolut Relativ Differenziell [...]Weiterlesen...","og_url":"https:\/\/www.smpengineeredsolutions.com\/de\/produkte\/sensoren\/drucksensoren\/","og_site_name":"Standard Motor Products, Inc.","article_modified_time":"2023-09-11T07:24:17+00:00","twitter_misc":{"Gesch\u00e4tzte Lesezeit":"1\u00a0Minute"},"schema":{"@context":"https:\/\/schema.org","@graph":[{"@type":"WebPage","@id":"https:\/\/www.smpengineeredsolutions.com\/de\/produkte\/sensoren\/drucksensoren\/","url":"https:\/\/www.smpengineeredsolutions.com\/de\/produkte\/sensoren\/drucksensoren\/","name":"Drucksensoren - Standard Motor Products, Inc.","isPartOf":{"@id":"https:\/\/www.smpengineeredsolutions.com\/de\/#website"},"datePublished":"2023-01-09T18:30:34+00:00","dateModified":"2023-09-11T07:24:17+00:00","breadcrumb":{"@id":"https:\/\/www.smpengineeredsolutions.com\/de\/produkte\/sensoren\/drucksensoren\/#breadcrumb"},"inLanguage":"de","potentialAction":[{"@type":"ReadAction","target":["https:\/\/www.smpengineeredsolutions.com\/de\/produkte\/sensoren\/drucksensoren\/"]}]},{"@type":"BreadcrumbList","@id":"https:\/\/www.smpengineeredsolutions.com\/de\/produkte\/sensoren\/drucksensoren\/#breadcrumb","itemListElement":[{"@type":"ListItem","position":1,"name":"Home","item":"https:\/\/www.smpengineeredsolutions.com\/de\/"},{"@type":"ListItem","position":2,"name":"Produkte","item":"https:\/\/www.af63878a-61a4-44d4-a3f9-8118d911569f.smpengineeredsolutions.com\/de\/produkte\/"},{"@type":"ListItem","position":3,"name":"Sensoren","item":"https:\/\/www.af63878a-61a4-44d4-a3f9-8118d911569f.smpengineeredsolutions.com\/de\/produkte\/sensoren\/"},{"@type":"ListItem","position":4,"name":"Drucksensoren"}]},{"@type":"WebSite","@id":"https:\/\/www.smpengineeredsolutions.com\/de\/#website","url":"https:\/\/www.smpengineeredsolutions.com\/de\/","name":"Standard Motor Products, Inc.","description":"","publisher":{"@id":"https:\/\/www.smpengineeredsolutions.com\/de\/#organization"},"potentialAction":[{"@type":"SearchAction","target":{"@type":"EntryPoint","urlTemplate":"https:\/\/www.smpengineeredsolutions.com\/de\/?s={search_term_string}"},"query-input":{"@type":"PropertyValueSpecification","valueRequired":true,"valueName":"search_term_string"}}],"inLanguage":"de"},{"@type":"Organization","@id":"https:\/\/www.smpengineeredsolutions.com\/de\/#organization","name":"SMP\u00ae Engineered Solutions","url":"https:\/\/www.smpengineeredsolutions.com\/de\/","logo":{"@type":"ImageObject","inLanguage":"de","@id":"https:\/\/www.smpengineeredsolutions.com\/de\/#\/schema\/logo\/image\/","url":"https:\/\/www.a.smpengineeredsolutions.com\/wp-content\/uploads\/smp-logo.png","contentUrl":"https:\/\/www.a.smpengineeredsolutions.com\/wp-content\/uploads\/smp-logo.png","width":264,"height":117,"caption":"SMP\u00ae Engineered Solutions"},"image":{"@id":"https:\/\/www.smpengineeredsolutions.com\/de\/#\/schema\/logo\/image\/"},"sameAs":["https:\/\/www.youtube.com\/@StandardMotorProductsInc","https:\/\/www.linkedin.com\/company\/standard-motor-products"]}]}},"_links":{"self":[{"href":"https:\/\/www.smpengineeredsolutions.com\/de\/wp-json\/wp\/v2\/pages\/4675","targetHints":{"allow":["GET"]}}],"collection":[{"href":"https:\/\/www.smpengineeredsolutions.com\/de\/wp-json\/wp\/v2\/pages"}],"about":[{"href":"https:\/\/www.smpengineeredsolutions.com\/de\/wp-json\/wp\/v2\/types\/page"}],"author":[{"embeddable":true,"href":"https:\/\/www.smpengineeredsolutions.com\/de\/wp-json\/wp\/v2\/users\/27"}],"replies":[{"embeddable":true,"href":"https:\/\/www.smpengineeredsolutions.com\/de\/wp-json\/wp\/v2\/comments?post=4675"}],"version-history":[{"count":0,"href":"https:\/\/www.smpengineeredsolutions.com\/de\/wp-json\/wp\/v2\/pages\/4675\/revisions"}],"up":[{"embeddable":true,"href":"https:\/\/www.smpengineeredsolutions.com\/de\/wp-json\/wp\/v2\/pages\/4672"}],"wp:attachment":[{"href":"https:\/\/www.smpengineeredsolutions.com\/de\/wp-json\/wp\/v2\/media?parent=4675"}],"curies":[{"name":"wp","href":"https:\/\/api.w.org\/{rel}","templated":true}]}}