{"id":4673,"date":"2023-01-09T13:26:44","date_gmt":"2023-01-09T18:26:44","guid":{"rendered":"https:\/\/smpengineeredsolutions.com\/?page_id=4673"},"modified":"2024-10-23T10:06:40","modified_gmt":"2024-10-23T14:06:40","slug":"abgastemperatursensoren","status":"publish","type":"page","link":"https:\/\/www.smpengineeredsolutions.com\/de\/produkte\/sensoren\/abgastemperatursensoren\/","title":{"rendered":"Abgastemperatursensoren"},"content":{"rendered":"<div class=\"text-center\"><a class=\"lightbox\" href=\"\/wp-content\/uploads\/egt-egrt_sensors-DE.jpg\"><img decoding=\"async\" title=\"Abgastemperatursensoren\" src=\"\/wp-content\/uploads\/egt-egrt_sensors-DE.jpg\" alt=\"Abgastemperatursensoren\" \/><\/a><\/div>\n<p>Abgastemperatursensoren (AGT-Sensoren) \u00fcberwachen die Abgastemperatur zur Emissionskontrolle, zur Kontrolle des Kraftstoffverbrauchs und zur Optimierung des Kraftstoff\/Luft-Verh\u00e4ltnisses. AGT-Sensoren helfen auch bei der Pr\u00fcfung der Funktion bestimmter Nachbehandlungskomponenten, wie z. B.:<\/p>\n<ul>\n<li style=\"font-weight: 400;\" aria-level=\"1\"><span style=\"font-weight: 400;\">Dieseloxidationskatalysator (DOK)<\/span><\/li>\n<li style=\"font-weight: 400;\" aria-level=\"1\"><span style=\"font-weight: 400;\">Selektive katalytische Reduktion (SKR)<\/span><\/li>\n<li style=\"font-weight: 400;\" aria-level=\"1\"><span style=\"font-weight: 400;\">Benzinpartikelfilter (BPF)<\/span><\/li>\n<li style=\"font-weight: 400;\" aria-level=\"1\"><span style=\"font-weight: 400;\">Dieselpartikelfilter (DPF)<\/span><\/li>\n<\/ul>\n<p>AGT-Sensoren, die aus Widerstandstemperaturf\u00fchlern oder Thermoelementen bestehen, messen die Temperatur des Abgasstroms, um zu verhindern, dass der Motor seine Nennbetriebstemperatur \u00fcberschreitet, da dies zu permanenten Sch\u00e4den an Motorkomponenten f\u00fchren kann. Je nach der Komplexit\u00e4t der erforderlichen \u00dcberwachung k\u00f6nnen ein oder mehrere AGT-Sensoren zum Einsatz kommen.<\/p>\n<p>Bei SMP Engineered Solutions beruhen unsere Temperatursensoren auf diversen Technologien, einschlie\u00dflich Thermistoren, Platin-Widerstandstemperaturmessger\u00e4ten und Thermoelementen. Weitere Informationen zu Abgastemperatursensoren, den verschiedenen verf\u00fcgbaren Typen und wie Sie einen defekten AGT-Sensor erkennen k\u00f6nnen.<\/p>\n<h2>Wie funktionieren Abgastemperatursensoren?<\/h2>\n<p>Ein AGT-Sensor misst die Abgastemperaturen und leitet die Daten an das Steuerger\u00e4t (ECU) weiter, um den Motor vor \u00dcberhitzung zu sch\u00fctzen. Bei kompakten Motoren besteht die Gefahr, dass die Komponenten durch hohe Temperaturen besch\u00e4digt werden. Der AGT-Sensor erkennt einen Temperaturanstieg und signalisiert dem Steuerger\u00e4t, die Motortemperatur zu senken, indem es beispielsweise die Kraftstoffeinspritzung f\u00fcr den Katalysator erh\u00f6ht oder den Ladedruck in einem Motor mit Turbolader reduziert.<\/p>\n<h2>Was sind die verschiedenen Arten von Gastemperatursensoren?<\/h2>\n<p>Es gibt drei Haupttypen von AGT-Sensoren: Sensoren mit negativem Temperaturkoeffizienten (NTC), Sensoren mit positivem Temperaturkoeffizienten (PTC) und aktive Sensoren. Der Unterschied zwischen den ersten beiden besteht darin, wie sie jeweils die Temperatur messen. Ein NTC-Sensorelement hat zum Beispiel einen niedrigen Widerstand, wenn die Abgastemperatur hoch ist, und einen hohen Widerstand, wenn die Temperatur niedrig ist. PTC-Sensorelemente sind verbreiteter und haben einen Widerstand, der proportional zur Temperatur zu- und abnimmt.<\/p>\n<p>Aktive AGT-Sensoren sind intelligente Sensoren mit digitalem Ausgang (z. B. CAN oder SENT). Sie basieren auf der Thermoelement-Technologie (Typ N). Sie bestehen aus einem Elektronikmodul und einer oder mehreren Messsonden. Sie bieten hohe Genauigkeit, Hochtemperaturbest\u00e4ndigkeit (&gt;1000 \u00b0C) und eine schnelle Reaktionszeit. Sie sind die ideale L\u00f6sung f\u00fcr anspruchsvolle Anwendungen mit hoher Beanspruchung.<\/p>\n<h2>Was sind die Anzeichen f\u00fcr einen defekten Abgastemperatursensor?<\/h2>\n<p>Defekte AGT-Sensoren haben negative Auswirkungen auf das Nachbehandlungssystem eines Fahrzeugs. Ein Fahrzeug mit einem fehlerhaften AGT-Sensor kann die folgenden Symptome aufweisen:<\/p>\n<ul>\n<li><strong>Erh\u00f6hter Kraftstoffverbrauch:<\/strong> Ein AGT-Sensor, der falsche Spannungen an die ECU weiterleitet, verlangsamt die Geschwindigkeit des DPF-Regenerationsprozesses, was zu erh\u00f6htem Kraftstoffverbrauch und schlechter Kraftstoffeffizienz f\u00fchrt.<\/li>\n<li><strong>Motorwarnleuchte:<\/strong> Ein defekter AGT-Sensor f\u00fchrt dazu, dass die ECU die Motorwarnleuchte im Armaturenbrett aktiviert.<\/li>\n<li><strong>Emissionstestfehler:<\/strong> Defekte AGT-Sensoren m\u00fcssen nicht immer eine Motorwarnleuchte ausl\u00f6sen, k\u00f6nnen aber dennoch eine Fehlfunktion des Abgasr\u00fcckf\u00fchrungssystems (AGR-Systems) verursachen. Dies kann dazu f\u00fchren, dass ein Emissionstest fehlschl\u00e4gt.<\/li>\n<li><strong>Unn\u00f6tige DPF-Regenerierung:<\/strong> Ein fehlerhafter AGT-Sensor kann zu einer unn\u00f6tigen Regenerierung des DPF f\u00fchren, wodurch sich die Wirksamkeit des DPF verringert und der Fahrzeugf\u00fchrer Unannehmlichkeiten erleidet.<\/li>\n<li><strong>Ausfall einer Komponente:<\/strong> Ein fehlerhafter AGT-Sensor sch\u00fctzt den Motor unter Umst\u00e4nden nicht hinreichend vor hohen Temperaturen, was zu Sch\u00e4den und vorzeitigen Ausf\u00e4llen der internen Motor- und Abgaskomponenten f\u00fchren kann.<\/li>\n<\/ul>\n<h2>Abgastemperatursensoren von SMP Engineered Solutions<\/h2>\n<p>AGT-Sensoren sind f\u00fcr den Schutz des Fahrzeugmotors vor \u00dcbertemperaturen unerl\u00e4sslich. Sie messen die Abgastemperaturen und leiten die Daten an das Steuerger\u00e4t weiter, das eine \u00dcberhitzung verhindern kann. Es ist von kritischer Bedeutung, fehlerhafte AGT-Sensoren auszutauschen, um einen erh\u00f6hten Kraftstoffverbrauch, den Ausfall von Komponenten und schlechte Betriebsbedingungen zu vermeiden.<\/p>\n<p>SMP Engineered Solutions bietet ein breites Spektrum an AGT-Sensoren an, um Ihren Anforderungen gerecht zu werden. Wir sind nach ISO 9001, ISO 14001 und IATF 16949 zertifiziert, um hochwertige L\u00f6sungen f\u00fcr die unterschiedlichsten Branchen liefern zu k\u00f6nnen. <a href=\"\/de\/kontakt\/\">Wenden Sie<\/a> sich an uns, um die ideale L\u00f6sung f\u00fcr Ihre Anwendung zu besprechen.<\/p>\n","protected":false},"excerpt":{"rendered":"<p>Abgastemperatursensoren (AGT-Sensoren) \u00fcberwachen die Abgastemperatur zur Emissionskontrolle, zur Kontrolle des Kraftstoffverbrauchs und zur Optimierung des Kraftstoff\/Luft-Verh\u00e4ltnisses. AGT-Sensoren helfen auch bei der Pr\u00fcfung der Funktion bestimmter Nachbehandlungskomponenten, wie z. B.: Dieseloxidationskatalysator (DOK) Selektive katalytische Reduktion (SKR) Benzinpartikelfilter (BPF) Dieselpartikelfilter (DPF) AGT-Sensoren, die aus Widerstandstemperaturf\u00fchlern oder Thermoelementen bestehen, messen die Temperatur des Abgasstroms, um zu verhindern, dass&#8230; [&#8230;]<\/p>\n<p><a class=\"btn btn-secondary understrap-read-more-link\" href=\"https:\/\/www.smpengineeredsolutions.com\/de\/produkte\/sensoren\/abgastemperatursensoren\/\">Weiterlesen&#8230;<\/a><\/p>\n","protected":false},"author":27,"featured_media":0,"parent":4672,"menu_order":0,"comment_status":"closed","ping_status":"closed","template":"page-templates\/destination-content.php","meta":{"_acf_changed":false,"inline_featured_image":false,"footnotes":""},"class_list":["post-4673","page","type-page","status-publish","hentry"],"featured_image_src":null,"acf":[],"yoast_head":"<!-- This site is optimized with the Yoast SEO Premium plugin v27.5 (Yoast SEO v27.5) - https:\/\/yoast.com\/product\/yoast-seo-premium-wordpress\/ -->\n<title>J1939 H-Br\u00fccken-Schaltung | CAN Motor H-Br\u00fccken-Schaltung<\/title>\n<meta name=\"description\" content=\"Entdecken Sie die J1939 H-Br\u00fccken-Schaltung von SMP, die f\u00fcr die effiziente Steuerung von Gleichstrommotoren in industriellen Anwendungen entwickelt wurde. Gebaut f\u00fcr Langlebigkeit, Zuverl\u00e4ssigkeit und nahtlose Integration.\" \/>\n<meta name=\"robots\" content=\"index, follow, max-snippet:-1, max-image-preview:large, max-video-preview:-1\" \/>\n<link rel=\"canonical\" href=\"https:\/\/www.smpengineeredsolutions.com\/de\/produkte\/sensoren\/abgastemperatursensoren\/\" \/>\n<meta property=\"og:locale\" content=\"de_DE\" \/>\n<meta property=\"og:type\" content=\"article\" \/>\n<meta property=\"og:title\" content=\"Abgastemperatursensoren\" \/>\n<meta property=\"og:description\" content=\"Entdecken Sie die J1939 H-Br\u00fccken-Schaltung von SMP, die f\u00fcr die effiziente Steuerung von Gleichstrommotoren in industriellen Anwendungen entwickelt wurde. Gebaut f\u00fcr Langlebigkeit, Zuverl\u00e4ssigkeit und nahtlose Integration.\" \/>\n<meta property=\"og:url\" content=\"https:\/\/www.smpengineeredsolutions.com\/de\/produkte\/sensoren\/abgastemperatursensoren\/\" \/>\n<meta property=\"og:site_name\" content=\"Standard Motor Products, Inc.\" \/>\n<meta property=\"article:modified_time\" content=\"2024-10-23T14:06:40+00:00\" \/>\n<meta name=\"twitter:label1\" content=\"Gesch\u00e4tzte Lesezeit\" \/>\n\t<meta name=\"twitter:data1\" content=\"3\u00a0Minuten\" \/>\n<script type=\"application\/ld+json\" class=\"yoast-schema-graph\">{\"@context\":\"https:\\\/\\\/schema.org\",\"@graph\":[{\"@type\":\"WebPage\",\"@id\":\"https:\\\/\\\/www.smpengineeredsolutions.com\\\/de\\\/produkte\\\/sensoren\\\/abgastemperatursensoren\\\/\",\"url\":\"https:\\\/\\\/www.smpengineeredsolutions.com\\\/de\\\/produkte\\\/sensoren\\\/abgastemperatursensoren\\\/\",\"name\":\"J1939 H-Br\u00fccken-Schaltung | CAN Motor H-Br\u00fccken-Schaltung\",\"isPartOf\":{\"@id\":\"https:\\\/\\\/www.smpengineeredsolutions.com\\\/de\\\/#website\"},\"datePublished\":\"2023-01-09T18:26:44+00:00\",\"dateModified\":\"2024-10-23T14:06:40+00:00\",\"description\":\"Entdecken Sie die J1939 H-Br\u00fccken-Schaltung von SMP, die f\u00fcr die effiziente Steuerung von Gleichstrommotoren in industriellen Anwendungen entwickelt wurde. Gebaut f\u00fcr Langlebigkeit, Zuverl\u00e4ssigkeit und nahtlose Integration.\",\"breadcrumb\":{\"@id\":\"https:\\\/\\\/www.smpengineeredsolutions.com\\\/de\\\/produkte\\\/sensoren\\\/abgastemperatursensoren\\\/#breadcrumb\"},\"inLanguage\":\"de\",\"potentialAction\":[{\"@type\":\"ReadAction\",\"target\":[\"https:\\\/\\\/www.smpengineeredsolutions.com\\\/de\\\/produkte\\\/sensoren\\\/abgastemperatursensoren\\\/\"]}]},{\"@type\":\"BreadcrumbList\",\"@id\":\"https:\\\/\\\/www.smpengineeredsolutions.com\\\/de\\\/produkte\\\/sensoren\\\/abgastemperatursensoren\\\/#breadcrumb\",\"itemListElement\":[{\"@type\":\"ListItem\",\"position\":1,\"name\":\"Home\",\"item\":\"https:\\\/\\\/www.smpengineeredsolutions.com\\\/de\\\/\"},{\"@type\":\"ListItem\",\"position\":2,\"name\":\"Produkte\",\"item\":\"https:\\\/\\\/www.af63878a-61a4-44d4-a3f9-8118d911569f.smpengineeredsolutions.com\\\/de\\\/produkte\\\/\"},{\"@type\":\"ListItem\",\"position\":3,\"name\":\"Sensoren\",\"item\":\"https:\\\/\\\/www.af63878a-61a4-44d4-a3f9-8118d911569f.smpengineeredsolutions.com\\\/de\\\/produkte\\\/sensoren\\\/\"},{\"@type\":\"ListItem\",\"position\":4,\"name\":\"Abgastemperatursensoren\"}]},{\"@type\":\"WebSite\",\"@id\":\"https:\\\/\\\/www.smpengineeredsolutions.com\\\/de\\\/#website\",\"url\":\"https:\\\/\\\/www.smpengineeredsolutions.com\\\/de\\\/\",\"name\":\"Standard Motor Products, Inc.\",\"description\":\"\",\"publisher\":{\"@id\":\"https:\\\/\\\/www.smpengineeredsolutions.com\\\/de\\\/#organization\"},\"potentialAction\":[{\"@type\":\"SearchAction\",\"target\":{\"@type\":\"EntryPoint\",\"urlTemplate\":\"https:\\\/\\\/www.smpengineeredsolutions.com\\\/de\\\/?s={search_term_string}\"},\"query-input\":{\"@type\":\"PropertyValueSpecification\",\"valueRequired\":true,\"valueName\":\"search_term_string\"}}],\"inLanguage\":\"de\"},{\"@type\":\"Organization\",\"@id\":\"https:\\\/\\\/www.smpengineeredsolutions.com\\\/de\\\/#organization\",\"name\":\"SMP\u00ae Engineered Solutions\",\"url\":\"https:\\\/\\\/www.smpengineeredsolutions.com\\\/de\\\/\",\"logo\":{\"@type\":\"ImageObject\",\"inLanguage\":\"de\",\"@id\":\"https:\\\/\\\/www.smpengineeredsolutions.com\\\/de\\\/#\\\/schema\\\/logo\\\/image\\\/\",\"url\":\"https:\\\/\\\/www.a.smpengineeredsolutions.com\\\/wp-content\\\/uploads\\\/smp-logo.png\",\"contentUrl\":\"https:\\\/\\\/www.a.smpengineeredsolutions.com\\\/wp-content\\\/uploads\\\/smp-logo.png\",\"width\":264,\"height\":117,\"caption\":\"SMP\u00ae Engineered Solutions\"},\"image\":{\"@id\":\"https:\\\/\\\/www.smpengineeredsolutions.com\\\/de\\\/#\\\/schema\\\/logo\\\/image\\\/\"},\"sameAs\":[\"https:\\\/\\\/www.youtube.com\\\/@StandardMotorProductsInc\",\"https:\\\/\\\/www.linkedin.com\\\/company\\\/standard-motor-products\"]}]}<\/script>\n<!-- \/ Yoast SEO Premium plugin. -->","yoast_head_json":{"title":"J1939 H-Br\u00fccken-Schaltung | CAN Motor H-Br\u00fccken-Schaltung","description":"Entdecken Sie die J1939 H-Br\u00fccken-Schaltung von SMP, die f\u00fcr die effiziente Steuerung von Gleichstrommotoren in industriellen Anwendungen entwickelt wurde. Gebaut f\u00fcr Langlebigkeit, Zuverl\u00e4ssigkeit und nahtlose Integration.","robots":{"index":"index","follow":"follow","max-snippet":"max-snippet:-1","max-image-preview":"max-image-preview:large","max-video-preview":"max-video-preview:-1"},"canonical":"https:\/\/www.smpengineeredsolutions.com\/de\/produkte\/sensoren\/abgastemperatursensoren\/","og_locale":"de_DE","og_type":"article","og_title":"Abgastemperatursensoren","og_description":"Entdecken Sie die J1939 H-Br\u00fccken-Schaltung von SMP, die f\u00fcr die effiziente Steuerung von Gleichstrommotoren in industriellen Anwendungen entwickelt wurde. Gebaut f\u00fcr Langlebigkeit, Zuverl\u00e4ssigkeit und nahtlose Integration.","og_url":"https:\/\/www.smpengineeredsolutions.com\/de\/produkte\/sensoren\/abgastemperatursensoren\/","og_site_name":"Standard Motor Products, Inc.","article_modified_time":"2024-10-23T14:06:40+00:00","twitter_misc":{"Gesch\u00e4tzte Lesezeit":"3\u00a0Minuten"},"schema":{"@context":"https:\/\/schema.org","@graph":[{"@type":"WebPage","@id":"https:\/\/www.smpengineeredsolutions.com\/de\/produkte\/sensoren\/abgastemperatursensoren\/","url":"https:\/\/www.smpengineeredsolutions.com\/de\/produkte\/sensoren\/abgastemperatursensoren\/","name":"J1939 H-Br\u00fccken-Schaltung | CAN Motor H-Br\u00fccken-Schaltung","isPartOf":{"@id":"https:\/\/www.smpengineeredsolutions.com\/de\/#website"},"datePublished":"2023-01-09T18:26:44+00:00","dateModified":"2024-10-23T14:06:40+00:00","description":"Entdecken Sie die J1939 H-Br\u00fccken-Schaltung von SMP, die f\u00fcr die effiziente Steuerung von Gleichstrommotoren in industriellen Anwendungen entwickelt wurde. Gebaut f\u00fcr Langlebigkeit, Zuverl\u00e4ssigkeit und nahtlose Integration.","breadcrumb":{"@id":"https:\/\/www.smpengineeredsolutions.com\/de\/produkte\/sensoren\/abgastemperatursensoren\/#breadcrumb"},"inLanguage":"de","potentialAction":[{"@type":"ReadAction","target":["https:\/\/www.smpengineeredsolutions.com\/de\/produkte\/sensoren\/abgastemperatursensoren\/"]}]},{"@type":"BreadcrumbList","@id":"https:\/\/www.smpengineeredsolutions.com\/de\/produkte\/sensoren\/abgastemperatursensoren\/#breadcrumb","itemListElement":[{"@type":"ListItem","position":1,"name":"Home","item":"https:\/\/www.smpengineeredsolutions.com\/de\/"},{"@type":"ListItem","position":2,"name":"Produkte","item":"https:\/\/www.af63878a-61a4-44d4-a3f9-8118d911569f.smpengineeredsolutions.com\/de\/produkte\/"},{"@type":"ListItem","position":3,"name":"Sensoren","item":"https:\/\/www.af63878a-61a4-44d4-a3f9-8118d911569f.smpengineeredsolutions.com\/de\/produkte\/sensoren\/"},{"@type":"ListItem","position":4,"name":"Abgastemperatursensoren"}]},{"@type":"WebSite","@id":"https:\/\/www.smpengineeredsolutions.com\/de\/#website","url":"https:\/\/www.smpengineeredsolutions.com\/de\/","name":"Standard Motor Products, Inc.","description":"","publisher":{"@id":"https:\/\/www.smpengineeredsolutions.com\/de\/#organization"},"potentialAction":[{"@type":"SearchAction","target":{"@type":"EntryPoint","urlTemplate":"https:\/\/www.smpengineeredsolutions.com\/de\/?s={search_term_string}"},"query-input":{"@type":"PropertyValueSpecification","valueRequired":true,"valueName":"search_term_string"}}],"inLanguage":"de"},{"@type":"Organization","@id":"https:\/\/www.smpengineeredsolutions.com\/de\/#organization","name":"SMP\u00ae Engineered Solutions","url":"https:\/\/www.smpengineeredsolutions.com\/de\/","logo":{"@type":"ImageObject","inLanguage":"de","@id":"https:\/\/www.smpengineeredsolutions.com\/de\/#\/schema\/logo\/image\/","url":"https:\/\/www.a.smpengineeredsolutions.com\/wp-content\/uploads\/smp-logo.png","contentUrl":"https:\/\/www.a.smpengineeredsolutions.com\/wp-content\/uploads\/smp-logo.png","width":264,"height":117,"caption":"SMP\u00ae Engineered Solutions"},"image":{"@id":"https:\/\/www.smpengineeredsolutions.com\/de\/#\/schema\/logo\/image\/"},"sameAs":["https:\/\/www.youtube.com\/@StandardMotorProductsInc","https:\/\/www.linkedin.com\/company\/standard-motor-products"]}]}},"_links":{"self":[{"href":"https:\/\/www.smpengineeredsolutions.com\/de\/wp-json\/wp\/v2\/pages\/4673","targetHints":{"allow":["GET"]}}],"collection":[{"href":"https:\/\/www.smpengineeredsolutions.com\/de\/wp-json\/wp\/v2\/pages"}],"about":[{"href":"https:\/\/www.smpengineeredsolutions.com\/de\/wp-json\/wp\/v2\/types\/page"}],"author":[{"embeddable":true,"href":"https:\/\/www.smpengineeredsolutions.com\/de\/wp-json\/wp\/v2\/users\/27"}],"replies":[{"embeddable":true,"href":"https:\/\/www.smpengineeredsolutions.com\/de\/wp-json\/wp\/v2\/comments?post=4673"}],"version-history":[{"count":1,"href":"https:\/\/www.smpengineeredsolutions.com\/de\/wp-json\/wp\/v2\/pages\/4673\/revisions"}],"predecessor-version":[{"id":7448,"href":"https:\/\/www.smpengineeredsolutions.com\/de\/wp-json\/wp\/v2\/pages\/4673\/revisions\/7448"}],"up":[{"embeddable":true,"href":"https:\/\/www.smpengineeredsolutions.com\/de\/wp-json\/wp\/v2\/pages\/4672"}],"wp:attachment":[{"href":"https:\/\/www.smpengineeredsolutions.com\/de\/wp-json\/wp\/v2\/media?parent=4673"}],"curies":[{"name":"wp","href":"https:\/\/api.w.org\/{rel}","templated":true}]}}