{"id":4668,"date":"2023-01-09T13:20:28","date_gmt":"2023-01-09T18:20:28","guid":{"rendered":"https:\/\/smpengineeredsolutions.com\/?page_id=4668"},"modified":"2024-08-29T09:48:40","modified_gmt":"2024-08-29T13:48:40","slug":"buerstenlose-motoren","status":"publish","type":"page","link":"https:\/\/www.smpengineeredsolutions.com\/de\/produkte\/thermomanagement\/geblaesemotoren\/buerstenlose-motoren\/","title":{"rendered":"B\u00fcrstenlose Motoren"},"content":{"rendered":"<div class=\"feature-img-right\"><a class=\"lightbox\" href=\"\/wp-content\/uploads\/Line-22_Brushless-Motor_1.jpg\"><img decoding=\"async\" title=\"B\u00fcrstenlose Motoren\" src=\"\/wp-content\/uploads\/Line-22_Brushless-Motor_1.jpg\" alt=\"B\u00fcrstenlose Motoren\" width=\"400\" \/><\/a><\/div>\n<div><strong>B\u00fcrstenlose Motortechnologie<\/strong><\/div>\n<ul>\n<li>12 Volt und 24 Volt<\/li>\n<li>Sehr lange Lebensdauer &#8211; Doppeltes Kugellager, keine B\u00fcrsten<\/li>\n<li>Hoher Wirkungsgrad bei allen Drehzahlen<\/li>\n<li>Individuelle Anpassung der Drehzahl an das Eingangssignal \u00fcber Software<\/li>\n<li>Analoges oder digitales Steuersignal<\/li>\n<li>CAN-Bus oder LIN-f\u00e4hig<\/li>\n<li>Verschiedene Leistungsoptionen bis zu 400 W verf\u00fcgbar<\/li>\n<li>Robuste Konstruktion, Motor mit hoher Leistungsdichte<\/li>\n<li>Geringe Ger\u00e4uschentwicklung, geringes Rastmoment und niedrige EMB<\/li>\n<li>Sanftes Anhalten und Schutz vor blockiertem Rotor<\/li>\n<li>Verpolungs- und \u00dcberspannungsschutz<\/li>\n<li>\u00dcbertemperaturschutz und 2-stufiger R\u00fcckschlagschutz<\/li>\n<li>Kundenspezifisch anpassbares Fahrzeug-Feedback-Signal<\/li>\n<\/ul>\n","protected":false},"excerpt":{"rendered":"<p>B\u00fcrstenlose Motortechnologie 12 Volt und 24 Volt Sehr lange Lebensdauer &#8211; Doppeltes Kugellager, keine B\u00fcrsten Hoher Wirkungsgrad bei allen Drehzahlen Individuelle Anpassung der Drehzahl an das Eingangssignal \u00fcber Software Analoges oder digitales Steuersignal CAN-Bus oder LIN-f\u00e4hig Verschiedene Leistungsoptionen bis zu 400 W verf\u00fcgbar Robuste Konstruktion, Motor mit hoher Leistungsdichte Geringe Ger\u00e4uschentwicklung, geringes Rastmoment und niedrige&#8230; [&#8230;]<\/p>\n<p><a class=\"btn btn-secondary understrap-read-more-link\" href=\"https:\/\/www.smpengineeredsolutions.com\/de\/produkte\/thermomanagement\/geblaesemotoren\/buerstenlose-motoren\/\">Weiterlesen&#8230;<\/a><\/p>\n","protected":false},"author":27,"featured_media":0,"parent":4667,"menu_order":0,"comment_status":"closed","ping_status":"closed","template":"page-templates\/destination-content.php","meta":{"_acf_changed":false,"inline_featured_image":false,"footnotes":""},"class_list":["post-4668","page","type-page","status-publish","hentry"],"featured_image_src":null,"acf":[],"yoast_head":"<!-- This site is optimized with the Yoast SEO Premium plugin v27.5 (Yoast SEO v27.5) - https:\/\/yoast.com\/product\/yoast-seo-premium-wordpress\/ -->\n<title>B\u00fcrstenlose Motoren | Gebl\u00e4semotoren | Standard Motor Products, Inc<\/title>\n<meta name=\"description\" content=\"Entdecken Sie die b\u00fcrstenlosen Motoren von Standard Motors Product, Inc. - Hochwertige und kosteng\u00fcnstige b\u00fcrstenlose Motoren f\u00fcr Ihre Anwendungen und Industrie.\" \/>\n<meta name=\"robots\" content=\"index, follow, max-snippet:-1, max-image-preview:large, max-video-preview:-1\" \/>\n<link rel=\"canonical\" href=\"https:\/\/www.smpengineeredsolutions.com\/de\/produkte\/thermomanagement\/geblaesemotoren\/buerstenlose-motoren\/\" \/>\n<meta property=\"og:locale\" content=\"de_DE\" \/>\n<meta property=\"og:type\" content=\"article\" \/>\n<meta property=\"og:title\" content=\"B\u00fcrstenlose Motoren\" \/>\n<meta property=\"og:description\" content=\"Entdecken Sie die b\u00fcrstenlosen Motoren von Standard Motors Product, Inc. - Hochwertige und kosteng\u00fcnstige b\u00fcrstenlose Motoren f\u00fcr Ihre Anwendungen und Industrie.\" \/>\n<meta property=\"og:url\" content=\"https:\/\/www.smpengineeredsolutions.com\/de\/produkte\/thermomanagement\/geblaesemotoren\/buerstenlose-motoren\/\" \/>\n<meta property=\"og:site_name\" content=\"Standard Motor Products, Inc.\" \/>\n<meta property=\"article:modified_time\" content=\"2024-08-29T13:48:40+00:00\" \/>\n<meta name=\"twitter:label1\" content=\"Gesch\u00e4tzte Lesezeit\" \/>\n\t<meta name=\"twitter:data1\" content=\"1\u00a0Minute\" \/>\n<script type=\"application\/ld+json\" class=\"yoast-schema-graph\">{\"@context\":\"https:\\\/\\\/schema.org\",\"@graph\":[{\"@type\":\"WebPage\",\"@id\":\"https:\\\/\\\/www.smpengineeredsolutions.com\\\/de\\\/produkte\\\/thermomanagement\\\/geblaesemotoren\\\/buerstenlose-motoren\\\/\",\"url\":\"https:\\\/\\\/www.smpengineeredsolutions.com\\\/de\\\/produkte\\\/thermomanagement\\\/geblaesemotoren\\\/buerstenlose-motoren\\\/\",\"name\":\"B\u00fcrstenlose Motoren | Gebl\u00e4semotoren | Standard Motor Products, Inc\",\"isPartOf\":{\"@id\":\"https:\\\/\\\/www.smpengineeredsolutions.com\\\/de\\\/#website\"},\"datePublished\":\"2023-01-09T18:20:28+00:00\",\"dateModified\":\"2024-08-29T13:48:40+00:00\",\"description\":\"Entdecken Sie die b\u00fcrstenlosen Motoren von Standard Motors Product, Inc. - Hochwertige und kosteng\u00fcnstige b\u00fcrstenlose Motoren f\u00fcr Ihre Anwendungen und Industrie.\",\"breadcrumb\":{\"@id\":\"https:\\\/\\\/www.smpengineeredsolutions.com\\\/de\\\/produkte\\\/thermomanagement\\\/geblaesemotoren\\\/buerstenlose-motoren\\\/#breadcrumb\"},\"inLanguage\":\"de\",\"potentialAction\":[{\"@type\":\"ReadAction\",\"target\":[\"https:\\\/\\\/www.smpengineeredsolutions.com\\\/de\\\/produkte\\\/thermomanagement\\\/geblaesemotoren\\\/buerstenlose-motoren\\\/\"]}]},{\"@type\":\"BreadcrumbList\",\"@id\":\"https:\\\/\\\/www.smpengineeredsolutions.com\\\/de\\\/produkte\\\/thermomanagement\\\/geblaesemotoren\\\/buerstenlose-motoren\\\/#breadcrumb\",\"itemListElement\":[{\"@type\":\"ListItem\",\"position\":1,\"name\":\"Home\",\"item\":\"https:\\\/\\\/www.smpengineeredsolutions.com\\\/de\\\/\"},{\"@type\":\"ListItem\",\"position\":2,\"name\":\"Produkte\",\"item\":\"https:\\\/\\\/www.af63878a-61a4-44d4-a3f9-8118d911569f.smpengineeredsolutions.com\\\/de\\\/produkte\\\/\"},{\"@type\":\"ListItem\",\"position\":3,\"name\":\"Thermomanagement\",\"item\":\"https:\\\/\\\/www._msrps._tcp.smpengineeredsolutions.com\\\/de\\\/produkte\\\/thermomanagement\\\/\"},{\"@type\":\"ListItem\",\"position\":4,\"name\":\"Gebl\u00e4semotoren\",\"item\":\"https:\\\/\\\/www.af63878a-61a4-44d4-a3f9-8118d911569f.smpengineeredsolutions.com\\\/de\\\/produkte\\\/thermomanagement\\\/geblaesemotoren\\\/\"},{\"@type\":\"ListItem\",\"position\":5,\"name\":\"B\u00fcrstenlose Motoren\"}]},{\"@type\":\"WebSite\",\"@id\":\"https:\\\/\\\/www.smpengineeredsolutions.com\\\/de\\\/#website\",\"url\":\"https:\\\/\\\/www.smpengineeredsolutions.com\\\/de\\\/\",\"name\":\"Standard Motor Products, Inc.\",\"description\":\"\",\"publisher\":{\"@id\":\"https:\\\/\\\/www.smpengineeredsolutions.com\\\/de\\\/#organization\"},\"potentialAction\":[{\"@type\":\"SearchAction\",\"target\":{\"@type\":\"EntryPoint\",\"urlTemplate\":\"https:\\\/\\\/www.smpengineeredsolutions.com\\\/de\\\/?s={search_term_string}\"},\"query-input\":{\"@type\":\"PropertyValueSpecification\",\"valueRequired\":true,\"valueName\":\"search_term_string\"}}],\"inLanguage\":\"de\"},{\"@type\":\"Organization\",\"@id\":\"https:\\\/\\\/www.smpengineeredsolutions.com\\\/de\\\/#organization\",\"name\":\"SMP\u00ae Engineered Solutions\",\"url\":\"https:\\\/\\\/www.smpengineeredsolutions.com\\\/de\\\/\",\"logo\":{\"@type\":\"ImageObject\",\"inLanguage\":\"de\",\"@id\":\"https:\\\/\\\/www.smpengineeredsolutions.com\\\/de\\\/#\\\/schema\\\/logo\\\/image\\\/\",\"url\":\"https:\\\/\\\/www.a.smpengineeredsolutions.com\\\/wp-content\\\/uploads\\\/smp-logo.png\",\"contentUrl\":\"https:\\\/\\\/www.a.smpengineeredsolutions.com\\\/wp-content\\\/uploads\\\/smp-logo.png\",\"width\":264,\"height\":117,\"caption\":\"SMP\u00ae Engineered Solutions\"},\"image\":{\"@id\":\"https:\\\/\\\/www.smpengineeredsolutions.com\\\/de\\\/#\\\/schema\\\/logo\\\/image\\\/\"},\"sameAs\":[\"https:\\\/\\\/www.youtube.com\\\/@StandardMotorProductsInc\",\"https:\\\/\\\/www.linkedin.com\\\/company\\\/standard-motor-products\"]}]}<\/script>\n<!-- \/ Yoast SEO Premium plugin. -->","yoast_head_json":{"title":"B\u00fcrstenlose Motoren | Gebl\u00e4semotoren | Standard Motor Products, Inc","description":"Entdecken Sie die b\u00fcrstenlosen Motoren von Standard Motors Product, Inc. - Hochwertige und kosteng\u00fcnstige b\u00fcrstenlose Motoren f\u00fcr Ihre Anwendungen und Industrie.","robots":{"index":"index","follow":"follow","max-snippet":"max-snippet:-1","max-image-preview":"max-image-preview:large","max-video-preview":"max-video-preview:-1"},"canonical":"https:\/\/www.smpengineeredsolutions.com\/de\/produkte\/thermomanagement\/geblaesemotoren\/buerstenlose-motoren\/","og_locale":"de_DE","og_type":"article","og_title":"B\u00fcrstenlose Motoren","og_description":"Entdecken Sie die b\u00fcrstenlosen Motoren von Standard Motors Product, Inc. - Hochwertige und kosteng\u00fcnstige b\u00fcrstenlose Motoren f\u00fcr Ihre Anwendungen und Industrie.","og_url":"https:\/\/www.smpengineeredsolutions.com\/de\/produkte\/thermomanagement\/geblaesemotoren\/buerstenlose-motoren\/","og_site_name":"Standard Motor Products, Inc.","article_modified_time":"2024-08-29T13:48:40+00:00","twitter_misc":{"Gesch\u00e4tzte Lesezeit":"1\u00a0Minute"},"schema":{"@context":"https:\/\/schema.org","@graph":[{"@type":"WebPage","@id":"https:\/\/www.smpengineeredsolutions.com\/de\/produkte\/thermomanagement\/geblaesemotoren\/buerstenlose-motoren\/","url":"https:\/\/www.smpengineeredsolutions.com\/de\/produkte\/thermomanagement\/geblaesemotoren\/buerstenlose-motoren\/","name":"B\u00fcrstenlose Motoren | Gebl\u00e4semotoren | Standard Motor Products, Inc","isPartOf":{"@id":"https:\/\/www.smpengineeredsolutions.com\/de\/#website"},"datePublished":"2023-01-09T18:20:28+00:00","dateModified":"2024-08-29T13:48:40+00:00","description":"Entdecken Sie die b\u00fcrstenlosen Motoren von Standard Motors Product, Inc. - Hochwertige und kosteng\u00fcnstige b\u00fcrstenlose Motoren f\u00fcr Ihre Anwendungen und Industrie.","breadcrumb":{"@id":"https:\/\/www.smpengineeredsolutions.com\/de\/produkte\/thermomanagement\/geblaesemotoren\/buerstenlose-motoren\/#breadcrumb"},"inLanguage":"de","potentialAction":[{"@type":"ReadAction","target":["https:\/\/www.smpengineeredsolutions.com\/de\/produkte\/thermomanagement\/geblaesemotoren\/buerstenlose-motoren\/"]}]},{"@type":"BreadcrumbList","@id":"https:\/\/www.smpengineeredsolutions.com\/de\/produkte\/thermomanagement\/geblaesemotoren\/buerstenlose-motoren\/#breadcrumb","itemListElement":[{"@type":"ListItem","position":1,"name":"Home","item":"https:\/\/www.smpengineeredsolutions.com\/de\/"},{"@type":"ListItem","position":2,"name":"Produkte","item":"https:\/\/www.af63878a-61a4-44d4-a3f9-8118d911569f.smpengineeredsolutions.com\/de\/produkte\/"},{"@type":"ListItem","position":3,"name":"Thermomanagement","item":"https:\/\/www._msrps._tcp.smpengineeredsolutions.com\/de\/produkte\/thermomanagement\/"},{"@type":"ListItem","position":4,"name":"Gebl\u00e4semotoren","item":"https:\/\/www.af63878a-61a4-44d4-a3f9-8118d911569f.smpengineeredsolutions.com\/de\/produkte\/thermomanagement\/geblaesemotoren\/"},{"@type":"ListItem","position":5,"name":"B\u00fcrstenlose Motoren"}]},{"@type":"WebSite","@id":"https:\/\/www.smpengineeredsolutions.com\/de\/#website","url":"https:\/\/www.smpengineeredsolutions.com\/de\/","name":"Standard Motor Products, Inc.","description":"","publisher":{"@id":"https:\/\/www.smpengineeredsolutions.com\/de\/#organization"},"potentialAction":[{"@type":"SearchAction","target":{"@type":"EntryPoint","urlTemplate":"https:\/\/www.smpengineeredsolutions.com\/de\/?s={search_term_string}"},"query-input":{"@type":"PropertyValueSpecification","valueRequired":true,"valueName":"search_term_string"}}],"inLanguage":"de"},{"@type":"Organization","@id":"https:\/\/www.smpengineeredsolutions.com\/de\/#organization","name":"SMP\u00ae Engineered Solutions","url":"https:\/\/www.smpengineeredsolutions.com\/de\/","logo":{"@type":"ImageObject","inLanguage":"de","@id":"https:\/\/www.smpengineeredsolutions.com\/de\/#\/schema\/logo\/image\/","url":"https:\/\/www.a.smpengineeredsolutions.com\/wp-content\/uploads\/smp-logo.png","contentUrl":"https:\/\/www.a.smpengineeredsolutions.com\/wp-content\/uploads\/smp-logo.png","width":264,"height":117,"caption":"SMP\u00ae Engineered Solutions"},"image":{"@id":"https:\/\/www.smpengineeredsolutions.com\/de\/#\/schema\/logo\/image\/"},"sameAs":["https:\/\/www.youtube.com\/@StandardMotorProductsInc","https:\/\/www.linkedin.com\/company\/standard-motor-products"]}]}},"_links":{"self":[{"href":"https:\/\/www.smpengineeredsolutions.com\/de\/wp-json\/wp\/v2\/pages\/4668","targetHints":{"allow":["GET"]}}],"collection":[{"href":"https:\/\/www.smpengineeredsolutions.com\/de\/wp-json\/wp\/v2\/pages"}],"about":[{"href":"https:\/\/www.smpengineeredsolutions.com\/de\/wp-json\/wp\/v2\/types\/page"}],"author":[{"embeddable":true,"href":"https:\/\/www.smpengineeredsolutions.com\/de\/wp-json\/wp\/v2\/users\/27"}],"replies":[{"embeddable":true,"href":"https:\/\/www.smpengineeredsolutions.com\/de\/wp-json\/wp\/v2\/comments?post=4668"}],"version-history":[{"count":1,"href":"https:\/\/www.smpengineeredsolutions.com\/de\/wp-json\/wp\/v2\/pages\/4668\/revisions"}],"predecessor-version":[{"id":7273,"href":"https:\/\/www.smpengineeredsolutions.com\/de\/wp-json\/wp\/v2\/pages\/4668\/revisions\/7273"}],"up":[{"embeddable":true,"href":"https:\/\/www.smpengineeredsolutions.com\/de\/wp-json\/wp\/v2\/pages\/4667"}],"wp:attachment":[{"href":"https:\/\/www.smpengineeredsolutions.com\/de\/wp-json\/wp\/v2\/media?parent=4668"}],"curies":[{"name":"wp","href":"https:\/\/api.w.org\/{rel}","templated":true}]}}