{"id":4667,"date":"2023-01-09T13:19:25","date_gmt":"2023-01-09T18:19:25","guid":{"rendered":"https:\/\/smpengineeredsolutions.com\/?page_id=4667"},"modified":"2025-04-22T09:59:43","modified_gmt":"2025-04-22T13:59:43","slug":"geblaesemotoren","status":"publish","type":"page","link":"https:\/\/www.smpengineeredsolutions.com\/de\/produkte\/thermomanagement\/geblaesemotoren\/","title":{"rendered":"Gebl\u00e4semotoren"},"content":{"rendered":"<p>Wir stellen b\u00fcrstenlose und Gleichstrommotoren (DC) her, die sowohl in 12- als auch in 24-Volt-Ausf\u00fchrung angeboten werden. Diese Motoren zeichnen sich durch einen hohen Wirkungsgrad und eine lange Lebensdauer bei allen Drehzahlen aus und eignen sich ideal f\u00fcr On- und Off-Highway-Fahrzeuganwendungen.<\/p>\n","protected":false},"excerpt":{"rendered":"<p>Wir stellen b\u00fcrstenlose und Gleichstrommotoren (DC) her, die sowohl in 12- als auch in 24-Volt-Ausf\u00fchrung angeboten werden. Diese Motoren zeichnen sich durch einen hohen Wirkungsgrad und eine lange Lebensdauer bei allen Drehzahlen aus und eignen sich ideal f\u00fcr On- und Off-Highway-Fahrzeuganwendungen. [&#8230;]<\/p>\n<p><a class=\"btn btn-secondary understrap-read-more-link\" href=\"https:\/\/www.smpengineeredsolutions.com\/de\/produkte\/thermomanagement\/geblaesemotoren\/\">Weiterlesen&#8230;<\/a><\/p>\n","protected":false},"author":27,"featured_media":0,"parent":6457,"menu_order":0,"comment_status":"closed","ping_status":"closed","template":"page-templates\/destination-bucket.php","meta":{"_acf_changed":false,"inline_featured_image":false,"footnotes":""},"class_list":["post-4667","page","type-page","status-publish","hentry"],"featured_image_src":null,"acf":[],"yoast_head":"<!-- This site is optimized with the Yoast SEO Premium plugin v27.4 (Yoast SEO v27.4) - https:\/\/yoast.com\/product\/yoast-seo-premium-wordpress\/ -->\n<title>Gebl\u00e4semotoren | W\u00e4rmemanagement | Sandard Motor Products<\/title>\n<meta name=\"description\" content=\"Entdecken Sie die Gebl\u00e4semotoren von Standard Motors Product, Inc. - Qualitativ hochwertige und preislich wettbewerbsf\u00e4hige Gebl\u00e4semotoren f\u00fcr Ihre Anwendungen und Industrie.\" \/>\n<meta name=\"robots\" content=\"index, follow, max-snippet:-1, max-image-preview:large, max-video-preview:-1\" \/>\n<link rel=\"canonical\" href=\"https:\/\/www.smpengineeredsolutions.com\/de\/produkte\/thermomanagement\/geblaesemotoren\/\" \/>\n<meta property=\"og:locale\" content=\"de_DE\" \/>\n<meta property=\"og:type\" content=\"article\" \/>\n<meta property=\"og:title\" content=\"Gebl\u00e4semotoren\" \/>\n<meta property=\"og:description\" content=\"Entdecken Sie die Gebl\u00e4semotoren von Standard Motors Product, Inc. - Qualitativ hochwertige und preislich wettbewerbsf\u00e4hige Gebl\u00e4semotoren f\u00fcr Ihre Anwendungen und Industrie.\" \/>\n<meta property=\"og:url\" content=\"https:\/\/www.smpengineeredsolutions.com\/de\/produkte\/thermomanagement\/geblaesemotoren\/\" \/>\n<meta property=\"og:site_name\" content=\"Standard Motor Products, Inc.\" \/>\n<meta property=\"article:modified_time\" content=\"2025-04-22T13:59:43+00:00\" \/>\n<meta name=\"twitter:label1\" content=\"Gesch\u00e4tzte Lesezeit\" \/>\n\t<meta name=\"twitter:data1\" content=\"1\u00a0Minute\" \/>\n<script type=\"application\/ld+json\" class=\"yoast-schema-graph\">{\"@context\":\"https:\\\/\\\/schema.org\",\"@graph\":[{\"@type\":\"WebPage\",\"@id\":\"https:\\\/\\\/www.smpengineeredsolutions.com\\\/de\\\/produkte\\\/thermomanagement\\\/geblaesemotoren\\\/\",\"url\":\"https:\\\/\\\/www.smpengineeredsolutions.com\\\/de\\\/produkte\\\/thermomanagement\\\/geblaesemotoren\\\/\",\"name\":\"Gebl\u00e4semotoren | W\u00e4rmemanagement | Sandard Motor Products\",\"isPartOf\":{\"@id\":\"https:\\\/\\\/www._tcp.smpengineeredsolutions.com\\\/#website\"},\"datePublished\":\"2023-01-09T18:19:25+00:00\",\"dateModified\":\"2025-04-22T13:59:43+00:00\",\"description\":\"Entdecken Sie die Gebl\u00e4semotoren von Standard Motors Product, Inc. - Qualitativ hochwertige und preislich wettbewerbsf\u00e4hige Gebl\u00e4semotoren f\u00fcr Ihre Anwendungen und Industrie.\",\"breadcrumb\":{\"@id\":\"https:\\\/\\\/www.smpengineeredsolutions.com\\\/de\\\/produkte\\\/thermomanagement\\\/geblaesemotoren\\\/#breadcrumb\"},\"inLanguage\":\"de\",\"potentialAction\":[{\"@type\":\"ReadAction\",\"target\":[\"https:\\\/\\\/www.smpengineeredsolutions.com\\\/de\\\/produkte\\\/thermomanagement\\\/geblaesemotoren\\\/\"]}]},{\"@type\":\"BreadcrumbList\",\"@id\":\"https:\\\/\\\/www.smpengineeredsolutions.com\\\/de\\\/produkte\\\/thermomanagement\\\/geblaesemotoren\\\/#breadcrumb\",\"itemListElement\":[{\"@type\":\"ListItem\",\"position\":1,\"name\":\"Home\",\"item\":\"https:\\\/\\\/www.smpengineeredsolutions.com\\\/de\\\/\"},{\"@type\":\"ListItem\",\"position\":2,\"name\":\"Produkte\",\"item\":\"https:\\\/\\\/www.smpengineeredsolutions.com\\\/de\\\/produkte\\\/\"},{\"@type\":\"ListItem\",\"position\":3,\"name\":\"Thermomanagement\",\"item\":\"https:\\\/\\\/www.smpengineeredsolutions.com\\\/de\\\/produkte\\\/thermomanagement\\\/\"},{\"@type\":\"ListItem\",\"position\":4,\"name\":\"Gebl\u00e4semotoren\"}]},{\"@type\":\"WebSite\",\"@id\":\"https:\\\/\\\/www._tcp.smpengineeredsolutions.com\\\/#website\",\"url\":\"https:\\\/\\\/www._tcp.smpengineeredsolutions.com\\\/\",\"name\":\"Standard Motor Products, Inc.\",\"description\":\"\",\"publisher\":{\"@id\":\"https:\\\/\\\/www._tcp.smpengineeredsolutions.com\\\/#organization\"},\"potentialAction\":[{\"@type\":\"SearchAction\",\"target\":{\"@type\":\"EntryPoint\",\"urlTemplate\":\"https:\\\/\\\/www._tcp.smpengineeredsolutions.com\\\/?s={search_term_string}\"},\"query-input\":{\"@type\":\"PropertyValueSpecification\",\"valueRequired\":true,\"valueName\":\"search_term_string\"}}],\"inLanguage\":\"de\"},{\"@type\":\"Organization\",\"@id\":\"https:\\\/\\\/www._tcp.smpengineeredsolutions.com\\\/#organization\",\"name\":\"SMP\u00ae Engineered Solutions\",\"url\":\"https:\\\/\\\/www._tcp.smpengineeredsolutions.com\\\/\",\"logo\":{\"@type\":\"ImageObject\",\"inLanguage\":\"de\",\"@id\":\"https:\\\/\\\/www._tcp.smpengineeredsolutions.com\\\/#\\\/schema\\\/logo\\\/image\\\/\",\"url\":\"https:\\\/\\\/www.a.smpengineeredsolutions.com\\\/wp-content\\\/uploads\\\/smp-logo.png\",\"contentUrl\":\"https:\\\/\\\/www.a.smpengineeredsolutions.com\\\/wp-content\\\/uploads\\\/smp-logo.png\",\"width\":264,\"height\":117,\"caption\":\"SMP\u00ae Engineered Solutions\"},\"image\":{\"@id\":\"https:\\\/\\\/www._tcp.smpengineeredsolutions.com\\\/#\\\/schema\\\/logo\\\/image\\\/\"},\"sameAs\":[\"https:\\\/\\\/www.youtube.com\\\/@StandardMotorProductsInc\",\"https:\\\/\\\/www.linkedin.com\\\/company\\\/standard-motor-products\"]}]}<\/script>\n<!-- \/ Yoast SEO Premium plugin. -->","yoast_head_json":{"title":"Gebl\u00e4semotoren | W\u00e4rmemanagement | Sandard Motor Products","description":"Entdecken Sie die Gebl\u00e4semotoren von Standard Motors Product, Inc. - Qualitativ hochwertige und preislich wettbewerbsf\u00e4hige Gebl\u00e4semotoren f\u00fcr Ihre Anwendungen und Industrie.","robots":{"index":"index","follow":"follow","max-snippet":"max-snippet:-1","max-image-preview":"max-image-preview:large","max-video-preview":"max-video-preview:-1"},"canonical":"https:\/\/www.smpengineeredsolutions.com\/de\/produkte\/thermomanagement\/geblaesemotoren\/","og_locale":"de_DE","og_type":"article","og_title":"Gebl\u00e4semotoren","og_description":"Entdecken Sie die Gebl\u00e4semotoren von Standard Motors Product, Inc. - Qualitativ hochwertige und preislich wettbewerbsf\u00e4hige Gebl\u00e4semotoren f\u00fcr Ihre Anwendungen und Industrie.","og_url":"https:\/\/www.smpengineeredsolutions.com\/de\/produkte\/thermomanagement\/geblaesemotoren\/","og_site_name":"Standard Motor Products, Inc.","article_modified_time":"2025-04-22T13:59:43+00:00","twitter_misc":{"Gesch\u00e4tzte Lesezeit":"1\u00a0Minute"},"schema":{"@context":"https:\/\/schema.org","@graph":[{"@type":"WebPage","@id":"https:\/\/www.smpengineeredsolutions.com\/de\/produkte\/thermomanagement\/geblaesemotoren\/","url":"https:\/\/www.smpengineeredsolutions.com\/de\/produkte\/thermomanagement\/geblaesemotoren\/","name":"Gebl\u00e4semotoren | W\u00e4rmemanagement | Sandard Motor Products","isPartOf":{"@id":"https:\/\/www._tcp.smpengineeredsolutions.com\/#website"},"datePublished":"2023-01-09T18:19:25+00:00","dateModified":"2025-04-22T13:59:43+00:00","description":"Entdecken Sie die Gebl\u00e4semotoren von Standard Motors Product, Inc. - Qualitativ hochwertige und preislich wettbewerbsf\u00e4hige Gebl\u00e4semotoren f\u00fcr Ihre Anwendungen und Industrie.","breadcrumb":{"@id":"https:\/\/www.smpengineeredsolutions.com\/de\/produkte\/thermomanagement\/geblaesemotoren\/#breadcrumb"},"inLanguage":"de","potentialAction":[{"@type":"ReadAction","target":["https:\/\/www.smpengineeredsolutions.com\/de\/produkte\/thermomanagement\/geblaesemotoren\/"]}]},{"@type":"BreadcrumbList","@id":"https:\/\/www.smpengineeredsolutions.com\/de\/produkte\/thermomanagement\/geblaesemotoren\/#breadcrumb","itemListElement":[{"@type":"ListItem","position":1,"name":"Home","item":"https:\/\/www.smpengineeredsolutions.com\/de\/"},{"@type":"ListItem","position":2,"name":"Produkte","item":"https:\/\/www.smpengineeredsolutions.com\/de\/produkte\/"},{"@type":"ListItem","position":3,"name":"Thermomanagement","item":"https:\/\/www.smpengineeredsolutions.com\/de\/produkte\/thermomanagement\/"},{"@type":"ListItem","position":4,"name":"Gebl\u00e4semotoren"}]},{"@type":"WebSite","@id":"https:\/\/www._tcp.smpengineeredsolutions.com\/#website","url":"https:\/\/www._tcp.smpengineeredsolutions.com\/","name":"Standard Motor Products, Inc.","description":"","publisher":{"@id":"https:\/\/www._tcp.smpengineeredsolutions.com\/#organization"},"potentialAction":[{"@type":"SearchAction","target":{"@type":"EntryPoint","urlTemplate":"https:\/\/www._tcp.smpengineeredsolutions.com\/?s={search_term_string}"},"query-input":{"@type":"PropertyValueSpecification","valueRequired":true,"valueName":"search_term_string"}}],"inLanguage":"de"},{"@type":"Organization","@id":"https:\/\/www._tcp.smpengineeredsolutions.com\/#organization","name":"SMP\u00ae Engineered Solutions","url":"https:\/\/www._tcp.smpengineeredsolutions.com\/","logo":{"@type":"ImageObject","inLanguage":"de","@id":"https:\/\/www._tcp.smpengineeredsolutions.com\/#\/schema\/logo\/image\/","url":"https:\/\/www.a.smpengineeredsolutions.com\/wp-content\/uploads\/smp-logo.png","contentUrl":"https:\/\/www.a.smpengineeredsolutions.com\/wp-content\/uploads\/smp-logo.png","width":264,"height":117,"caption":"SMP\u00ae Engineered Solutions"},"image":{"@id":"https:\/\/www._tcp.smpengineeredsolutions.com\/#\/schema\/logo\/image\/"},"sameAs":["https:\/\/www.youtube.com\/@StandardMotorProductsInc","https:\/\/www.linkedin.com\/company\/standard-motor-products"]}]}},"_links":{"self":[{"href":"https:\/\/www.smpengineeredsolutions.com\/de\/wp-json\/wp\/v2\/pages\/4667","targetHints":{"allow":["GET"]}}],"collection":[{"href":"https:\/\/www.smpengineeredsolutions.com\/de\/wp-json\/wp\/v2\/pages"}],"about":[{"href":"https:\/\/www.smpengineeredsolutions.com\/de\/wp-json\/wp\/v2\/types\/page"}],"author":[{"embeddable":true,"href":"https:\/\/www.smpengineeredsolutions.com\/de\/wp-json\/wp\/v2\/users\/27"}],"replies":[{"embeddable":true,"href":"https:\/\/www.smpengineeredsolutions.com\/de\/wp-json\/wp\/v2\/comments?post=4667"}],"version-history":[{"count":4,"href":"https:\/\/www.smpengineeredsolutions.com\/de\/wp-json\/wp\/v2\/pages\/4667\/revisions"}],"predecessor-version":[{"id":7423,"href":"https:\/\/www.smpengineeredsolutions.com\/de\/wp-json\/wp\/v2\/pages\/4667\/revisions\/7423"}],"up":[{"embeddable":true,"href":"https:\/\/www.smpengineeredsolutions.com\/de\/wp-json\/wp\/v2\/pages\/6457"}],"wp:attachment":[{"href":"https:\/\/www.smpengineeredsolutions.com\/de\/wp-json\/wp\/v2\/media?parent=4667"}],"curies":[{"name":"wp","href":"https:\/\/api.w.org\/{rel}","templated":true}]}}