{"id":4666,"date":"2023-01-09T13:18:05","date_gmt":"2023-01-09T18:18:05","guid":{"rendered":"https:\/\/smpengineeredsolutions.com\/?page_id=4666"},"modified":"2024-08-26T11:45:33","modified_gmt":"2024-08-26T15:45:33","slug":"luefterkupplungen","status":"publish","type":"page","link":"https:\/\/www.smpengineeredsolutions.com\/de\/produkte\/thermomanagement\/luefterkupplungen\/","title":{"rendered":"L\u00fcfterkupplungen"},"content":{"rendered":"<div class=\"feature-img-right\"><a class=\"lightbox\" href=\"\/wp-content\/uploads\/Import-Type-Fan-Clutch_2673.jpg\"><img decoding=\"async\" title=\"Importierte Typen L\u00fcfterkupplungen\" src=\"\/wp-content\/uploads\/Import-Type-Fan-Clutch_2673.jpg\" alt=\"Importierte Typen L\u00fcfterkupplungen\" width=\"200\" \/><\/a><\/div>\n<p><strong>Konfigurationen und kundenspezifische Designs<\/strong><br \/>\nSMP Engineered Solutions h\u00e4lt diverse Patente f\u00fcr verschiedene Arten von L\u00fcfterkupplungen. Dank unseren hausinternen Kapazit\u00e4ten k\u00f6nnen unsere Kunden L\u00fcfterkupplungen mit kundenspezifischen Wellen und L\u00fcftersteuerungen gem\u00e4\u00df ihren eigenen Spezifikationen entwickeln. Als Erstausr\u00fcstungsservicezulieferer f\u00fcr GMNACC, Chrysler, Ford, Wheeler Brother und Clark MHS ist uns keine Anfrage zu gro\u00df oder zu klein, um sie zu akzeptieren.<\/p>\n<div class=\"clearfix\"><\/div>\n<div class=\"feature-img-right\"><a class=\"lightbox\" href=\"\/wp-content\/uploads\/Domestic-SUV-Type-Fan-Clutch_2783.jpg\"><img decoding=\"async\" title=\"Inl\u00e4ndisch SUV Typen L\u00fcfterkupplungen\" src=\"\/wp-content\/uploads\/Domestic-SUV-Type-Fan-Clutch_2783.jpg\" alt=\"Inl\u00e4ndisch SUV Typen L\u00fcfterkupplungen\" width=\"200\" \/><\/a><\/div>\n<p><strong>Design-Optionen<\/strong><\/p>\n<ul>\n<li>Hersteller f\u00fcr inl\u00e4ndische und importierte Typen, die 12 Produktbaureihen und \u00fcber 210 Modelle abdecken<\/li>\n<li>Designs decken den Austausch gegen OEM ab, insbesondere Borg Warner, Behr, Delphi, USUI und AISIN<\/li>\n<li>Erstausr\u00fcstungsservicezulieferer f\u00fcr GMNACC, Chrysler, Ford, Wheeler Brother, Clark MHS mit einem Angebot von mehr als 50 Teilenummern<\/li>\n<\/ul>\n<p>&nbsp;<\/p>\n<div class=\"clearfix\"><\/div>\n<div class=\"feature-img-right\"><a class=\"lightbox\" href=\"\/wp-content\/uploads\/Electronic_Fan_Clutch.jpg\"><img decoding=\"async\" title=\"Elektrisch L\u00fcfterkupplungen\" src=\"\/wp-content\/uploads\/Electronic_Fan_Clutch.jpg\" alt=\"Elektrisch L\u00fcfterkupplungen\" width=\"200\" \/><\/a><\/div>\n<p><strong>Leistung<\/strong><\/p>\n<ul>\n<li>L\u00fcfterkupplungen und -antriebe, die mit einem L\u00fcfter in einem Luftkanalsystem getestet wurden, um Realbedingungen zu simulieren.<\/li>\n<li>Drehzahlen bis zu 4500 U\/min unter Last (nicht in freier Luft).<\/li>\n<li>Drehmoment bis zu \u224833,90 Nm bei einer L\u00fcfterdrehzahl von 2700 U\/min.<\/li>\n<li>Baugruppen werden bei der Konstruktion auf \u224811,16 g in 10 mm Abstand von der Achsmitte ausgewuchtet.<\/li>\n<\/ul>\n","protected":false},"excerpt":{"rendered":"<p>Konfigurationen und kundenspezifische Designs SMP Engineered Solutions h\u00e4lt diverse Patente f\u00fcr verschiedene Arten von L\u00fcfterkupplungen. Dank unseren hausinternen Kapazit\u00e4ten k\u00f6nnen unsere Kunden L\u00fcfterkupplungen mit kundenspezifischen Wellen und L\u00fcftersteuerungen gem\u00e4\u00df ihren eigenen Spezifikationen entwickeln. Als Erstausr\u00fcstungsservicezulieferer f\u00fcr GMNACC, Chrysler, Ford, Wheeler Brother und Clark MHS ist uns keine Anfrage zu gro\u00df oder zu klein, um sie&#8230; [&#8230;]<\/p>\n<p><a class=\"btn btn-secondary understrap-read-more-link\" href=\"https:\/\/www.smpengineeredsolutions.com\/de\/produkte\/thermomanagement\/luefterkupplungen\/\">Weiterlesen&#8230;<\/a><\/p>\n","protected":false},"author":27,"featured_media":0,"parent":6457,"menu_order":0,"comment_status":"closed","ping_status":"closed","template":"page-templates\/destination-content.php","meta":{"_acf_changed":false,"inline_featured_image":false,"footnotes":""},"class_list":["post-4666","page","type-page","status-publish","hentry"],"featured_image_src":null,"acf":[],"yoast_head":"<!-- This site is optimized with the Yoast SEO Premium plugin v27.5 (Yoast SEO v27.5) - https:\/\/yoast.com\/product\/yoast-seo-premium-wordpress\/ -->\n<title>L\u00fcfterkupplungen | Thermisches Management | SMP, Inc.<\/title>\n<meta name=\"description\" content=\"Entdecken Sie die L\u00fcfterkupplungen von Standard Motors Product, Inc. - Hochwertige und kosteng\u00fcnstige L\u00fcfterkupplungen f\u00fcr Ihre Anwendungen und Industrie.\" \/>\n<meta name=\"robots\" content=\"index, follow, max-snippet:-1, max-image-preview:large, max-video-preview:-1\" \/>\n<link rel=\"canonical\" href=\"https:\/\/www.smpengineeredsolutions.com\/de\/produkte\/thermomanagement\/luefterkupplungen\/\" \/>\n<meta property=\"og:locale\" content=\"de_DE\" \/>\n<meta property=\"og:type\" content=\"article\" \/>\n<meta property=\"og:title\" content=\"L\u00fcfterkupplungen\" \/>\n<meta property=\"og:description\" content=\"Entdecken Sie die L\u00fcfterkupplungen von Standard Motors Product, Inc. - Hochwertige und kosteng\u00fcnstige L\u00fcfterkupplungen f\u00fcr Ihre Anwendungen und Industrie.\" \/>\n<meta property=\"og:url\" content=\"https:\/\/www.smpengineeredsolutions.com\/de\/produkte\/thermomanagement\/luefterkupplungen\/\" \/>\n<meta property=\"og:site_name\" content=\"Standard Motor Products, Inc.\" \/>\n<meta property=\"article:modified_time\" content=\"2024-08-26T15:45:33+00:00\" \/>\n<meta name=\"twitter:label1\" content=\"Gesch\u00e4tzte Lesezeit\" \/>\n\t<meta name=\"twitter:data1\" content=\"2\u00a0Minuten\" \/>\n<script type=\"application\/ld+json\" class=\"yoast-schema-graph\">{\"@context\":\"https:\\\/\\\/schema.org\",\"@graph\":[{\"@type\":\"WebPage\",\"@id\":\"https:\\\/\\\/www.smpengineeredsolutions.com\\\/de\\\/produkte\\\/thermomanagement\\\/luefterkupplungen\\\/\",\"url\":\"https:\\\/\\\/www.smpengineeredsolutions.com\\\/de\\\/produkte\\\/thermomanagement\\\/luefterkupplungen\\\/\",\"name\":\"L\u00fcfterkupplungen | Thermisches Management | SMP, Inc.\",\"isPartOf\":{\"@id\":\"https:\\\/\\\/www.smpengineeredsolutions.com\\\/de\\\/#website\"},\"datePublished\":\"2023-01-09T18:18:05+00:00\",\"dateModified\":\"2024-08-26T15:45:33+00:00\",\"description\":\"Entdecken Sie die L\u00fcfterkupplungen von Standard Motors Product, Inc. - Hochwertige und kosteng\u00fcnstige L\u00fcfterkupplungen f\u00fcr Ihre Anwendungen und Industrie.\",\"breadcrumb\":{\"@id\":\"https:\\\/\\\/www.smpengineeredsolutions.com\\\/de\\\/produkte\\\/thermomanagement\\\/luefterkupplungen\\\/#breadcrumb\"},\"inLanguage\":\"de\",\"potentialAction\":[{\"@type\":\"ReadAction\",\"target\":[\"https:\\\/\\\/www.smpengineeredsolutions.com\\\/de\\\/produkte\\\/thermomanagement\\\/luefterkupplungen\\\/\"]}]},{\"@type\":\"BreadcrumbList\",\"@id\":\"https:\\\/\\\/www.smpengineeredsolutions.com\\\/de\\\/produkte\\\/thermomanagement\\\/luefterkupplungen\\\/#breadcrumb\",\"itemListElement\":[{\"@type\":\"ListItem\",\"position\":1,\"name\":\"Home\",\"item\":\"https:\\\/\\\/www.smpengineeredsolutions.com\\\/de\\\/\"},{\"@type\":\"ListItem\",\"position\":2,\"name\":\"Produkte\",\"item\":\"https:\\\/\\\/www.af63878a-61a4-44d4-a3f9-8118d911569f.smpengineeredsolutions.com\\\/de\\\/produkte\\\/\"},{\"@type\":\"ListItem\",\"position\":3,\"name\":\"Thermomanagement\",\"item\":\"https:\\\/\\\/www._msrps._tcp.smpengineeredsolutions.com\\\/de\\\/produkte\\\/thermomanagement\\\/\"},{\"@type\":\"ListItem\",\"position\":4,\"name\":\"L\u00fcfterkupplungen\"}]},{\"@type\":\"WebSite\",\"@id\":\"https:\\\/\\\/www.smpengineeredsolutions.com\\\/de\\\/#website\",\"url\":\"https:\\\/\\\/www.smpengineeredsolutions.com\\\/de\\\/\",\"name\":\"Standard Motor Products, Inc.\",\"description\":\"\",\"publisher\":{\"@id\":\"https:\\\/\\\/www.smpengineeredsolutions.com\\\/de\\\/#organization\"},\"potentialAction\":[{\"@type\":\"SearchAction\",\"target\":{\"@type\":\"EntryPoint\",\"urlTemplate\":\"https:\\\/\\\/www.smpengineeredsolutions.com\\\/de\\\/?s={search_term_string}\"},\"query-input\":{\"@type\":\"PropertyValueSpecification\",\"valueRequired\":true,\"valueName\":\"search_term_string\"}}],\"inLanguage\":\"de\"},{\"@type\":\"Organization\",\"@id\":\"https:\\\/\\\/www.smpengineeredsolutions.com\\\/de\\\/#organization\",\"name\":\"SMP\u00ae Engineered Solutions\",\"url\":\"https:\\\/\\\/www.smpengineeredsolutions.com\\\/de\\\/\",\"logo\":{\"@type\":\"ImageObject\",\"inLanguage\":\"de\",\"@id\":\"https:\\\/\\\/www.smpengineeredsolutions.com\\\/de\\\/#\\\/schema\\\/logo\\\/image\\\/\",\"url\":\"https:\\\/\\\/www.a.smpengineeredsolutions.com\\\/wp-content\\\/uploads\\\/smp-logo.png\",\"contentUrl\":\"https:\\\/\\\/www.a.smpengineeredsolutions.com\\\/wp-content\\\/uploads\\\/smp-logo.png\",\"width\":264,\"height\":117,\"caption\":\"SMP\u00ae Engineered Solutions\"},\"image\":{\"@id\":\"https:\\\/\\\/www.smpengineeredsolutions.com\\\/de\\\/#\\\/schema\\\/logo\\\/image\\\/\"},\"sameAs\":[\"https:\\\/\\\/www.youtube.com\\\/@StandardMotorProductsInc\",\"https:\\\/\\\/www.linkedin.com\\\/company\\\/standard-motor-products\"]}]}<\/script>\n<!-- \/ Yoast SEO Premium plugin. -->","yoast_head_json":{"title":"L\u00fcfterkupplungen | Thermisches Management | SMP, Inc.","description":"Entdecken Sie die L\u00fcfterkupplungen von Standard Motors Product, Inc. - Hochwertige und kosteng\u00fcnstige L\u00fcfterkupplungen f\u00fcr Ihre Anwendungen und Industrie.","robots":{"index":"index","follow":"follow","max-snippet":"max-snippet:-1","max-image-preview":"max-image-preview:large","max-video-preview":"max-video-preview:-1"},"canonical":"https:\/\/www.smpengineeredsolutions.com\/de\/produkte\/thermomanagement\/luefterkupplungen\/","og_locale":"de_DE","og_type":"article","og_title":"L\u00fcfterkupplungen","og_description":"Entdecken Sie die L\u00fcfterkupplungen von Standard Motors Product, Inc. - Hochwertige und kosteng\u00fcnstige L\u00fcfterkupplungen f\u00fcr Ihre Anwendungen und Industrie.","og_url":"https:\/\/www.smpengineeredsolutions.com\/de\/produkte\/thermomanagement\/luefterkupplungen\/","og_site_name":"Standard Motor Products, Inc.","article_modified_time":"2024-08-26T15:45:33+00:00","twitter_misc":{"Gesch\u00e4tzte Lesezeit":"2\u00a0Minuten"},"schema":{"@context":"https:\/\/schema.org","@graph":[{"@type":"WebPage","@id":"https:\/\/www.smpengineeredsolutions.com\/de\/produkte\/thermomanagement\/luefterkupplungen\/","url":"https:\/\/www.smpengineeredsolutions.com\/de\/produkte\/thermomanagement\/luefterkupplungen\/","name":"L\u00fcfterkupplungen | Thermisches Management | SMP, Inc.","isPartOf":{"@id":"https:\/\/www.smpengineeredsolutions.com\/de\/#website"},"datePublished":"2023-01-09T18:18:05+00:00","dateModified":"2024-08-26T15:45:33+00:00","description":"Entdecken Sie die L\u00fcfterkupplungen von Standard Motors Product, Inc. - Hochwertige und kosteng\u00fcnstige L\u00fcfterkupplungen f\u00fcr Ihre Anwendungen und Industrie.","breadcrumb":{"@id":"https:\/\/www.smpengineeredsolutions.com\/de\/produkte\/thermomanagement\/luefterkupplungen\/#breadcrumb"},"inLanguage":"de","potentialAction":[{"@type":"ReadAction","target":["https:\/\/www.smpengineeredsolutions.com\/de\/produkte\/thermomanagement\/luefterkupplungen\/"]}]},{"@type":"BreadcrumbList","@id":"https:\/\/www.smpengineeredsolutions.com\/de\/produkte\/thermomanagement\/luefterkupplungen\/#breadcrumb","itemListElement":[{"@type":"ListItem","position":1,"name":"Home","item":"https:\/\/www.smpengineeredsolutions.com\/de\/"},{"@type":"ListItem","position":2,"name":"Produkte","item":"https:\/\/www.af63878a-61a4-44d4-a3f9-8118d911569f.smpengineeredsolutions.com\/de\/produkte\/"},{"@type":"ListItem","position":3,"name":"Thermomanagement","item":"https:\/\/www._msrps._tcp.smpengineeredsolutions.com\/de\/produkte\/thermomanagement\/"},{"@type":"ListItem","position":4,"name":"L\u00fcfterkupplungen"}]},{"@type":"WebSite","@id":"https:\/\/www.smpengineeredsolutions.com\/de\/#website","url":"https:\/\/www.smpengineeredsolutions.com\/de\/","name":"Standard Motor Products, Inc.","description":"","publisher":{"@id":"https:\/\/www.smpengineeredsolutions.com\/de\/#organization"},"potentialAction":[{"@type":"SearchAction","target":{"@type":"EntryPoint","urlTemplate":"https:\/\/www.smpengineeredsolutions.com\/de\/?s={search_term_string}"},"query-input":{"@type":"PropertyValueSpecification","valueRequired":true,"valueName":"search_term_string"}}],"inLanguage":"de"},{"@type":"Organization","@id":"https:\/\/www.smpengineeredsolutions.com\/de\/#organization","name":"SMP\u00ae Engineered Solutions","url":"https:\/\/www.smpengineeredsolutions.com\/de\/","logo":{"@type":"ImageObject","inLanguage":"de","@id":"https:\/\/www.smpengineeredsolutions.com\/de\/#\/schema\/logo\/image\/","url":"https:\/\/www.a.smpengineeredsolutions.com\/wp-content\/uploads\/smp-logo.png","contentUrl":"https:\/\/www.a.smpengineeredsolutions.com\/wp-content\/uploads\/smp-logo.png","width":264,"height":117,"caption":"SMP\u00ae Engineered Solutions"},"image":{"@id":"https:\/\/www.smpengineeredsolutions.com\/de\/#\/schema\/logo\/image\/"},"sameAs":["https:\/\/www.youtube.com\/@StandardMotorProductsInc","https:\/\/www.linkedin.com\/company\/standard-motor-products"]}]}},"_links":{"self":[{"href":"https:\/\/www.smpengineeredsolutions.com\/de\/wp-json\/wp\/v2\/pages\/4666","targetHints":{"allow":["GET"]}}],"collection":[{"href":"https:\/\/www.smpengineeredsolutions.com\/de\/wp-json\/wp\/v2\/pages"}],"about":[{"href":"https:\/\/www.smpengineeredsolutions.com\/de\/wp-json\/wp\/v2\/types\/page"}],"author":[{"embeddable":true,"href":"https:\/\/www.smpengineeredsolutions.com\/de\/wp-json\/wp\/v2\/users\/27"}],"replies":[{"embeddable":true,"href":"https:\/\/www.smpengineeredsolutions.com\/de\/wp-json\/wp\/v2\/comments?post=4666"}],"version-history":[{"count":1,"href":"https:\/\/www.smpengineeredsolutions.com\/de\/wp-json\/wp\/v2\/pages\/4666\/revisions"}],"predecessor-version":[{"id":7176,"href":"https:\/\/www.smpengineeredsolutions.com\/de\/wp-json\/wp\/v2\/pages\/4666\/revisions\/7176"}],"up":[{"embeddable":true,"href":"https:\/\/www.smpengineeredsolutions.com\/de\/wp-json\/wp\/v2\/pages\/6457"}],"wp:attachment":[{"href":"https:\/\/www.smpengineeredsolutions.com\/de\/wp-json\/wp\/v2\/media?parent=4666"}],"curies":[{"name":"wp","href":"https:\/\/api.w.org\/{rel}","templated":true}]}}