{"id":4665,"date":"2023-01-09T13:16:41","date_gmt":"2023-01-09T18:16:41","guid":{"rendered":"https:\/\/smpengineeredsolutions.com\/?page_id=4665"},"modified":"2024-08-27T13:08:59","modified_gmt":"2024-08-27T17:08:59","slug":"integrierter-fluessigkeitsbehaelter-mit-trocknereinsatz","status":"publish","type":"page","link":"https:\/\/www.smpengineeredsolutions.com\/de\/produkte\/thermomanagement\/kaeltemittelsammler-und-fluessigkeitsbehaelter-mit-trocknereinsatz\/integrierter-fluessigkeitsbehaelter-mit-trocknereinsatz\/","title":{"rendered":"Integrierter Fl\u00fcssigkeitsbeh\u00e4lter mit Trocknereinsatz"},"content":{"rendered":"<p>Der Fl\u00fcssigkeitsbeh\u00e4lter mit Trocknereinsatz speichert das K\u00e4ltemittel, bis der Verdampfer es ben\u00f6tigt, und stellt sicher, dass nur verfl\u00fcssigtes K\u00e4ltemittel zum Verdampfer flie\u00dft. Des Weiteren wird das K\u00e4ltemittel gefiltert und getrocknet. Nachdem Gas und Fl\u00fcssigkeit voneinander getrennt wurden, flie\u00dft das fl\u00fcssige K\u00e4ltemittel zum Expansionsventil.<\/p>\n<div class=\"text-center\"><a class=\"lightbox\" href=\"\/wp-content\/uploads\/receiverdriers_1-DE.jpg\"><img decoding=\"async\" title=\"Integral Receiver Driers\" src=\"\/wp-content\/uploads\/receiverdriers_1-DE.jpg\" alt=\"Integrierter Fl\u00fcssigkeitsbeh\u00e4lter mit Trocknereinsatz\" \/><\/a><\/div>\n","protected":false},"excerpt":{"rendered":"<p>Der Fl\u00fcssigkeitsbeh\u00e4lter mit Trocknereinsatz speichert das K\u00e4ltemittel, bis der Verdampfer es ben\u00f6tigt, und stellt sicher, dass nur verfl\u00fcssigtes K\u00e4ltemittel zum Verdampfer flie\u00dft. Des Weiteren wird das K\u00e4ltemittel gefiltert und getrocknet. Nachdem Gas und Fl\u00fcssigkeit voneinander getrennt wurden, flie\u00dft das fl\u00fcssige K\u00e4ltemittel zum Expansionsventil. [&#8230;]<\/p>\n<p><a class=\"btn btn-secondary understrap-read-more-link\" href=\"https:\/\/www.smpengineeredsolutions.com\/de\/produkte\/thermomanagement\/kaeltemittelsammler-und-fluessigkeitsbehaelter-mit-trocknereinsatz\/integrierter-fluessigkeitsbehaelter-mit-trocknereinsatz\/\">Weiterlesen&#8230;<\/a><\/p>\n","protected":false},"author":27,"featured_media":0,"parent":4664,"menu_order":0,"comment_status":"closed","ping_status":"closed","template":"page-templates\/destination-content.php","meta":{"_acf_changed":false,"inline_featured_image":false,"footnotes":""},"class_list":["post-4665","page","type-page","status-publish","hentry"],"featured_image_src":null,"acf":[],"yoast_head":"<!-- This site is optimized with the Yoast SEO Premium plugin v27.4 (Yoast SEO v27.4) - https:\/\/yoast.com\/product\/yoast-seo-premium-wordpress\/ -->\n<title>Integrierte Empf\u00e4ngertrockner | W\u00e4rmemanagement<\/title>\n<meta name=\"description\" content=\"Entdecken Sie die Integral Receiver Drivers von Standard Motors Product, Inc. - Hochwertige Integral Receiver Drivers f\u00fcr Ihre Anwendungen und Industrie.\" \/>\n<meta name=\"robots\" content=\"index, follow, max-snippet:-1, max-image-preview:large, max-video-preview:-1\" \/>\n<link rel=\"canonical\" href=\"https:\/\/www.smpengineeredsolutions.com\/de\/produkte\/thermomanagement\/kaeltemittelsammler-und-fluessigkeitsbehaelter-mit-trocknereinsatz\/integrierter-fluessigkeitsbehaelter-mit-trocknereinsatz\/\" \/>\n<meta property=\"og:locale\" content=\"de_DE\" \/>\n<meta property=\"og:type\" content=\"article\" \/>\n<meta property=\"og:title\" content=\"Integrierter Fl\u00fcssigkeitsbeh\u00e4lter mit Trocknereinsatz\" \/>\n<meta property=\"og:description\" content=\"Entdecken Sie die Integral Receiver Drivers von Standard Motors Product, Inc. - Hochwertige Integral Receiver Drivers f\u00fcr Ihre Anwendungen und Industrie.\" \/>\n<meta property=\"og:url\" content=\"https:\/\/www.smpengineeredsolutions.com\/de\/produkte\/thermomanagement\/kaeltemittelsammler-und-fluessigkeitsbehaelter-mit-trocknereinsatz\/integrierter-fluessigkeitsbehaelter-mit-trocknereinsatz\/\" \/>\n<meta property=\"og:site_name\" content=\"Standard Motor Products, Inc.\" \/>\n<meta property=\"article:modified_time\" content=\"2024-08-27T17:08:59+00:00\" \/>\n<meta name=\"twitter:label1\" content=\"Gesch\u00e4tzte Lesezeit\" \/>\n\t<meta name=\"twitter:data1\" content=\"1\u00a0Minute\" \/>\n<script type=\"application\/ld+json\" class=\"yoast-schema-graph\">{\"@context\":\"https:\\\/\\\/schema.org\",\"@graph\":[{\"@type\":\"WebPage\",\"@id\":\"https:\\\/\\\/www.smpengineeredsolutions.com\\\/de\\\/produkte\\\/thermomanagement\\\/kaeltemittelsammler-und-fluessigkeitsbehaelter-mit-trocknereinsatz\\\/integrierter-fluessigkeitsbehaelter-mit-trocknereinsatz\\\/\",\"url\":\"https:\\\/\\\/www.smpengineeredsolutions.com\\\/de\\\/produkte\\\/thermomanagement\\\/kaeltemittelsammler-und-fluessigkeitsbehaelter-mit-trocknereinsatz\\\/integrierter-fluessigkeitsbehaelter-mit-trocknereinsatz\\\/\",\"name\":\"Integrierte Empf\u00e4ngertrockner | W\u00e4rmemanagement\",\"isPartOf\":{\"@id\":\"https:\\\/\\\/www._tcp.smpengineeredsolutions.com\\\/#website\"},\"datePublished\":\"2023-01-09T18:16:41+00:00\",\"dateModified\":\"2024-08-27T17:08:59+00:00\",\"description\":\"Entdecken Sie die Integral Receiver Drivers von Standard Motors Product, Inc. - Hochwertige Integral Receiver Drivers f\u00fcr Ihre Anwendungen und Industrie.\",\"breadcrumb\":{\"@id\":\"https:\\\/\\\/www.smpengineeredsolutions.com\\\/de\\\/produkte\\\/thermomanagement\\\/kaeltemittelsammler-und-fluessigkeitsbehaelter-mit-trocknereinsatz\\\/integrierter-fluessigkeitsbehaelter-mit-trocknereinsatz\\\/#breadcrumb\"},\"inLanguage\":\"de\",\"potentialAction\":[{\"@type\":\"ReadAction\",\"target\":[\"https:\\\/\\\/www.smpengineeredsolutions.com\\\/de\\\/produkte\\\/thermomanagement\\\/kaeltemittelsammler-und-fluessigkeitsbehaelter-mit-trocknereinsatz\\\/integrierter-fluessigkeitsbehaelter-mit-trocknereinsatz\\\/\"]}]},{\"@type\":\"BreadcrumbList\",\"@id\":\"https:\\\/\\\/www.smpengineeredsolutions.com\\\/de\\\/produkte\\\/thermomanagement\\\/kaeltemittelsammler-und-fluessigkeitsbehaelter-mit-trocknereinsatz\\\/integrierter-fluessigkeitsbehaelter-mit-trocknereinsatz\\\/#breadcrumb\",\"itemListElement\":[{\"@type\":\"ListItem\",\"position\":1,\"name\":\"Home\",\"item\":\"https:\\\/\\\/www.smpengineeredsolutions.com\\\/de\\\/\"},{\"@type\":\"ListItem\",\"position\":2,\"name\":\"Produkte\",\"item\":\"https:\\\/\\\/www.smpengineeredsolutions.com\\\/de\\\/produkte\\\/\"},{\"@type\":\"ListItem\",\"position\":3,\"name\":\"Thermomanagement\",\"item\":\"https:\\\/\\\/www.smpengineeredsolutions.com\\\/de\\\/produkte\\\/thermomanagement\\\/\"},{\"@type\":\"ListItem\",\"position\":4,\"name\":\"K\u00e4ltemittelsammler und Fl\u00fcssigkeitsbeh\u00e4lter mit Trocknereinsatz\",\"item\":\"https:\\\/\\\/www._whoispp._tcp.smpengineeredsolutions.com\\\/de\\\/produkte\\\/thermomanagement\\\/kaeltemittelsammler-und-fluessigkeitsbehaelter-mit-trocknereinsatz\\\/\"},{\"@type\":\"ListItem\",\"position\":5,\"name\":\"Integrierter Fl\u00fcssigkeitsbeh\u00e4lter mit Trocknereinsatz\"}]},{\"@type\":\"WebSite\",\"@id\":\"https:\\\/\\\/www._tcp.smpengineeredsolutions.com\\\/#website\",\"url\":\"https:\\\/\\\/www._tcp.smpengineeredsolutions.com\\\/\",\"name\":\"Standard Motor Products, Inc.\",\"description\":\"\",\"publisher\":{\"@id\":\"https:\\\/\\\/www._tcp.smpengineeredsolutions.com\\\/#organization\"},\"potentialAction\":[{\"@type\":\"SearchAction\",\"target\":{\"@type\":\"EntryPoint\",\"urlTemplate\":\"https:\\\/\\\/www._tcp.smpengineeredsolutions.com\\\/?s={search_term_string}\"},\"query-input\":{\"@type\":\"PropertyValueSpecification\",\"valueRequired\":true,\"valueName\":\"search_term_string\"}}],\"inLanguage\":\"de\"},{\"@type\":\"Organization\",\"@id\":\"https:\\\/\\\/www._tcp.smpengineeredsolutions.com\\\/#organization\",\"name\":\"SMP\u00ae Engineered Solutions\",\"url\":\"https:\\\/\\\/www._tcp.smpengineeredsolutions.com\\\/\",\"logo\":{\"@type\":\"ImageObject\",\"inLanguage\":\"de\",\"@id\":\"https:\\\/\\\/www._tcp.smpengineeredsolutions.com\\\/#\\\/schema\\\/logo\\\/image\\\/\",\"url\":\"https:\\\/\\\/www.a.smpengineeredsolutions.com\\\/wp-content\\\/uploads\\\/smp-logo.png\",\"contentUrl\":\"https:\\\/\\\/www.a.smpengineeredsolutions.com\\\/wp-content\\\/uploads\\\/smp-logo.png\",\"width\":264,\"height\":117,\"caption\":\"SMP\u00ae Engineered Solutions\"},\"image\":{\"@id\":\"https:\\\/\\\/www._tcp.smpengineeredsolutions.com\\\/#\\\/schema\\\/logo\\\/image\\\/\"},\"sameAs\":[\"https:\\\/\\\/www.youtube.com\\\/@StandardMotorProductsInc\",\"https:\\\/\\\/www.linkedin.com\\\/company\\\/standard-motor-products\"]}]}<\/script>\n<!-- \/ Yoast SEO Premium plugin. -->","yoast_head_json":{"title":"Integrierte Empf\u00e4ngertrockner | W\u00e4rmemanagement","description":"Entdecken Sie die Integral Receiver Drivers von Standard Motors Product, Inc. - Hochwertige Integral Receiver Drivers f\u00fcr Ihre Anwendungen und Industrie.","robots":{"index":"index","follow":"follow","max-snippet":"max-snippet:-1","max-image-preview":"max-image-preview:large","max-video-preview":"max-video-preview:-1"},"canonical":"https:\/\/www.smpengineeredsolutions.com\/de\/produkte\/thermomanagement\/kaeltemittelsammler-und-fluessigkeitsbehaelter-mit-trocknereinsatz\/integrierter-fluessigkeitsbehaelter-mit-trocknereinsatz\/","og_locale":"de_DE","og_type":"article","og_title":"Integrierter Fl\u00fcssigkeitsbeh\u00e4lter mit Trocknereinsatz","og_description":"Entdecken Sie die Integral Receiver Drivers von Standard Motors Product, Inc. - Hochwertige Integral Receiver Drivers f\u00fcr Ihre Anwendungen und Industrie.","og_url":"https:\/\/www.smpengineeredsolutions.com\/de\/produkte\/thermomanagement\/kaeltemittelsammler-und-fluessigkeitsbehaelter-mit-trocknereinsatz\/integrierter-fluessigkeitsbehaelter-mit-trocknereinsatz\/","og_site_name":"Standard Motor Products, Inc.","article_modified_time":"2024-08-27T17:08:59+00:00","twitter_misc":{"Gesch\u00e4tzte Lesezeit":"1\u00a0Minute"},"schema":{"@context":"https:\/\/schema.org","@graph":[{"@type":"WebPage","@id":"https:\/\/www.smpengineeredsolutions.com\/de\/produkte\/thermomanagement\/kaeltemittelsammler-und-fluessigkeitsbehaelter-mit-trocknereinsatz\/integrierter-fluessigkeitsbehaelter-mit-trocknereinsatz\/","url":"https:\/\/www.smpengineeredsolutions.com\/de\/produkte\/thermomanagement\/kaeltemittelsammler-und-fluessigkeitsbehaelter-mit-trocknereinsatz\/integrierter-fluessigkeitsbehaelter-mit-trocknereinsatz\/","name":"Integrierte Empf\u00e4ngertrockner | W\u00e4rmemanagement","isPartOf":{"@id":"https:\/\/www._tcp.smpengineeredsolutions.com\/#website"},"datePublished":"2023-01-09T18:16:41+00:00","dateModified":"2024-08-27T17:08:59+00:00","description":"Entdecken Sie die Integral Receiver Drivers von Standard Motors Product, Inc. - Hochwertige Integral Receiver Drivers f\u00fcr Ihre Anwendungen und Industrie.","breadcrumb":{"@id":"https:\/\/www.smpengineeredsolutions.com\/de\/produkte\/thermomanagement\/kaeltemittelsammler-und-fluessigkeitsbehaelter-mit-trocknereinsatz\/integrierter-fluessigkeitsbehaelter-mit-trocknereinsatz\/#breadcrumb"},"inLanguage":"de","potentialAction":[{"@type":"ReadAction","target":["https:\/\/www.smpengineeredsolutions.com\/de\/produkte\/thermomanagement\/kaeltemittelsammler-und-fluessigkeitsbehaelter-mit-trocknereinsatz\/integrierter-fluessigkeitsbehaelter-mit-trocknereinsatz\/"]}]},{"@type":"BreadcrumbList","@id":"https:\/\/www.smpengineeredsolutions.com\/de\/produkte\/thermomanagement\/kaeltemittelsammler-und-fluessigkeitsbehaelter-mit-trocknereinsatz\/integrierter-fluessigkeitsbehaelter-mit-trocknereinsatz\/#breadcrumb","itemListElement":[{"@type":"ListItem","position":1,"name":"Home","item":"https:\/\/www.smpengineeredsolutions.com\/de\/"},{"@type":"ListItem","position":2,"name":"Produkte","item":"https:\/\/www.smpengineeredsolutions.com\/de\/produkte\/"},{"@type":"ListItem","position":3,"name":"Thermomanagement","item":"https:\/\/www.smpengineeredsolutions.com\/de\/produkte\/thermomanagement\/"},{"@type":"ListItem","position":4,"name":"K\u00e4ltemittelsammler und Fl\u00fcssigkeitsbeh\u00e4lter mit Trocknereinsatz","item":"https:\/\/www._whoispp._tcp.smpengineeredsolutions.com\/de\/produkte\/thermomanagement\/kaeltemittelsammler-und-fluessigkeitsbehaelter-mit-trocknereinsatz\/"},{"@type":"ListItem","position":5,"name":"Integrierter Fl\u00fcssigkeitsbeh\u00e4lter mit Trocknereinsatz"}]},{"@type":"WebSite","@id":"https:\/\/www._tcp.smpengineeredsolutions.com\/#website","url":"https:\/\/www._tcp.smpengineeredsolutions.com\/","name":"Standard Motor Products, Inc.","description":"","publisher":{"@id":"https:\/\/www._tcp.smpengineeredsolutions.com\/#organization"},"potentialAction":[{"@type":"SearchAction","target":{"@type":"EntryPoint","urlTemplate":"https:\/\/www._tcp.smpengineeredsolutions.com\/?s={search_term_string}"},"query-input":{"@type":"PropertyValueSpecification","valueRequired":true,"valueName":"search_term_string"}}],"inLanguage":"de"},{"@type":"Organization","@id":"https:\/\/www._tcp.smpengineeredsolutions.com\/#organization","name":"SMP\u00ae Engineered Solutions","url":"https:\/\/www._tcp.smpengineeredsolutions.com\/","logo":{"@type":"ImageObject","inLanguage":"de","@id":"https:\/\/www._tcp.smpengineeredsolutions.com\/#\/schema\/logo\/image\/","url":"https:\/\/www.a.smpengineeredsolutions.com\/wp-content\/uploads\/smp-logo.png","contentUrl":"https:\/\/www.a.smpengineeredsolutions.com\/wp-content\/uploads\/smp-logo.png","width":264,"height":117,"caption":"SMP\u00ae Engineered Solutions"},"image":{"@id":"https:\/\/www._tcp.smpengineeredsolutions.com\/#\/schema\/logo\/image\/"},"sameAs":["https:\/\/www.youtube.com\/@StandardMotorProductsInc","https:\/\/www.linkedin.com\/company\/standard-motor-products"]}]}},"_links":{"self":[{"href":"https:\/\/www.smpengineeredsolutions.com\/de\/wp-json\/wp\/v2\/pages\/4665","targetHints":{"allow":["GET"]}}],"collection":[{"href":"https:\/\/www.smpengineeredsolutions.com\/de\/wp-json\/wp\/v2\/pages"}],"about":[{"href":"https:\/\/www.smpengineeredsolutions.com\/de\/wp-json\/wp\/v2\/types\/page"}],"author":[{"embeddable":true,"href":"https:\/\/www.smpengineeredsolutions.com\/de\/wp-json\/wp\/v2\/users\/27"}],"replies":[{"embeddable":true,"href":"https:\/\/www.smpengineeredsolutions.com\/de\/wp-json\/wp\/v2\/comments?post=4665"}],"version-history":[{"count":1,"href":"https:\/\/www.smpengineeredsolutions.com\/de\/wp-json\/wp\/v2\/pages\/4665\/revisions"}],"predecessor-version":[{"id":7218,"href":"https:\/\/www.smpengineeredsolutions.com\/de\/wp-json\/wp\/v2\/pages\/4665\/revisions\/7218"}],"up":[{"embeddable":true,"href":"https:\/\/www.smpengineeredsolutions.com\/de\/wp-json\/wp\/v2\/pages\/4664"}],"wp:attachment":[{"href":"https:\/\/www.smpengineeredsolutions.com\/de\/wp-json\/wp\/v2\/media?parent=4665"}],"curies":[{"name":"wp","href":"https:\/\/api.w.org\/{rel}","templated":true}]}}