{"id":4662,"date":"2023-01-09T12:39:17","date_gmt":"2023-01-09T17:39:17","guid":{"rendered":"https:\/\/smpengineeredsolutions.com\/?page_id=4662"},"modified":"2025-04-28T16:09:32","modified_gmt":"2025-04-28T20:09:32","slug":"leitungs-und-schlauchbaugruppen","status":"publish","type":"page","link":"https:\/\/www.smpengineeredsolutions.com\/de\/produkte\/thermomanagement\/leitungs-und-schlauchbaugruppen\/","title":{"rendered":"Leitungs- und Schlauchbaugruppen"},"content":{"rendered":"<div class=\"feature-img-right\"><a class=\"lightbox\" href=\"\/wp-content\/uploads\/56207_hose-assembly.jpg\"><img decoding=\"async\" title=\"Hose Assembly\" src=\"\/wp-content\/uploads\/56207_hose-assembly.jpg\" alt=\"Hose Assembly\" width=\"200\" \/><\/a><\/div>\n<p><strong>Konfigurationen und Sonderanfertigungen<\/strong><br \/>\nAls erfahrener Hersteller entwickeln wir Schlauchbaugruppen f\u00fcr den Erstausstatter-\/Erstausstattungsliefertanten-Markt. Unsere hausinternen Forschungs- und Entwicklungslabors und unser Designzentrum setzen die neueste fortschrittliche Design-Software und Pr\u00e4zisionsmessger\u00e4te ein, um die Integrit\u00e4t und Qualit\u00e4t unserer Produkte sicherzustellen. Die Testlabors sind mit einer Vielzahl hochentwickelter Pr\u00fcfeinrichtungen ausgestattet, unter anderem mit einer Salzspr\u00fchkammer, einem Hochtemperaturofen, einem Helium-Lecktester und vielen anderen Pr\u00fcfger\u00e4ten.<\/p>\n","protected":false},"excerpt":{"rendered":"<p>Konfigurationen und Sonderanfertigungen Als erfahrener Hersteller entwickeln wir Schlauchbaugruppen f\u00fcr den Erstausstatter-\/Erstausstattungsliefertanten-Markt. Unsere hausinternen Forschungs- und Entwicklungslabors und unser Designzentrum setzen die neueste fortschrittliche Design-Software und Pr\u00e4zisionsmessger\u00e4te ein, um die Integrit\u00e4t und Qualit\u00e4t unserer Produkte sicherzustellen. Die Testlabors sind mit einer Vielzahl hochentwickelter Pr\u00fcfeinrichtungen ausgestattet, unter anderem mit einer Salzspr\u00fchkammer, einem Hochtemperaturofen, einem Helium-Lecktester und&#8230; [&#8230;]<\/p>\n<p><a class=\"btn btn-secondary understrap-read-more-link\" href=\"https:\/\/www.smpengineeredsolutions.com\/de\/produkte\/thermomanagement\/leitungs-und-schlauchbaugruppen\/\">Weiterlesen&#8230;<\/a><\/p>\n","protected":false},"author":27,"featured_media":0,"parent":6457,"menu_order":0,"comment_status":"closed","ping_status":"closed","template":"page-templates\/destination-bucket.php","meta":{"_acf_changed":false,"inline_featured_image":false,"footnotes":""},"class_list":["post-4662","page","type-page","status-publish","hentry"],"featured_image_src":null,"acf":[],"yoast_head":"<!-- This site is optimized with the Yoast SEO Premium plugin v27.4 (Yoast SEO v27.4) - https:\/\/yoast.com\/product\/yoast-seo-premium-wordpress\/ -->\n<title>Leitungs- und Schlauchbaugruppen - Standard Motor Products, Inc.<\/title>\n<meta name=\"robots\" content=\"index, follow, max-snippet:-1, max-image-preview:large, max-video-preview:-1\" \/>\n<link rel=\"canonical\" href=\"https:\/\/www.smpengineeredsolutions.com\/de\/produkte\/thermomanagement\/leitungs-und-schlauchbaugruppen\/\" \/>\n<meta property=\"og:locale\" content=\"de_DE\" \/>\n<meta property=\"og:type\" content=\"article\" \/>\n<meta property=\"og:title\" content=\"Leitungs- und Schlauchbaugruppen\" \/>\n<meta property=\"og:description\" content=\"Konfigurationen und Sonderanfertigungen Als erfahrener Hersteller entwickeln wir Schlauchbaugruppen f\u00fcr den Erstausstatter-\/Erstausstattungsliefertanten-Markt. Unsere hausinternen Forschungs- und Entwicklungslabors und unser Designzentrum setzen die neueste fortschrittliche Design-Software und Pr\u00e4zisionsmessger\u00e4te ein, um die Integrit\u00e4t und Qualit\u00e4t unserer Produkte sicherzustellen. Die Testlabors sind mit einer Vielzahl hochentwickelter Pr\u00fcfeinrichtungen ausgestattet, unter anderem mit einer Salzspr\u00fchkammer, einem Hochtemperaturofen, einem Helium-Lecktester und... [...]Weiterlesen...\" \/>\n<meta property=\"og:url\" content=\"https:\/\/www.smpengineeredsolutions.com\/de\/produkte\/thermomanagement\/leitungs-und-schlauchbaugruppen\/\" \/>\n<meta property=\"og:site_name\" content=\"Standard Motor Products, Inc.\" \/>\n<meta property=\"article:modified_time\" content=\"2025-04-28T20:09:32+00:00\" \/>\n<meta name=\"twitter:label1\" content=\"Gesch\u00e4tzte Lesezeit\" \/>\n\t<meta name=\"twitter:data1\" content=\"1\u00a0Minute\" \/>\n<script type=\"application\/ld+json\" class=\"yoast-schema-graph\">{\"@context\":\"https:\\\/\\\/schema.org\",\"@graph\":[{\"@type\":\"WebPage\",\"@id\":\"https:\\\/\\\/www.smpengineeredsolutions.com\\\/de\\\/produkte\\\/thermomanagement\\\/leitungs-und-schlauchbaugruppen\\\/\",\"url\":\"https:\\\/\\\/www.smpengineeredsolutions.com\\\/de\\\/produkte\\\/thermomanagement\\\/leitungs-und-schlauchbaugruppen\\\/\",\"name\":\"Leitungs- und Schlauchbaugruppen - Standard Motor Products, Inc.\",\"isPartOf\":{\"@id\":\"https:\\\/\\\/www._tcp.smpengineeredsolutions.com\\\/#website\"},\"datePublished\":\"2023-01-09T17:39:17+00:00\",\"dateModified\":\"2025-04-28T20:09:32+00:00\",\"breadcrumb\":{\"@id\":\"https:\\\/\\\/www.smpengineeredsolutions.com\\\/de\\\/produkte\\\/thermomanagement\\\/leitungs-und-schlauchbaugruppen\\\/#breadcrumb\"},\"inLanguage\":\"de\",\"potentialAction\":[{\"@type\":\"ReadAction\",\"target\":[\"https:\\\/\\\/www.smpengineeredsolutions.com\\\/de\\\/produkte\\\/thermomanagement\\\/leitungs-und-schlauchbaugruppen\\\/\"]}]},{\"@type\":\"BreadcrumbList\",\"@id\":\"https:\\\/\\\/www.smpengineeredsolutions.com\\\/de\\\/produkte\\\/thermomanagement\\\/leitungs-und-schlauchbaugruppen\\\/#breadcrumb\",\"itemListElement\":[{\"@type\":\"ListItem\",\"position\":1,\"name\":\"Home\",\"item\":\"https:\\\/\\\/www.smpengineeredsolutions.com\\\/de\\\/\"},{\"@type\":\"ListItem\",\"position\":2,\"name\":\"Produkte\",\"item\":\"https:\\\/\\\/www.smpengineeredsolutions.com\\\/de\\\/produkte\\\/\"},{\"@type\":\"ListItem\",\"position\":3,\"name\":\"Thermomanagement\",\"item\":\"https:\\\/\\\/www.smpengineeredsolutions.com\\\/de\\\/produkte\\\/thermomanagement\\\/\"},{\"@type\":\"ListItem\",\"position\":4,\"name\":\"Leitungs- und Schlauchbaugruppen\"}]},{\"@type\":\"WebSite\",\"@id\":\"https:\\\/\\\/www._tcp.smpengineeredsolutions.com\\\/#website\",\"url\":\"https:\\\/\\\/www._tcp.smpengineeredsolutions.com\\\/\",\"name\":\"Standard Motor Products, Inc.\",\"description\":\"\",\"publisher\":{\"@id\":\"https:\\\/\\\/www._tcp.smpengineeredsolutions.com\\\/#organization\"},\"potentialAction\":[{\"@type\":\"SearchAction\",\"target\":{\"@type\":\"EntryPoint\",\"urlTemplate\":\"https:\\\/\\\/www._tcp.smpengineeredsolutions.com\\\/?s={search_term_string}\"},\"query-input\":{\"@type\":\"PropertyValueSpecification\",\"valueRequired\":true,\"valueName\":\"search_term_string\"}}],\"inLanguage\":\"de\"},{\"@type\":\"Organization\",\"@id\":\"https:\\\/\\\/www._tcp.smpengineeredsolutions.com\\\/#organization\",\"name\":\"SMP\u00ae Engineered Solutions\",\"url\":\"https:\\\/\\\/www._tcp.smpengineeredsolutions.com\\\/\",\"logo\":{\"@type\":\"ImageObject\",\"inLanguage\":\"de\",\"@id\":\"https:\\\/\\\/www._tcp.smpengineeredsolutions.com\\\/#\\\/schema\\\/logo\\\/image\\\/\",\"url\":\"https:\\\/\\\/www.a.smpengineeredsolutions.com\\\/wp-content\\\/uploads\\\/smp-logo.png\",\"contentUrl\":\"https:\\\/\\\/www.a.smpengineeredsolutions.com\\\/wp-content\\\/uploads\\\/smp-logo.png\",\"width\":264,\"height\":117,\"caption\":\"SMP\u00ae Engineered Solutions\"},\"image\":{\"@id\":\"https:\\\/\\\/www._tcp.smpengineeredsolutions.com\\\/#\\\/schema\\\/logo\\\/image\\\/\"},\"sameAs\":[\"https:\\\/\\\/www.youtube.com\\\/@StandardMotorProductsInc\",\"https:\\\/\\\/www.linkedin.com\\\/company\\\/standard-motor-products\"]}]}<\/script>\n<!-- \/ Yoast SEO Premium plugin. -->","yoast_head_json":{"title":"Leitungs- und Schlauchbaugruppen - Standard Motor Products, Inc.","robots":{"index":"index","follow":"follow","max-snippet":"max-snippet:-1","max-image-preview":"max-image-preview:large","max-video-preview":"max-video-preview:-1"},"canonical":"https:\/\/www.smpengineeredsolutions.com\/de\/produkte\/thermomanagement\/leitungs-und-schlauchbaugruppen\/","og_locale":"de_DE","og_type":"article","og_title":"Leitungs- und Schlauchbaugruppen","og_description":"Konfigurationen und Sonderanfertigungen Als erfahrener Hersteller entwickeln wir Schlauchbaugruppen f\u00fcr den Erstausstatter-\/Erstausstattungsliefertanten-Markt. Unsere hausinternen Forschungs- und Entwicklungslabors und unser Designzentrum setzen die neueste fortschrittliche Design-Software und Pr\u00e4zisionsmessger\u00e4te ein, um die Integrit\u00e4t und Qualit\u00e4t unserer Produkte sicherzustellen. Die Testlabors sind mit einer Vielzahl hochentwickelter Pr\u00fcfeinrichtungen ausgestattet, unter anderem mit einer Salzspr\u00fchkammer, einem Hochtemperaturofen, einem Helium-Lecktester und... [...]Weiterlesen...","og_url":"https:\/\/www.smpengineeredsolutions.com\/de\/produkte\/thermomanagement\/leitungs-und-schlauchbaugruppen\/","og_site_name":"Standard Motor Products, Inc.","article_modified_time":"2025-04-28T20:09:32+00:00","twitter_misc":{"Gesch\u00e4tzte Lesezeit":"1\u00a0Minute"},"schema":{"@context":"https:\/\/schema.org","@graph":[{"@type":"WebPage","@id":"https:\/\/www.smpengineeredsolutions.com\/de\/produkte\/thermomanagement\/leitungs-und-schlauchbaugruppen\/","url":"https:\/\/www.smpengineeredsolutions.com\/de\/produkte\/thermomanagement\/leitungs-und-schlauchbaugruppen\/","name":"Leitungs- und Schlauchbaugruppen - Standard Motor Products, Inc.","isPartOf":{"@id":"https:\/\/www._tcp.smpengineeredsolutions.com\/#website"},"datePublished":"2023-01-09T17:39:17+00:00","dateModified":"2025-04-28T20:09:32+00:00","breadcrumb":{"@id":"https:\/\/www.smpengineeredsolutions.com\/de\/produkte\/thermomanagement\/leitungs-und-schlauchbaugruppen\/#breadcrumb"},"inLanguage":"de","potentialAction":[{"@type":"ReadAction","target":["https:\/\/www.smpengineeredsolutions.com\/de\/produkte\/thermomanagement\/leitungs-und-schlauchbaugruppen\/"]}]},{"@type":"BreadcrumbList","@id":"https:\/\/www.smpengineeredsolutions.com\/de\/produkte\/thermomanagement\/leitungs-und-schlauchbaugruppen\/#breadcrumb","itemListElement":[{"@type":"ListItem","position":1,"name":"Home","item":"https:\/\/www.smpengineeredsolutions.com\/de\/"},{"@type":"ListItem","position":2,"name":"Produkte","item":"https:\/\/www.smpengineeredsolutions.com\/de\/produkte\/"},{"@type":"ListItem","position":3,"name":"Thermomanagement","item":"https:\/\/www.smpengineeredsolutions.com\/de\/produkte\/thermomanagement\/"},{"@type":"ListItem","position":4,"name":"Leitungs- und Schlauchbaugruppen"}]},{"@type":"WebSite","@id":"https:\/\/www._tcp.smpengineeredsolutions.com\/#website","url":"https:\/\/www._tcp.smpengineeredsolutions.com\/","name":"Standard Motor Products, Inc.","description":"","publisher":{"@id":"https:\/\/www._tcp.smpengineeredsolutions.com\/#organization"},"potentialAction":[{"@type":"SearchAction","target":{"@type":"EntryPoint","urlTemplate":"https:\/\/www._tcp.smpengineeredsolutions.com\/?s={search_term_string}"},"query-input":{"@type":"PropertyValueSpecification","valueRequired":true,"valueName":"search_term_string"}}],"inLanguage":"de"},{"@type":"Organization","@id":"https:\/\/www._tcp.smpengineeredsolutions.com\/#organization","name":"SMP\u00ae Engineered Solutions","url":"https:\/\/www._tcp.smpengineeredsolutions.com\/","logo":{"@type":"ImageObject","inLanguage":"de","@id":"https:\/\/www._tcp.smpengineeredsolutions.com\/#\/schema\/logo\/image\/","url":"https:\/\/www.a.smpengineeredsolutions.com\/wp-content\/uploads\/smp-logo.png","contentUrl":"https:\/\/www.a.smpengineeredsolutions.com\/wp-content\/uploads\/smp-logo.png","width":264,"height":117,"caption":"SMP\u00ae Engineered Solutions"},"image":{"@id":"https:\/\/www._tcp.smpengineeredsolutions.com\/#\/schema\/logo\/image\/"},"sameAs":["https:\/\/www.youtube.com\/@StandardMotorProductsInc","https:\/\/www.linkedin.com\/company\/standard-motor-products"]}]}},"_links":{"self":[{"href":"https:\/\/www.smpengineeredsolutions.com\/de\/wp-json\/wp\/v2\/pages\/4662","targetHints":{"allow":["GET"]}}],"collection":[{"href":"https:\/\/www.smpengineeredsolutions.com\/de\/wp-json\/wp\/v2\/pages"}],"about":[{"href":"https:\/\/www.smpengineeredsolutions.com\/de\/wp-json\/wp\/v2\/types\/page"}],"author":[{"embeddable":true,"href":"https:\/\/www.smpengineeredsolutions.com\/de\/wp-json\/wp\/v2\/users\/27"}],"replies":[{"embeddable":true,"href":"https:\/\/www.smpengineeredsolutions.com\/de\/wp-json\/wp\/v2\/comments?post=4662"}],"version-history":[{"count":1,"href":"https:\/\/www.smpengineeredsolutions.com\/de\/wp-json\/wp\/v2\/pages\/4662\/revisions"}],"predecessor-version":[{"id":7885,"href":"https:\/\/www.smpengineeredsolutions.com\/de\/wp-json\/wp\/v2\/pages\/4662\/revisions\/7885"}],"up":[{"embeddable":true,"href":"https:\/\/www.smpengineeredsolutions.com\/de\/wp-json\/wp\/v2\/pages\/6457"}],"wp:attachment":[{"href":"https:\/\/www.smpengineeredsolutions.com\/de\/wp-json\/wp\/v2\/media?parent=4662"}],"curies":[{"name":"wp","href":"https:\/\/api.w.org\/{rel}","templated":true}]}}