{"id":4655,"date":"2023-01-09T11:22:07","date_gmt":"2023-01-09T16:22:07","guid":{"rendered":"https:\/\/smpengineeredsolutions.com\/?page_id=4655"},"modified":"2025-02-25T13:20:24","modified_gmt":"2025-02-25T18:20:24","slug":"riemenantrieb","status":"publish","type":"page","link":"https:\/\/www.smpengineeredsolutions.com\/de\/produkte\/thermomanagement\/kompressoren\/riemenantrieb\/","title":{"rendered":"Kompressoren mit Riemenantrieb"},"content":{"rendered":"<p>Der Kompressor der Klimaanlage ist das Herzst\u00fcck des K\u00fchlsystems und fungiert als Ansaug-, Kompressions- und Umw\u00e4lzpumpe. Der Kompressor kann als Schnittstelle zwischen der Niederdruckseite und der Hochdruckseite des K\u00e4ltemittelkreislaufs betrachtet werden. Das K\u00e4ltemittel wird von der Niederdruckseite angesaugt und verdichtet, um die Temperatur und den Druck zu erh\u00f6hen, und dann in die Hochdruckseite gepumpt, um sich hin und her zu bewegen.<\/p>\n<p>SMP stellt Kompressoren mit Riemenantrieb her:<\/p>\n<ul>\n<li>Taumelscheibe mit variabler Verdr\u00e4ngung<\/li>\n<li>Taumelscheibe mit fester Verdr\u00e4ngung<\/li>\n<li>Schneckengang-, feste oder variable Steuerung<\/li>\n<\/ul>\n","protected":false},"excerpt":{"rendered":"<p>Der Kompressor der Klimaanlage ist das Herzst\u00fcck des K\u00fchlsystems und fungiert als Ansaug-, Kompressions- und Umw\u00e4lzpumpe. Der Kompressor kann als Schnittstelle zwischen der Niederdruckseite und der Hochdruckseite des K\u00e4ltemittelkreislaufs betrachtet werden. Das K\u00e4ltemittel wird von der Niederdruckseite angesaugt und verdichtet, um die Temperatur und den Druck zu erh\u00f6hen, und dann in die Hochdruckseite gepumpt, um&#8230; [&#8230;]<\/p>\n<p><a class=\"btn btn-secondary understrap-read-more-link\" href=\"https:\/\/www.smpengineeredsolutions.com\/de\/produkte\/thermomanagement\/kompressoren\/riemenantrieb\/\">Weiterlesen&#8230;<\/a><\/p>\n","protected":false},"author":27,"featured_media":0,"parent":4653,"menu_order":0,"comment_status":"closed","ping_status":"closed","template":"page-templates\/destination-content.php","meta":{"_acf_changed":false,"inline_featured_image":false,"footnotes":""},"class_list":["post-4655","page","type-page","status-publish","hentry"],"featured_image_src":null,"acf":[],"yoast_head":"<!-- This site is optimized with the Yoast SEO Premium plugin v27.5 (Yoast SEO v27.5) - https:\/\/yoast.com\/product\/yoast-seo-premium-wordpress\/ -->\n<title>Kompressoren mit Riemenantrieb | Standard Motor Products, Inc.<\/title>\n<meta name=\"description\" content=\"Entdecken Sie die riemengetriebenen Kompressoren von Standard Motors Product, Inc. - Hochwertige und kosteng\u00fcnstige Produkte f\u00fcr Ihre Anwendungen und Industrie.\" \/>\n<meta name=\"robots\" content=\"index, follow, max-snippet:-1, max-image-preview:large, max-video-preview:-1\" \/>\n<link rel=\"canonical\" href=\"https:\/\/www.smpengineeredsolutions.com\/de\/produkte\/thermomanagement\/kompressoren\/riemenantrieb\/\" \/>\n<meta property=\"og:locale\" content=\"de_DE\" \/>\n<meta property=\"og:type\" content=\"article\" \/>\n<meta property=\"og:title\" content=\"Kompressoren mit Riemenantrieb\" \/>\n<meta property=\"og:description\" content=\"Entdecken Sie die riemengetriebenen Kompressoren von Standard Motors Product, Inc. - Hochwertige und kosteng\u00fcnstige Produkte f\u00fcr Ihre Anwendungen und Industrie.\" \/>\n<meta property=\"og:url\" content=\"https:\/\/www.smpengineeredsolutions.com\/de\/produkte\/thermomanagement\/kompressoren\/riemenantrieb\/\" \/>\n<meta property=\"og:site_name\" content=\"Standard Motor Products, Inc.\" \/>\n<meta property=\"article:modified_time\" content=\"2025-02-25T18:20:24+00:00\" \/>\n<meta name=\"twitter:label1\" content=\"Gesch\u00e4tzte Lesezeit\" \/>\n\t<meta name=\"twitter:data1\" content=\"1\u00a0Minute\" \/>\n<script type=\"application\/ld+json\" class=\"yoast-schema-graph\">{\"@context\":\"https:\\\/\\\/schema.org\",\"@graph\":[{\"@type\":\"WebPage\",\"@id\":\"https:\\\/\\\/www.smpengineeredsolutions.com\\\/de\\\/produkte\\\/thermomanagement\\\/kompressoren\\\/riemenantrieb\\\/\",\"url\":\"https:\\\/\\\/www.smpengineeredsolutions.com\\\/de\\\/produkte\\\/thermomanagement\\\/kompressoren\\\/riemenantrieb\\\/\",\"name\":\"Kompressoren mit Riemenantrieb | Standard Motor Products, Inc.\",\"isPartOf\":{\"@id\":\"https:\\\/\\\/www.smpengineeredsolutions.com\\\/de\\\/#website\"},\"datePublished\":\"2023-01-09T16:22:07+00:00\",\"dateModified\":\"2025-02-25T18:20:24+00:00\",\"description\":\"Entdecken Sie die riemengetriebenen Kompressoren von Standard Motors Product, Inc. - Hochwertige und kosteng\u00fcnstige Produkte f\u00fcr Ihre Anwendungen und Industrie.\",\"breadcrumb\":{\"@id\":\"https:\\\/\\\/www.smpengineeredsolutions.com\\\/de\\\/produkte\\\/thermomanagement\\\/kompressoren\\\/riemenantrieb\\\/#breadcrumb\"},\"inLanguage\":\"de\",\"potentialAction\":[{\"@type\":\"ReadAction\",\"target\":[\"https:\\\/\\\/www.smpengineeredsolutions.com\\\/de\\\/produkte\\\/thermomanagement\\\/kompressoren\\\/riemenantrieb\\\/\"]}]},{\"@type\":\"BreadcrumbList\",\"@id\":\"https:\\\/\\\/www.smpengineeredsolutions.com\\\/de\\\/produkte\\\/thermomanagement\\\/kompressoren\\\/riemenantrieb\\\/#breadcrumb\",\"itemListElement\":[{\"@type\":\"ListItem\",\"position\":1,\"name\":\"Home\",\"item\":\"https:\\\/\\\/www.smpengineeredsolutions.com\\\/de\\\/\"},{\"@type\":\"ListItem\",\"position\":2,\"name\":\"Produkte\",\"item\":\"https:\\\/\\\/www.af63878a-61a4-44d4-a3f9-8118d911569f.smpengineeredsolutions.com\\\/de\\\/produkte\\\/\"},{\"@type\":\"ListItem\",\"position\":3,\"name\":\"Thermomanagement\",\"item\":\"https:\\\/\\\/www._msrps._tcp.smpengineeredsolutions.com\\\/de\\\/produkte\\\/thermomanagement\\\/\"},{\"@type\":\"ListItem\",\"position\":4,\"name\":\"Kompressoren\",\"item\":\"https:\\\/\\\/www._msrps._tcp.smpengineeredsolutions.com\\\/de\\\/produkte\\\/thermomanagement\\\/kompressoren\\\/\"},{\"@type\":\"ListItem\",\"position\":5,\"name\":\"Kompressoren mit Riemenantrieb\"}]},{\"@type\":\"WebSite\",\"@id\":\"https:\\\/\\\/www.smpengineeredsolutions.com\\\/de\\\/#website\",\"url\":\"https:\\\/\\\/www.smpengineeredsolutions.com\\\/de\\\/\",\"name\":\"Standard Motor Products, Inc.\",\"description\":\"\",\"publisher\":{\"@id\":\"https:\\\/\\\/www.smpengineeredsolutions.com\\\/de\\\/#organization\"},\"potentialAction\":[{\"@type\":\"SearchAction\",\"target\":{\"@type\":\"EntryPoint\",\"urlTemplate\":\"https:\\\/\\\/www.smpengineeredsolutions.com\\\/de\\\/?s={search_term_string}\"},\"query-input\":{\"@type\":\"PropertyValueSpecification\",\"valueRequired\":true,\"valueName\":\"search_term_string\"}}],\"inLanguage\":\"de\"},{\"@type\":\"Organization\",\"@id\":\"https:\\\/\\\/www.smpengineeredsolutions.com\\\/de\\\/#organization\",\"name\":\"SMP\u00ae Engineered Solutions\",\"url\":\"https:\\\/\\\/www.smpengineeredsolutions.com\\\/de\\\/\",\"logo\":{\"@type\":\"ImageObject\",\"inLanguage\":\"de\",\"@id\":\"https:\\\/\\\/www.smpengineeredsolutions.com\\\/de\\\/#\\\/schema\\\/logo\\\/image\\\/\",\"url\":\"https:\\\/\\\/www.a.smpengineeredsolutions.com\\\/wp-content\\\/uploads\\\/smp-logo.png\",\"contentUrl\":\"https:\\\/\\\/www.a.smpengineeredsolutions.com\\\/wp-content\\\/uploads\\\/smp-logo.png\",\"width\":264,\"height\":117,\"caption\":\"SMP\u00ae Engineered Solutions\"},\"image\":{\"@id\":\"https:\\\/\\\/www.smpengineeredsolutions.com\\\/de\\\/#\\\/schema\\\/logo\\\/image\\\/\"},\"sameAs\":[\"https:\\\/\\\/www.youtube.com\\\/@StandardMotorProductsInc\",\"https:\\\/\\\/www.linkedin.com\\\/company\\\/standard-motor-products\"]}]}<\/script>\n<!-- \/ Yoast SEO Premium plugin. -->","yoast_head_json":{"title":"Kompressoren mit Riemenantrieb | Standard Motor Products, Inc.","description":"Entdecken Sie die riemengetriebenen Kompressoren von Standard Motors Product, Inc. - Hochwertige und kosteng\u00fcnstige Produkte f\u00fcr Ihre Anwendungen und Industrie.","robots":{"index":"index","follow":"follow","max-snippet":"max-snippet:-1","max-image-preview":"max-image-preview:large","max-video-preview":"max-video-preview:-1"},"canonical":"https:\/\/www.smpengineeredsolutions.com\/de\/produkte\/thermomanagement\/kompressoren\/riemenantrieb\/","og_locale":"de_DE","og_type":"article","og_title":"Kompressoren mit Riemenantrieb","og_description":"Entdecken Sie die riemengetriebenen Kompressoren von Standard Motors Product, Inc. - Hochwertige und kosteng\u00fcnstige Produkte f\u00fcr Ihre Anwendungen und Industrie.","og_url":"https:\/\/www.smpengineeredsolutions.com\/de\/produkte\/thermomanagement\/kompressoren\/riemenantrieb\/","og_site_name":"Standard Motor Products, Inc.","article_modified_time":"2025-02-25T18:20:24+00:00","twitter_misc":{"Gesch\u00e4tzte Lesezeit":"1\u00a0Minute"},"schema":{"@context":"https:\/\/schema.org","@graph":[{"@type":"WebPage","@id":"https:\/\/www.smpengineeredsolutions.com\/de\/produkte\/thermomanagement\/kompressoren\/riemenantrieb\/","url":"https:\/\/www.smpengineeredsolutions.com\/de\/produkte\/thermomanagement\/kompressoren\/riemenantrieb\/","name":"Kompressoren mit Riemenantrieb | Standard Motor Products, Inc.","isPartOf":{"@id":"https:\/\/www.smpengineeredsolutions.com\/de\/#website"},"datePublished":"2023-01-09T16:22:07+00:00","dateModified":"2025-02-25T18:20:24+00:00","description":"Entdecken Sie die riemengetriebenen Kompressoren von Standard Motors Product, Inc. - Hochwertige und kosteng\u00fcnstige Produkte f\u00fcr Ihre Anwendungen und Industrie.","breadcrumb":{"@id":"https:\/\/www.smpengineeredsolutions.com\/de\/produkte\/thermomanagement\/kompressoren\/riemenantrieb\/#breadcrumb"},"inLanguage":"de","potentialAction":[{"@type":"ReadAction","target":["https:\/\/www.smpengineeredsolutions.com\/de\/produkte\/thermomanagement\/kompressoren\/riemenantrieb\/"]}]},{"@type":"BreadcrumbList","@id":"https:\/\/www.smpengineeredsolutions.com\/de\/produkte\/thermomanagement\/kompressoren\/riemenantrieb\/#breadcrumb","itemListElement":[{"@type":"ListItem","position":1,"name":"Home","item":"https:\/\/www.smpengineeredsolutions.com\/de\/"},{"@type":"ListItem","position":2,"name":"Produkte","item":"https:\/\/www.af63878a-61a4-44d4-a3f9-8118d911569f.smpengineeredsolutions.com\/de\/produkte\/"},{"@type":"ListItem","position":3,"name":"Thermomanagement","item":"https:\/\/www._msrps._tcp.smpengineeredsolutions.com\/de\/produkte\/thermomanagement\/"},{"@type":"ListItem","position":4,"name":"Kompressoren","item":"https:\/\/www._msrps._tcp.smpengineeredsolutions.com\/de\/produkte\/thermomanagement\/kompressoren\/"},{"@type":"ListItem","position":5,"name":"Kompressoren mit Riemenantrieb"}]},{"@type":"WebSite","@id":"https:\/\/www.smpengineeredsolutions.com\/de\/#website","url":"https:\/\/www.smpengineeredsolutions.com\/de\/","name":"Standard Motor Products, Inc.","description":"","publisher":{"@id":"https:\/\/www.smpengineeredsolutions.com\/de\/#organization"},"potentialAction":[{"@type":"SearchAction","target":{"@type":"EntryPoint","urlTemplate":"https:\/\/www.smpengineeredsolutions.com\/de\/?s={search_term_string}"},"query-input":{"@type":"PropertyValueSpecification","valueRequired":true,"valueName":"search_term_string"}}],"inLanguage":"de"},{"@type":"Organization","@id":"https:\/\/www.smpengineeredsolutions.com\/de\/#organization","name":"SMP\u00ae Engineered Solutions","url":"https:\/\/www.smpengineeredsolutions.com\/de\/","logo":{"@type":"ImageObject","inLanguage":"de","@id":"https:\/\/www.smpengineeredsolutions.com\/de\/#\/schema\/logo\/image\/","url":"https:\/\/www.a.smpengineeredsolutions.com\/wp-content\/uploads\/smp-logo.png","contentUrl":"https:\/\/www.a.smpengineeredsolutions.com\/wp-content\/uploads\/smp-logo.png","width":264,"height":117,"caption":"SMP\u00ae Engineered Solutions"},"image":{"@id":"https:\/\/www.smpengineeredsolutions.com\/de\/#\/schema\/logo\/image\/"},"sameAs":["https:\/\/www.youtube.com\/@StandardMotorProductsInc","https:\/\/www.linkedin.com\/company\/standard-motor-products"]}]}},"_links":{"self":[{"href":"https:\/\/www.smpengineeredsolutions.com\/de\/wp-json\/wp\/v2\/pages\/4655","targetHints":{"allow":["GET"]}}],"collection":[{"href":"https:\/\/www.smpengineeredsolutions.com\/de\/wp-json\/wp\/v2\/pages"}],"about":[{"href":"https:\/\/www.smpengineeredsolutions.com\/de\/wp-json\/wp\/v2\/types\/page"}],"author":[{"embeddable":true,"href":"https:\/\/www.smpengineeredsolutions.com\/de\/wp-json\/wp\/v2\/users\/27"}],"replies":[{"embeddable":true,"href":"https:\/\/www.smpengineeredsolutions.com\/de\/wp-json\/wp\/v2\/comments?post=4655"}],"version-history":[{"count":3,"href":"https:\/\/www.smpengineeredsolutions.com\/de\/wp-json\/wp\/v2\/pages\/4655\/revisions"}],"predecessor-version":[{"id":7768,"href":"https:\/\/www.smpengineeredsolutions.com\/de\/wp-json\/wp\/v2\/pages\/4655\/revisions\/7768"}],"up":[{"embeddable":true,"href":"https:\/\/www.smpengineeredsolutions.com\/de\/wp-json\/wp\/v2\/pages\/4653"}],"wp:attachment":[{"href":"https:\/\/www.smpengineeredsolutions.com\/de\/wp-json\/wp\/v2\/media?parent=4655"}],"curies":[{"name":"wp","href":"https:\/\/api.w.org\/{rel}","templated":true}]}}