{"id":4653,"date":"2023-01-09T11:11:29","date_gmt":"2023-01-09T16:11:29","guid":{"rendered":"https:\/\/smpengineeredsolutions.com\/?page_id=4653"},"modified":"2024-07-08T09:38:08","modified_gmt":"2024-07-08T13:38:08","slug":"kompressoren","status":"publish","type":"page","link":"https:\/\/www.smpengineeredsolutions.com\/de\/produkte\/thermomanagement\/kompressoren\/","title":{"rendered":"Kompressoren"},"content":{"rendered":"<div class=\"feature-img-right\"><a class=\"lightbox tse-remove-border\" href=\"\/wp-content\/uploads\/Line-7-compressor-bucket-page-DE.jpg\"><img decoding=\"async\" title=\"Kompressoren\" src=\"\/wp-content\/uploads\/Line-7-compressor-bucket-page-DE.jpg\" alt=\"Kompressoren\" width=\"400\" \/><\/a><\/div>\n<p><strong>Konfigurationen und Sonderanfertigungen<\/strong><br \/>\nUnsere Kompressorenprodukte sind in kundenspezifisch gestalteten Montage- und Installationskonfigurationen erh\u00e4ltlich. Wir bieten unseren Kunden die M\u00f6glichkeit, einen Kompressor auf ihren spezifischen Nebenantrieb abzustimmen, indem wir den Riemenscheibendurchmesser und die Riemenschnittstelle so gestalten, dass eine \u00fcberragende Kompressorleistung \u00fcber den gesamten Motordrehzahlbereich erreicht wird. Bei Bedarf kann ein elastomerer Kupplungsd\u00e4mpfer eingesetzt werden, um die Einkuppelger\u00e4usche zu verringern und die Dynamik des Nebenantriebs zu d\u00e4mpfen.<\/p>\n<p><strong>Technologie<\/strong><\/p>\n<ul>\n<li>TAUMELSCHEIBENVERDICHTER MIT FESTEM UND VARIABLEM HUBRAUM<\/li>\n<li>4-Zylinder-Radialverdichter mit festem Hubraum und Teflon-Kolbenringen<\/li>\n<li>6-Zylinder-Axialverdichter mit festem Hubraum, Taumelscheibe aus Stahl und Teflon-Kolbenringen<\/li>\n<li>10-Zylinder Axialverdichter mit festem Hubraum, Taumelscheibe aus Aluminium und Teflon-Kolbenringen<\/li>\n<li>10-Zylinder-Axialverdichter mit festem Hubraum, Taumelscheibe aus Aluminium und Kolben mit Teflonbeschichtung<\/li>\n<li>6- und 7-Zylinder Taumelscheibe mit variablem Hubraum, Taumelscheibe aus Bronze und Kolben mit Teflonbeschichtung<\/li>\n<\/ul>\n","protected":false},"excerpt":{"rendered":"<p>Konfigurationen und Sonderanfertigungen Unsere Kompressorenprodukte sind in kundenspezifisch gestalteten Montage- und Installationskonfigurationen erh\u00e4ltlich. Wir bieten unseren Kunden die M\u00f6glichkeit, einen Kompressor auf ihren spezifischen Nebenantrieb abzustimmen, indem wir den Riemenscheibendurchmesser und die Riemenschnittstelle so gestalten, dass eine \u00fcberragende Kompressorleistung \u00fcber den gesamten Motordrehzahlbereich erreicht wird. Bei Bedarf kann ein elastomerer Kupplungsd\u00e4mpfer eingesetzt werden, um die&#8230; [&#8230;]<\/p>\n<p><a class=\"btn btn-secondary understrap-read-more-link\" href=\"https:\/\/www.smpengineeredsolutions.com\/de\/produkte\/thermomanagement\/kompressoren\/\">Weiterlesen&#8230;<\/a><\/p>\n","protected":false},"author":27,"featured_media":0,"parent":6457,"menu_order":0,"comment_status":"closed","ping_status":"closed","template":"page-templates\/destination-bucket.php","meta":{"_acf_changed":false,"inline_featured_image":false,"footnotes":""},"class_list":["post-4653","page","type-page","status-publish","hentry"],"featured_image_src":null,"acf":[],"yoast_head":"<!-- This site is optimized with the Yoast SEO Premium plugin v27.4 (Yoast SEO v27.4) - https:\/\/yoast.com\/product\/yoast-seo-premium-wordpress\/ -->\n<title>Kompressoren - Standard Motor Products, Inc.<\/title>\n<meta name=\"description\" content=\"Entdecken Sie die Kompressoren von Standard Motors Product, Inc. - Hochwertige und kosteng\u00fcnstige Kompressoren f\u00fcr Ihre Anwendungen und Industrie.\" \/>\n<meta name=\"robots\" content=\"index, follow, max-snippet:-1, max-image-preview:large, max-video-preview:-1\" \/>\n<link rel=\"canonical\" href=\"https:\/\/www.smpengineeredsolutions.com\/de\/produkte\/thermomanagement\/kompressoren\/\" \/>\n<meta property=\"og:locale\" content=\"de_DE\" \/>\n<meta property=\"og:type\" content=\"article\" \/>\n<meta property=\"og:title\" content=\"Kompressoren\" \/>\n<meta property=\"og:description\" content=\"Entdecken Sie die Kompressoren von Standard Motors Product, Inc. - Hochwertige und kosteng\u00fcnstige Kompressoren f\u00fcr Ihre Anwendungen und Industrie.\" \/>\n<meta property=\"og:url\" content=\"https:\/\/www.smpengineeredsolutions.com\/de\/produkte\/thermomanagement\/kompressoren\/\" \/>\n<meta property=\"og:site_name\" content=\"Standard Motor Products, Inc.\" \/>\n<meta property=\"article:modified_time\" content=\"2024-07-08T13:38:08+00:00\" \/>\n<meta name=\"twitter:label1\" content=\"Gesch\u00e4tzte Lesezeit\" \/>\n\t<meta name=\"twitter:data1\" content=\"1\u00a0Minute\" \/>\n<script type=\"application\/ld+json\" class=\"yoast-schema-graph\">{\"@context\":\"https:\\\/\\\/schema.org\",\"@graph\":[{\"@type\":\"WebPage\",\"@id\":\"https:\\\/\\\/www.smpengineeredsolutions.com\\\/de\\\/produkte\\\/thermomanagement\\\/kompressoren\\\/\",\"url\":\"https:\\\/\\\/www.smpengineeredsolutions.com\\\/de\\\/produkte\\\/thermomanagement\\\/kompressoren\\\/\",\"name\":\"Kompressoren - Standard Motor Products, Inc.\",\"isPartOf\":{\"@id\":\"https:\\\/\\\/www._tcp.smpengineeredsolutions.com\\\/#website\"},\"datePublished\":\"2023-01-09T16:11:29+00:00\",\"dateModified\":\"2024-07-08T13:38:08+00:00\",\"description\":\"Entdecken Sie die Kompressoren von Standard Motors Product, Inc. - Hochwertige und kosteng\u00fcnstige Kompressoren f\u00fcr Ihre Anwendungen und Industrie.\",\"breadcrumb\":{\"@id\":\"https:\\\/\\\/www.smpengineeredsolutions.com\\\/de\\\/produkte\\\/thermomanagement\\\/kompressoren\\\/#breadcrumb\"},\"inLanguage\":\"de\",\"potentialAction\":[{\"@type\":\"ReadAction\",\"target\":[\"https:\\\/\\\/www.smpengineeredsolutions.com\\\/de\\\/produkte\\\/thermomanagement\\\/kompressoren\\\/\"]}]},{\"@type\":\"BreadcrumbList\",\"@id\":\"https:\\\/\\\/www.smpengineeredsolutions.com\\\/de\\\/produkte\\\/thermomanagement\\\/kompressoren\\\/#breadcrumb\",\"itemListElement\":[{\"@type\":\"ListItem\",\"position\":1,\"name\":\"Home\",\"item\":\"https:\\\/\\\/www.smpengineeredsolutions.com\\\/de\\\/\"},{\"@type\":\"ListItem\",\"position\":2,\"name\":\"Produkte\",\"item\":\"https:\\\/\\\/www.smpengineeredsolutions.com\\\/de\\\/produkte\\\/\"},{\"@type\":\"ListItem\",\"position\":3,\"name\":\"Thermomanagement\",\"item\":\"https:\\\/\\\/www.smpengineeredsolutions.com\\\/de\\\/produkte\\\/thermomanagement\\\/\"},{\"@type\":\"ListItem\",\"position\":4,\"name\":\"Kompressoren\"}]},{\"@type\":\"WebSite\",\"@id\":\"https:\\\/\\\/www._tcp.smpengineeredsolutions.com\\\/#website\",\"url\":\"https:\\\/\\\/www._tcp.smpengineeredsolutions.com\\\/\",\"name\":\"Standard Motor Products, Inc.\",\"description\":\"\",\"publisher\":{\"@id\":\"https:\\\/\\\/www._tcp.smpengineeredsolutions.com\\\/#organization\"},\"potentialAction\":[{\"@type\":\"SearchAction\",\"target\":{\"@type\":\"EntryPoint\",\"urlTemplate\":\"https:\\\/\\\/www._tcp.smpengineeredsolutions.com\\\/?s={search_term_string}\"},\"query-input\":{\"@type\":\"PropertyValueSpecification\",\"valueRequired\":true,\"valueName\":\"search_term_string\"}}],\"inLanguage\":\"de\"},{\"@type\":\"Organization\",\"@id\":\"https:\\\/\\\/www._tcp.smpengineeredsolutions.com\\\/#organization\",\"name\":\"SMP\u00ae Engineered Solutions\",\"url\":\"https:\\\/\\\/www._tcp.smpengineeredsolutions.com\\\/\",\"logo\":{\"@type\":\"ImageObject\",\"inLanguage\":\"de\",\"@id\":\"https:\\\/\\\/www._tcp.smpengineeredsolutions.com\\\/#\\\/schema\\\/logo\\\/image\\\/\",\"url\":\"https:\\\/\\\/www.a.smpengineeredsolutions.com\\\/wp-content\\\/uploads\\\/smp-logo.png\",\"contentUrl\":\"https:\\\/\\\/www.a.smpengineeredsolutions.com\\\/wp-content\\\/uploads\\\/smp-logo.png\",\"width\":264,\"height\":117,\"caption\":\"SMP\u00ae Engineered Solutions\"},\"image\":{\"@id\":\"https:\\\/\\\/www._tcp.smpengineeredsolutions.com\\\/#\\\/schema\\\/logo\\\/image\\\/\"},\"sameAs\":[\"https:\\\/\\\/www.youtube.com\\\/@StandardMotorProductsInc\",\"https:\\\/\\\/www.linkedin.com\\\/company\\\/standard-motor-products\"]}]}<\/script>\n<!-- \/ Yoast SEO Premium plugin. -->","yoast_head_json":{"title":"Kompressoren - Standard Motor Products, Inc.","description":"Entdecken Sie die Kompressoren von Standard Motors Product, Inc. - Hochwertige und kosteng\u00fcnstige Kompressoren f\u00fcr Ihre Anwendungen und Industrie.","robots":{"index":"index","follow":"follow","max-snippet":"max-snippet:-1","max-image-preview":"max-image-preview:large","max-video-preview":"max-video-preview:-1"},"canonical":"https:\/\/www.smpengineeredsolutions.com\/de\/produkte\/thermomanagement\/kompressoren\/","og_locale":"de_DE","og_type":"article","og_title":"Kompressoren","og_description":"Entdecken Sie die Kompressoren von Standard Motors Product, Inc. - Hochwertige und kosteng\u00fcnstige Kompressoren f\u00fcr Ihre Anwendungen und Industrie.","og_url":"https:\/\/www.smpengineeredsolutions.com\/de\/produkte\/thermomanagement\/kompressoren\/","og_site_name":"Standard Motor Products, Inc.","article_modified_time":"2024-07-08T13:38:08+00:00","twitter_misc":{"Gesch\u00e4tzte Lesezeit":"1\u00a0Minute"},"schema":{"@context":"https:\/\/schema.org","@graph":[{"@type":"WebPage","@id":"https:\/\/www.smpengineeredsolutions.com\/de\/produkte\/thermomanagement\/kompressoren\/","url":"https:\/\/www.smpengineeredsolutions.com\/de\/produkte\/thermomanagement\/kompressoren\/","name":"Kompressoren - Standard Motor Products, Inc.","isPartOf":{"@id":"https:\/\/www._tcp.smpengineeredsolutions.com\/#website"},"datePublished":"2023-01-09T16:11:29+00:00","dateModified":"2024-07-08T13:38:08+00:00","description":"Entdecken Sie die Kompressoren von Standard Motors Product, Inc. - Hochwertige und kosteng\u00fcnstige Kompressoren f\u00fcr Ihre Anwendungen und Industrie.","breadcrumb":{"@id":"https:\/\/www.smpengineeredsolutions.com\/de\/produkte\/thermomanagement\/kompressoren\/#breadcrumb"},"inLanguage":"de","potentialAction":[{"@type":"ReadAction","target":["https:\/\/www.smpengineeredsolutions.com\/de\/produkte\/thermomanagement\/kompressoren\/"]}]},{"@type":"BreadcrumbList","@id":"https:\/\/www.smpengineeredsolutions.com\/de\/produkte\/thermomanagement\/kompressoren\/#breadcrumb","itemListElement":[{"@type":"ListItem","position":1,"name":"Home","item":"https:\/\/www.smpengineeredsolutions.com\/de\/"},{"@type":"ListItem","position":2,"name":"Produkte","item":"https:\/\/www.smpengineeredsolutions.com\/de\/produkte\/"},{"@type":"ListItem","position":3,"name":"Thermomanagement","item":"https:\/\/www.smpengineeredsolutions.com\/de\/produkte\/thermomanagement\/"},{"@type":"ListItem","position":4,"name":"Kompressoren"}]},{"@type":"WebSite","@id":"https:\/\/www._tcp.smpengineeredsolutions.com\/#website","url":"https:\/\/www._tcp.smpengineeredsolutions.com\/","name":"Standard Motor Products, Inc.","description":"","publisher":{"@id":"https:\/\/www._tcp.smpengineeredsolutions.com\/#organization"},"potentialAction":[{"@type":"SearchAction","target":{"@type":"EntryPoint","urlTemplate":"https:\/\/www._tcp.smpengineeredsolutions.com\/?s={search_term_string}"},"query-input":{"@type":"PropertyValueSpecification","valueRequired":true,"valueName":"search_term_string"}}],"inLanguage":"de"},{"@type":"Organization","@id":"https:\/\/www._tcp.smpengineeredsolutions.com\/#organization","name":"SMP\u00ae Engineered Solutions","url":"https:\/\/www._tcp.smpengineeredsolutions.com\/","logo":{"@type":"ImageObject","inLanguage":"de","@id":"https:\/\/www._tcp.smpengineeredsolutions.com\/#\/schema\/logo\/image\/","url":"https:\/\/www.a.smpengineeredsolutions.com\/wp-content\/uploads\/smp-logo.png","contentUrl":"https:\/\/www.a.smpengineeredsolutions.com\/wp-content\/uploads\/smp-logo.png","width":264,"height":117,"caption":"SMP\u00ae Engineered Solutions"},"image":{"@id":"https:\/\/www._tcp.smpengineeredsolutions.com\/#\/schema\/logo\/image\/"},"sameAs":["https:\/\/www.youtube.com\/@StandardMotorProductsInc","https:\/\/www.linkedin.com\/company\/standard-motor-products"]}]}},"_links":{"self":[{"href":"https:\/\/www.smpengineeredsolutions.com\/de\/wp-json\/wp\/v2\/pages\/4653","targetHints":{"allow":["GET"]}}],"collection":[{"href":"https:\/\/www.smpengineeredsolutions.com\/de\/wp-json\/wp\/v2\/pages"}],"about":[{"href":"https:\/\/www.smpengineeredsolutions.com\/de\/wp-json\/wp\/v2\/types\/page"}],"author":[{"embeddable":true,"href":"https:\/\/www.smpengineeredsolutions.com\/de\/wp-json\/wp\/v2\/users\/27"}],"replies":[{"embeddable":true,"href":"https:\/\/www.smpengineeredsolutions.com\/de\/wp-json\/wp\/v2\/comments?post=4653"}],"version-history":[{"count":1,"href":"https:\/\/www.smpengineeredsolutions.com\/de\/wp-json\/wp\/v2\/pages\/4653\/revisions"}],"predecessor-version":[{"id":6936,"href":"https:\/\/www.smpengineeredsolutions.com\/de\/wp-json\/wp\/v2\/pages\/4653\/revisions\/6936"}],"up":[{"embeddable":true,"href":"https:\/\/www.smpengineeredsolutions.com\/de\/wp-json\/wp\/v2\/pages\/6457"}],"wp:attachment":[{"href":"https:\/\/www.smpengineeredsolutions.com\/de\/wp-json\/wp\/v2\/media?parent=4653"}],"curies":[{"name":"wp","href":"https:\/\/api.w.org\/{rel}","templated":true}]}}