{"id":4645,"date":"2023-01-09T07:16:13","date_gmt":"2023-01-09T12:16:13","guid":{"rendered":"https:\/\/smpengineeredsolutions.com\/?page_id=4645"},"modified":"2024-08-29T11:13:56","modified_gmt":"2024-08-29T15:13:56","slug":"ueber-uns","status":"publish","type":"page","link":"https:\/\/www.smpengineeredsolutions.com\/de\/ueber-uns\/","title":{"rendered":"\u00dcber uns"},"content":{"rendered":"<p>SMP<sup>\u00ae<\/sup> Engineered Solutions ist der f\u00fchrende Anbieter von kundenspezifisch anpassbaren L\u00f6sungen f\u00fcr Fahrzeugsteuerungs- und W\u00e4rmemanagementprodukte. Das bedeutet, dass wir ein umfangreiches Portfolio an anpassungsf\u00e4higen Produkten anbieten, um eine wachsende Bandbreite an Anwendungen abzudecken.<\/p>\n<p><a class=\"lightbox\" href=\"\/wp-content\/uploads\/About-Us-2-4-23-1536x898-DE.jpg\"><img loading=\"lazy\" decoding=\"async\" class=\"aligncenter wp-image-6053 size-full\" title=\"SMP Engineered Solutions Markets\" src=\"\/wp-content\/uploads\/About-Us-2-4-23-1536x898-DE.jpg\" alt=\"\u00dcber uns\" width=\"1536\" height=\"898\" \/><\/a><\/p>\n<p>SMP<sup>\u00ae<\/sup> Engineered Solutions wird durch ein globales Netzwerk an Ressourcen unterst\u00fctzt, das strategisch positioniert ist, um einzigartige L\u00f6sungen f\u00fcr einen breiten Kundenstamm zu bieten. Wir bedienen das On-Highway-Segment, insbesondere die M\u00e4rkte f\u00fcr Nutzfahrzeuge und leichte Nischenfahrzeuge. Engineered Solutions unterst\u00fctzt auch den Off-Highway-Kanal, einschlie\u00dflich Landwirtschaft und Bauwesen, Powersport, Hydraulik und Industrie sowie Motorger\u00e4te f\u00fcr den Au\u00dfenbereich. Innerhalb dieser M\u00e4rkte konzentriert sich Engineered Solutions auf die folgenden Kernproduktgruppen:<\/p>\n<ul>\n<li><a href=\"\/de\/produkte\/thermomanagement\/\">Thermisches Management<\/a><\/li>\n<li><a href=\"\/de\/produkte\/sensoren\/\">Sensoren<\/a><\/li>\n<li><a href=\"\/de\/produkte\/schalter\/\">Schalter<\/a><\/li>\n<li><a href=\"\/de\/produkte\/leistungsverteiler\/\">Stromverteilung<\/a><\/li>\n<li><a href=\"\/de\/produkte\/elektrifizierung-und-elektronik\/\">Elektrifizierung und Elektronik<\/a><\/li>\n<li><a href=\"\/de\/produkte\/einspritzung-und-kraftstoffversorgung\/\">Einspritzung und Kraftstoffzufuhr<\/a><\/li>\n<li><a href=\"\/de\/produkte\/zuendung-und-abgasreinigung\/\">Z\u00fcndung und Emissionen<\/a><\/li>\n<li><a href=\"\/de\/produkte\/schellen\/\">Schellenl\u00f6sungen<\/a><\/li>\n<\/ul>\n<p>Engineered Solutions ist ein wichtiges Segment der Marktprogramme von Standard Motor Products und umfasst Qualit\u00e4tsprodukte, die \u00fcber unsere Marken SMP Trombetta<sup>\u00ae<\/sup> und SMP Stabil<sup>\u00ae<\/sup> vertrieben werden. Fortschrittliche Technik, fachkundige, kundenspezifische Fertigung und Pr\u00fcfung sind die Hauptmerkmale von SMP\u00ae Engineered Solutions. In der Tat f\u00fchren unsere Ingenieure strenge Labor- und Praxistests durch, einschlie\u00dflich Pr\u00e4zisionspr\u00fcfungen, Messungen und Produktvalidierungen, Umweltanalysen, Fertigungsendpr\u00fcfungen und Live-Tests am Fahrzeug. Wir unternehmen diese au\u00dfergew\u00f6hnlichen Schritte, um sicherzustellen, dass jedes Teil von Engineered Solutions einwandfrei funktioniert und lange h\u00e4lt.<\/p>\n<p>Die fortschrittlichen Anlagen von SMP<sup>\u00ae<\/sup> Engineered Solutions, mit Standorten in ganz Nordamerika und weltweit, verf\u00fcgen \u00fcber die neuesten IATF 16949-, ISO 9001- und ISO 14001-Zertifizierungen, die unser Engagement f\u00fcr Qualit\u00e4t und Nachhaltigkeit weiter untermauern.<\/p>\n<p>SMP hat seit mehr als einem Jahrhundert eine nachgewiesene Erfolgsbilanz bei der Lieferung von Qualit\u00e4tsprodukten und Premium-Marken, fortschrittlicher Technik mit fachkundiger Herstellung \u2013 vom Rohmaterial bis zur Fertigungsendpr\u00fcfung \u2013 und einer lang bew\u00e4hrten F\u00e4higkeit zur Anpassung an den technologischen Wandel. Vor allem aber steht SMP<sup>\u00ae<\/sup> Engineered Solutions f\u00fcr eine Verpflichtung zur Integrit\u00e4t.<\/p>\n","protected":false},"excerpt":{"rendered":"<p>SMP\u00ae Engineered Solutions ist der f\u00fchrende Anbieter von kundenspezifisch anpassbaren L\u00f6sungen f\u00fcr Fahrzeugsteuerungs- und W\u00e4rmemanagementprodukte. Das bedeutet, dass wir ein umfangreiches Portfolio an anpassungsf\u00e4higen Produkten anbieten, um eine wachsende Bandbreite an Anwendungen abzudecken. SMP\u00ae Engineered Solutions wird durch ein globales Netzwerk an Ressourcen unterst\u00fctzt, das strategisch positioniert ist, um einzigartige L\u00f6sungen f\u00fcr einen breiten Kundenstamm&#8230; [&#8230;]<\/p>\n<p><a class=\"btn btn-secondary understrap-read-more-link\" href=\"https:\/\/www.smpengineeredsolutions.com\/de\/ueber-uns\/\">Weiterlesen&#8230;<\/a><\/p>\n","protected":false},"author":27,"featured_media":0,"parent":0,"menu_order":0,"comment_status":"closed","ping_status":"closed","template":"page-templates\/destination-content.php","meta":{"_acf_changed":false,"inline_featured_image":false,"footnotes":""},"class_list":["post-4645","page","type-page","status-publish","hentry"],"featured_image_src":null,"acf":[],"yoast_head":"<!-- This site is optimized with the Yoast SEO Premium plugin v27.4 (Yoast SEO v27.4) - https:\/\/yoast.com\/product\/yoast-seo-premium-wordpress\/ -->\n<title>Erfahren Sie mehr \u00fcber uns | Standard Motor Products, Inc.<\/title>\n<meta name=\"description\" content=\"Erfahren Sie mehr \u00fcber SMP Engineered Solutions - Wir sind der f\u00fchrende Anbieter von anpassbaren L\u00f6sungen f\u00fcr Fahrzeugsteuerungs- und W\u00e4rmemanagementprodukte.\" \/>\n<meta name=\"robots\" content=\"index, follow, max-snippet:-1, max-image-preview:large, max-video-preview:-1\" \/>\n<link rel=\"canonical\" href=\"https:\/\/www.smpengineeredsolutions.com\/de\/ueber-uns\/\" \/>\n<meta property=\"og:locale\" content=\"de_DE\" \/>\n<meta property=\"og:type\" content=\"article\" \/>\n<meta property=\"og:title\" content=\"\u00dcber uns\" \/>\n<meta property=\"og:description\" content=\"Erfahren Sie mehr \u00fcber SMP Engineered Solutions - Wir sind der f\u00fchrende Anbieter von anpassbaren L\u00f6sungen f\u00fcr Fahrzeugsteuerungs- und W\u00e4rmemanagementprodukte.\" \/>\n<meta property=\"og:url\" content=\"https:\/\/www.smpengineeredsolutions.com\/de\/ueber-uns\/\" \/>\n<meta property=\"og:site_name\" content=\"Standard Motor Products, Inc.\" \/>\n<meta property=\"article:modified_time\" content=\"2024-08-29T15:13:56+00:00\" \/>\n<meta name=\"twitter:label1\" content=\"Gesch\u00e4tzte Lesezeit\" \/>\n\t<meta name=\"twitter:data1\" content=\"2\u00a0Minuten\" \/>\n<script type=\"application\/ld+json\" class=\"yoast-schema-graph\">{\"@context\":\"https:\\\/\\\/schema.org\",\"@graph\":[{\"@type\":\"WebPage\",\"@id\":\"https:\\\/\\\/www.smpengineeredsolutions.com\\\/de\\\/ueber-uns\\\/\",\"url\":\"https:\\\/\\\/www.smpengineeredsolutions.com\\\/de\\\/ueber-uns\\\/\",\"name\":\"Erfahren Sie mehr \u00fcber uns | Standard Motor Products, Inc.\",\"isPartOf\":{\"@id\":\"https:\\\/\\\/www._tcp.smpengineeredsolutions.com\\\/#website\"},\"datePublished\":\"2023-01-09T12:16:13+00:00\",\"dateModified\":\"2024-08-29T15:13:56+00:00\",\"description\":\"Erfahren Sie mehr \u00fcber SMP Engineered Solutions - Wir sind der f\u00fchrende Anbieter von anpassbaren L\u00f6sungen f\u00fcr Fahrzeugsteuerungs- und W\u00e4rmemanagementprodukte.\",\"breadcrumb\":{\"@id\":\"https:\\\/\\\/www.smpengineeredsolutions.com\\\/de\\\/ueber-uns\\\/#breadcrumb\"},\"inLanguage\":\"de\",\"potentialAction\":[{\"@type\":\"ReadAction\",\"target\":[\"https:\\\/\\\/www.smpengineeredsolutions.com\\\/de\\\/ueber-uns\\\/\"]}]},{\"@type\":\"BreadcrumbList\",\"@id\":\"https:\\\/\\\/www.smpengineeredsolutions.com\\\/de\\\/ueber-uns\\\/#breadcrumb\",\"itemListElement\":[{\"@type\":\"ListItem\",\"position\":1,\"name\":\"Home\",\"item\":\"https:\\\/\\\/www.smpengineeredsolutions.com\\\/de\\\/\"},{\"@type\":\"ListItem\",\"position\":2,\"name\":\"\u00dcber uns\"}]},{\"@type\":\"WebSite\",\"@id\":\"https:\\\/\\\/www._tcp.smpengineeredsolutions.com\\\/#website\",\"url\":\"https:\\\/\\\/www._tcp.smpengineeredsolutions.com\\\/\",\"name\":\"Standard Motor Products, Inc.\",\"description\":\"\",\"publisher\":{\"@id\":\"https:\\\/\\\/www._tcp.smpengineeredsolutions.com\\\/#organization\"},\"potentialAction\":[{\"@type\":\"SearchAction\",\"target\":{\"@type\":\"EntryPoint\",\"urlTemplate\":\"https:\\\/\\\/www._tcp.smpengineeredsolutions.com\\\/?s={search_term_string}\"},\"query-input\":{\"@type\":\"PropertyValueSpecification\",\"valueRequired\":true,\"valueName\":\"search_term_string\"}}],\"inLanguage\":\"de\"},{\"@type\":\"Organization\",\"@id\":\"https:\\\/\\\/www._tcp.smpengineeredsolutions.com\\\/#organization\",\"name\":\"SMP\u00ae Engineered Solutions\",\"url\":\"https:\\\/\\\/www._tcp.smpengineeredsolutions.com\\\/\",\"logo\":{\"@type\":\"ImageObject\",\"inLanguage\":\"de\",\"@id\":\"https:\\\/\\\/www._tcp.smpengineeredsolutions.com\\\/#\\\/schema\\\/logo\\\/image\\\/\",\"url\":\"https:\\\/\\\/www.a.smpengineeredsolutions.com\\\/wp-content\\\/uploads\\\/smp-logo.png\",\"contentUrl\":\"https:\\\/\\\/www.a.smpengineeredsolutions.com\\\/wp-content\\\/uploads\\\/smp-logo.png\",\"width\":264,\"height\":117,\"caption\":\"SMP\u00ae Engineered Solutions\"},\"image\":{\"@id\":\"https:\\\/\\\/www._tcp.smpengineeredsolutions.com\\\/#\\\/schema\\\/logo\\\/image\\\/\"},\"sameAs\":[\"https:\\\/\\\/www.youtube.com\\\/@StandardMotorProductsInc\",\"https:\\\/\\\/www.linkedin.com\\\/company\\\/standard-motor-products\"]}]}<\/script>\n<!-- \/ Yoast SEO Premium plugin. -->","yoast_head_json":{"title":"Erfahren Sie mehr \u00fcber uns | Standard Motor Products, Inc.","description":"Erfahren Sie mehr \u00fcber SMP Engineered Solutions - Wir sind der f\u00fchrende Anbieter von anpassbaren L\u00f6sungen f\u00fcr Fahrzeugsteuerungs- und W\u00e4rmemanagementprodukte.","robots":{"index":"index","follow":"follow","max-snippet":"max-snippet:-1","max-image-preview":"max-image-preview:large","max-video-preview":"max-video-preview:-1"},"canonical":"https:\/\/www.smpengineeredsolutions.com\/de\/ueber-uns\/","og_locale":"de_DE","og_type":"article","og_title":"\u00dcber uns","og_description":"Erfahren Sie mehr \u00fcber SMP Engineered Solutions - Wir sind der f\u00fchrende Anbieter von anpassbaren L\u00f6sungen f\u00fcr Fahrzeugsteuerungs- und W\u00e4rmemanagementprodukte.","og_url":"https:\/\/www.smpengineeredsolutions.com\/de\/ueber-uns\/","og_site_name":"Standard Motor Products, Inc.","article_modified_time":"2024-08-29T15:13:56+00:00","twitter_misc":{"Gesch\u00e4tzte Lesezeit":"2\u00a0Minuten"},"schema":{"@context":"https:\/\/schema.org","@graph":[{"@type":"WebPage","@id":"https:\/\/www.smpengineeredsolutions.com\/de\/ueber-uns\/","url":"https:\/\/www.smpengineeredsolutions.com\/de\/ueber-uns\/","name":"Erfahren Sie mehr \u00fcber uns | Standard Motor Products, Inc.","isPartOf":{"@id":"https:\/\/www._tcp.smpengineeredsolutions.com\/#website"},"datePublished":"2023-01-09T12:16:13+00:00","dateModified":"2024-08-29T15:13:56+00:00","description":"Erfahren Sie mehr \u00fcber SMP Engineered Solutions - Wir sind der f\u00fchrende Anbieter von anpassbaren L\u00f6sungen f\u00fcr Fahrzeugsteuerungs- und W\u00e4rmemanagementprodukte.","breadcrumb":{"@id":"https:\/\/www.smpengineeredsolutions.com\/de\/ueber-uns\/#breadcrumb"},"inLanguage":"de","potentialAction":[{"@type":"ReadAction","target":["https:\/\/www.smpengineeredsolutions.com\/de\/ueber-uns\/"]}]},{"@type":"BreadcrumbList","@id":"https:\/\/www.smpengineeredsolutions.com\/de\/ueber-uns\/#breadcrumb","itemListElement":[{"@type":"ListItem","position":1,"name":"Home","item":"https:\/\/www.smpengineeredsolutions.com\/de\/"},{"@type":"ListItem","position":2,"name":"\u00dcber uns"}]},{"@type":"WebSite","@id":"https:\/\/www._tcp.smpengineeredsolutions.com\/#website","url":"https:\/\/www._tcp.smpengineeredsolutions.com\/","name":"Standard Motor Products, Inc.","description":"","publisher":{"@id":"https:\/\/www._tcp.smpengineeredsolutions.com\/#organization"},"potentialAction":[{"@type":"SearchAction","target":{"@type":"EntryPoint","urlTemplate":"https:\/\/www._tcp.smpengineeredsolutions.com\/?s={search_term_string}"},"query-input":{"@type":"PropertyValueSpecification","valueRequired":true,"valueName":"search_term_string"}}],"inLanguage":"de"},{"@type":"Organization","@id":"https:\/\/www._tcp.smpengineeredsolutions.com\/#organization","name":"SMP\u00ae Engineered Solutions","url":"https:\/\/www._tcp.smpengineeredsolutions.com\/","logo":{"@type":"ImageObject","inLanguage":"de","@id":"https:\/\/www._tcp.smpengineeredsolutions.com\/#\/schema\/logo\/image\/","url":"https:\/\/www.a.smpengineeredsolutions.com\/wp-content\/uploads\/smp-logo.png","contentUrl":"https:\/\/www.a.smpengineeredsolutions.com\/wp-content\/uploads\/smp-logo.png","width":264,"height":117,"caption":"SMP\u00ae Engineered Solutions"},"image":{"@id":"https:\/\/www._tcp.smpengineeredsolutions.com\/#\/schema\/logo\/image\/"},"sameAs":["https:\/\/www.youtube.com\/@StandardMotorProductsInc","https:\/\/www.linkedin.com\/company\/standard-motor-products"]}]}},"_links":{"self":[{"href":"https:\/\/www.smpengineeredsolutions.com\/de\/wp-json\/wp\/v2\/pages\/4645","targetHints":{"allow":["GET"]}}],"collection":[{"href":"https:\/\/www.smpengineeredsolutions.com\/de\/wp-json\/wp\/v2\/pages"}],"about":[{"href":"https:\/\/www.smpengineeredsolutions.com\/de\/wp-json\/wp\/v2\/types\/page"}],"author":[{"embeddable":true,"href":"https:\/\/www.smpengineeredsolutions.com\/de\/wp-json\/wp\/v2\/users\/27"}],"replies":[{"embeddable":true,"href":"https:\/\/www.smpengineeredsolutions.com\/de\/wp-json\/wp\/v2\/comments?post=4645"}],"version-history":[{"count":1,"href":"https:\/\/www.smpengineeredsolutions.com\/de\/wp-json\/wp\/v2\/pages\/4645\/revisions"}],"predecessor-version":[{"id":7277,"href":"https:\/\/www.smpengineeredsolutions.com\/de\/wp-json\/wp\/v2\/pages\/4645\/revisions\/7277"}],"wp:attachment":[{"href":"https:\/\/www.smpengineeredsolutions.com\/de\/wp-json\/wp\/v2\/media?parent=4645"}],"curies":[{"name":"wp","href":"https:\/\/api.w.org\/{rel}","templated":true}]}}